{"id":4100,"date":"2024-01-17T10:21:52","date_gmt":"2024-01-17T07:21:52","guid":{"rendered":"https:\/\/www.avrasyadental.com\/?post_type=product&#038;p=4100"},"modified":"2025-05-21T16:45:46","modified_gmt":"2025-05-21T13:45:46","slug":"meta-metapaste-gecici-kanal-dolgu-pati-barium-sulfat","status":"publish","type":"product","link":"https:\/\/www.avrasyadental.com\/ar\/urun\/meta-metapaste-gecici-kanal-dolgu-pati-barium-sulfat\/","title":{"rendered":"Meta Metapaste Ge\u00e7ici Kanal Dolgu Pat\u0131 Barium S\u00fclfat"},"content":{"rendered":"<p>Metapaste, Baryum S\u00fclfat i\u00e7eren, suda \u00e7\u00f6z\u00fcnebilen, Kalsiyum Hidroksit bazl\u0131 bir ge\u00e7ici kanal dolgu materyalidir. \u00d6zel olarak haz\u0131rlanm\u0131\u015f ve \u015f\u0131r\u0131nga formundaki bu pasta, kullan\u0131ma haz\u0131r bir \u015fekilde sunulur. Tek kullan\u0131ml\u0131k u\u00e7lar, \u00e7apraz kontaminasyon riskini azaltarak hijyenik bir uygulama imkan\u0131 sa\u011flar.<\/p>\n<p>\u062a\u064f\u0641\u0636\u0644 \u0647\u0630\u0647 \u0627\u0644\u0645\u0627\u062f\u0629 \u0641\u064a \u0639\u0644\u0627\u062c \u0627\u0644\u0642\u0646\u0648\u0627\u062a \u0627\u0644\u0645\u0644\u062a\u0647\u0628\u0629\u060c \u0648\u062d\u0645\u0627\u064a\u0629 \u0627\u0644\u0644\u0628 \u0648\u0639\u0644\u0627\u062c \u0627\u0644\u0644\u0628 (\u0628\u0636\u0639 \u0627\u0644\u0644\u0628)\u060c \u0648\u062a\u062b\u0628\u064a\u062a \u0627\u0644\u0642\u0645\u0629 (\u062f\u0639\u0645 \u062a\u0643\u0648\u064a\u0646 \u0637\u0631\u0641 \u0627\u0644\u062c\u0630\u0631)\u060c \u0648\u0645\u0644\u0621 \u0627\u0644\u0642\u0646\u0627\u0629 \u0627\u0644\u0645\u0624\u0642\u062a\u060c \u0648\u0639\u0644\u0627\u062c \u0627\u0631\u062a\u0634\u0627\u0641 \u0627\u0644\u062c\u0630\u0631 \u0627\u0644\u062f\u0627\u062e\u0644\u064a \u0648\u0627\u0644\u062e\u0627\u0631\u062c\u064a. \u0628\u0641\u0636\u0644 \u0642\u0627\u0628\u0644\u064a\u062a\u0647 \u0644\u0644\u0630\u0648\u0628\u0627\u0646 \u0641\u064a \u0627\u0644\u0645\u0627\u0621\u060c \u064a\u0645\u0643\u0646 \u062a\u0646\u0638\u064a\u0641\u0647 \u0628\u0633\u0647\u0648\u0644\u0629 \u0648\u0633\u0631\u0639\u0629 \u0628\u0639\u062f \u0627\u0644\u0627\u0633\u062a\u062e\u062f\u0627\u0645.<\/p>\n<p>\u062a\u0642\u0644\u0644 \u0627\u0644\u062e\u0627\u0635\u064a\u0629 \u0627\u0644\u0645\u0645\u062a\u0627\u0632\u0629 \u0627\u0644\u0645\u0636\u0627\u062f\u0629 \u0644\u0644\u0628\u0643\u062a\u064a\u0631\u064a\u0627 \u0644\u0644\u0645\u0646\u062a\u062c \u0645\u0646 \u062e\u0637\u0631 \u0627\u0644\u0639\u062f\u0648\u0649 \u0641\u064a \u0627\u0644\u0645\u0646\u0637\u0642\u0629 \u0627\u0644\u0645\u0639\u0627\u0644\u062c\u0629. \u0628\u0627\u0644\u0625\u0636\u0627\u0641\u0629 \u0625\u0644\u0649 \u0630\u0644\u0643\u060c \u0648\u0628\u0641\u0636\u0644 \u062e\u0627\u0635\u064a\u0629 \u0627\u0644\u0638\u0644\u0627\u0644 \u0627\u0644\u0634\u0639\u0627\u0639\u064a\u0629 (\u062d\u062c\u0628 \u0627\u0644\u0623\u0634\u0639\u0629 \u0627\u0644\u0633\u064a\u0646\u064a\u0629)\u060c \u064a\u0645\u0643\u0646 \u0627\u0643\u062a\u0634\u0627\u0641\u0647\u0627 \u0628\u0633\u0647\u0648\u0644\u0629 \u0641\u064a \u0635\u0648\u0631 \u0627\u0644\u0623\u0634\u0639\u0629 \u0627\u0644\u0633\u064a\u0646\u064a\u0629\u060c \u0645\u0645\u0627 \u064a\u0633\u0647\u0644 \u0639\u0645\u0644\u064a\u0629 \u0627\u0644\u0639\u0644\u0627\u062c \u0648\u064a\u0633\u0627\u0639\u062f \u0641\u064a \u062a\u0642\u064a\u064a\u0645 \u0646\u062a\u0627\u0626\u062c \u0627\u0644\u0639\u0644\u0627\u062c.<\/p>","protected":false},"excerpt":{"rendered":"<p class=\"mds-font_body sps2-pdp_description--benefit\">Metapaste, Baryum S\u00fclfat i\u00e7eren, suda \u00e7\u00f6z\u00fcnebilen, Kalsiyum Hidroksit bazl\u0131 bir ge\u00e7ici kanal dolgu materyalidir. \u00d6zel olarak haz\u0131rlanm\u0131\u015f ve \u015f\u0131r\u0131nga formundaki bu pasta, kullan\u0131ma haz\u0131r bir \u015fekilde sunulur. Tek kullan\u0131ml\u0131k u\u00e7lar, \u00e7apraz kontaminasyon riskini azaltarak hijyenik bir uygulama imkan\u0131 sa\u011flar.<\/p>","protected":false},"featured_media":6189,"comment_status":"open","ping_status":"closed","template":"","meta":[],"product_brand":[],"product_cat":[1319,1323,1320],"product_tag":[1663,1536,1662],"class_list":{"0":"post-4100","1":"product","2":"type-product","3":"status-publish","4":"has-post-thumbnail","6":"product_cat-endodonti","7":"product_cat-gecici-dolgu","8":"product_cat-tedavi","9":"product_tag-gecici-kanal-dolgu","10":"product_tag-meta","11":"product_tag-metapaste","13":"first","14":"instock","15":"sale","16":"featured","17":"taxable","18":"shipping-taxable","19":"purchasable","20":"product-type-simple"},"_links":{"self":[{"href":"https:\/\/www.avrasyadental.com\/ar\/wp-json\/wp\/v2\/product\/4100","targetHints":{"allow":["GET"]}}],"collection":[{"href":"https:\/\/www.avrasyadental.com\/ar\/wp-json\/wp\/v2\/product"}],"about":[{"href":"https:\/\/www.avrasyadental.com\/ar\/wp-json\/wp\/v2\/types\/product"}],"replies":[{"embeddable":true,"href":"https:\/\/www.avrasyadental.com\/ar\/wp-json\/wp\/v2\/comments?post=4100"}],"wp:featuredmedia":[{"embeddable":true,"href":"https:\/\/www.avrasyadental.com\/ar\/wp-json\/wp\/v2\/media\/6189"}],"wp:attachment":[{"href":"https:\/\/www.avrasyadental.com\/ar\/wp-json\/wp\/v2\/media?parent=4100"}],"wp:term":[{"taxonomy":"product_brand","embeddable":true,"href":"https:\/\/www.avrasyadental.com\/ar\/wp-json\/wp\/v2\/product_brand?post=4100"},{"taxonomy":"product_cat","embeddable":true,"href":"https:\/\/www.avrasyadental.com\/ar\/wp-json\/wp\/v2\/product_cat?post=4100"},{"taxonomy":"product_tag","embeddable":true,"href":"https:\/\/www.avrasyadental.com\/ar\/wp-json\/wp\/v2\/product_tag?post=4100"}],"curies":[{"name":"wp","href":"https:\/\/api.w.org\/{rel}","templated":true}]}}