{"id":4198,"date":"2024-01-18T11:02:12","date_gmt":"2024-01-18T08:02:12","guid":{"rendered":"https:\/\/www.avrasyadental.com\/?post_type=product&#038;p=4198"},"modified":"2025-04-04T17:10:33","modified_gmt":"2025-04-04T14:10:33","slug":"cavex-cream-aljinat-olcu","status":"publish","type":"product","link":"https:\/\/www.avrasyadental.com\/ar\/urun\/cavex-cream-aljinat-olcu\/","title":{"rendered":"Cavex Cream Aljinat \u00d6l\u00e7\u00fc CA37"},"content":{"rendered":"<p>CAVEX CA37 \u0639\u0628\u0627\u0631\u0629 \u0639\u0646 \u0645\u0627\u062f\u0629 \u0627\u0646\u0637\u0628\u0627\u0639 \u0623\u0644\u062c\u064a\u0646\u0627\u062a \u0639\u0627\u0644\u064a\u0629 \u0627\u0644\u062c\u0648\u062f\u0629 \u062a\u0633\u062a\u062e\u062f\u0645 \u0641\u064a \u0637\u0628 \u0627\u0644\u0623\u0633\u0646\u0627\u0646. \u064a\u0639\u062f \u0647\u0630\u0627 \u0627\u0644\u0645\u0646\u062a\u062c \u062e\u064a\u0627\u0631\u064b\u0627 \u0645\u062b\u0627\u0644\u064a\u064b\u0627 \u0644\u0623\u062e\u0630 \u0642\u064a\u0627\u0633\u0627\u062a \u062a\u0641\u0635\u064a\u0644\u064a\u0629\u060c \u0648\u064a\u062a\u0645\u064a\u0632 \u0628\u0634\u0643\u0644 \u062e\u0627\u0635 \u0628\u0628\u0646\u064a\u062a\u0647 \u0627\u0644\u0645\u0631\u0646\u0629 \u0644\u0644\u063a\u0627\u064a\u0629 \u0648\u0645\u0642\u0627\u0648\u0645\u062a\u0647 \u0644\u0644\u062a\u0645\u0632\u0642. \u062a\u0648\u0641\u0631 \u062a\u0631\u0643\u064a\u0628\u0629 CAVEX CA37 \u0630\u0627\u062a \u0627\u0644\u0644\u0648\u0646 \u0627\u0644\u0648\u0631\u062f\u064a \u0648\u0646\u0643\u0647\u0629 \u0627\u0644\u0646\u0639\u0646\u0627\u0639 \u062a\u062c\u0631\u0628\u0629 \u0623\u0643\u062b\u0631 \u0645\u062a\u0639\u0629 \u0644\u0643\u0644 \u0645\u0646 \u0623\u0637\u0628\u0627\u0621 \u0627\u0644\u0623\u0633\u0646\u0627\u0646 \u0648\u0627\u0644\u0645\u0631\u0636\u0649.<\/p>\n<p>\u0648\u0645\u0646 \u0623\u0647\u0645 \u0645\u0645\u064a\u0632\u0627\u062a \u0647\u0630\u0647 \u0627\u0644\u0645\u0627\u062f\u0629 \u0642\u062f\u0631\u062a\u0647\u0627 \u0639\u0644\u0649 \u062a\u0648\u0641\u064a\u0631 \u0642\u064a\u0627\u0633\u0627\u062a \u062a\u0641\u0635\u064a\u0644\u064a\u0629 \u0644\u0627 \u062a\u0642\u0644 \u0639\u0646 50 \u0645\u064a\u0643\u0631\u0648\u0645\u062a\u0631\u064b\u0627. \u0648\u0647\u0630\u0627 \u0639\u0627\u0645\u0644 \u062d\u0627\u0633\u0645\u060c \u062e\u0627\u0635\u0629 \u0644\u0644\u0642\u064a\u0627\u0633 \u0627\u0644\u062f\u0642\u064a\u0642 \u0644\u0647\u064a\u0627\u0643\u0644 \u0627\u0644\u0623\u0633\u0646\u0627\u0646 \u0627\u0644\u0645\u0639\u0642\u062f\u0629 \u0648\u0627\u0644\u0645\u0633\u0627\u062d\u0627\u062a \u0627\u0644\u0636\u064a\u0642\u0629. \u064a\u062a\u0645\u062a\u0639 CAVEX CA37 \u0628\u0648\u0642\u062a \u062e\u0644\u0637 \u064a\u0628\u0644\u063a 30 \u062b\u0627\u0646\u064a\u0629\u060c \u0648\u0648\u0642\u062a \u0639\u0645\u0644 \u064a\u0628\u0644\u063a \u062f\u0642\u064a\u0642\u0629 \u0648\u0627\u062d\u062f\u0629 \u064830 \u062b\u0627\u0646\u064a\u0629\u060c \u0648\u0648\u0642\u062a \u0625\u0639\u062f\u0627\u062f \u0634\u0641\u0647\u064a \u064a\u0628\u0644\u063a \u062f\u0642\u064a\u0642\u0629 \u0648\u0627\u062d\u062f\u0629 \u064830 \u062b\u0627\u0646\u064a\u0629. \u062a\u0639\u0645\u0644 \u0623\u0648\u0642\u0627\u062a \u0627\u0644\u0645\u0639\u0627\u0644\u062c\u0629 \u0627\u0644\u0633\u0631\u064a\u0639\u0629 \u0647\u0630\u0647 \u0639\u0644\u0649 \u062a\u0633\u0631\u064a\u0639 \u0639\u0645\u0644\u064a\u0629 \u0627\u0644\u0639\u0644\u0627\u062c \u0648\u0632\u064a\u0627\u062f\u0629 \u0631\u0627\u062d\u0629 \u0627\u0644\u0645\u0631\u064a\u0636.<\/p>","protected":false},"excerpt":{"rendered":"<p>CAVEX CA37 \u0639\u0628\u0627\u0631\u0629 \u0639\u0646 \u0645\u0627\u062f\u0629 \u0627\u0646\u0637\u0628\u0627\u0639 \u0623\u0644\u062c\u064a\u0646\u0627\u062a \u0639\u0627\u0644\u064a\u0629 \u0627\u0644\u062c\u0648\u062f\u0629 \u062a\u0633\u062a\u062e\u062f\u0645 \u0641\u064a \u0637\u0628 \u0627\u0644\u0623\u0633\u0646\u0627\u0646. \u064a\u0639\u062f \u0647\u0630\u0627 \u0627\u0644\u0645\u0646\u062a\u062c \u062e\u064a\u0627\u0631\u064b\u0627 \u0645\u062b\u0627\u0644\u064a\u064b\u0627 \u0644\u0623\u062e\u0630 \u0642\u064a\u0627\u0633\u0627\u062a \u062a\u0641\u0635\u064a\u0644\u064a\u0629\u060c \u0648\u064a\u062a\u0645\u064a\u0632 \u0628\u0634\u0643\u0644 \u062e\u0627\u0635 \u0628\u0628\u0646\u064a\u062a\u0647 \u0627\u0644\u0645\u0631\u0646\u0629 \u0644\u0644\u063a\u0627\u064a\u0629 \u0648\u0645\u0642\u0627\u0648\u0645\u062a\u0647 \u0644\u0644\u062a\u0645\u0632\u0642. \u062a\u0648\u0641\u0631 \u062a\u0631\u0643\u064a\u0628\u0629 CAVEX CA37 \u0630\u0627\u062a \u0627\u0644\u0644\u0648\u0646 \u0627\u0644\u0648\u0631\u062f\u064a \u0648\u0646\u0643\u0647\u0629 \u0627\u0644\u0646\u0639\u0646\u0627\u0639 \u062a\u062c\u0631\u0628\u0629 \u0623\u0643\u062b\u0631 \u0645\u062a\u0639\u0629 \u0644\u0643\u0644 \u0645\u0646 \u0623\u0637\u0628\u0627\u0621 \u0627\u0644\u0623\u0633\u0646\u0627\u0646 \u0648\u0627\u0644\u0645\u0631\u0636\u0649.<\/p>","protected":false},"featured_media":5760,"comment_status":"open","ping_status":"closed","template":"","meta":[],"product_brand":[],"product_cat":[1377,1373,1347],"product_tag":[1561],"class_list":{"0":"post-4198","1":"product","2":"type-product","3":"status-publish","4":"has-post-thumbnail","6":"product_cat-aljinat","7":"product_cat-olcu-aletleri","8":"product_cat-protetik-tedavi","9":"product_tag-cavex","11":"first","12":"instock","13":"sale","14":"featured","15":"taxable","16":"shipping-taxable","17":"purchasable","18":"product-type-simple"},"_links":{"self":[{"href":"https:\/\/www.avrasyadental.com\/ar\/wp-json\/wp\/v2\/product\/4198","targetHints":{"allow":["GET"]}}],"collection":[{"href":"https:\/\/www.avrasyadental.com\/ar\/wp-json\/wp\/v2\/product"}],"about":[{"href":"https:\/\/www.avrasyadental.com\/ar\/wp-json\/wp\/v2\/types\/product"}],"replies":[{"embeddable":true,"href":"https:\/\/www.avrasyadental.com\/ar\/wp-json\/wp\/v2\/comments?post=4198"}],"wp:featuredmedia":[{"embeddable":true,"href":"https:\/\/www.avrasyadental.com\/ar\/wp-json\/wp\/v2\/media\/5760"}],"wp:attachment":[{"href":"https:\/\/www.avrasyadental.com\/ar\/wp-json\/wp\/v2\/media?parent=4198"}],"wp:term":[{"taxonomy":"product_brand","embeddable":true,"href":"https:\/\/www.avrasyadental.com\/ar\/wp-json\/wp\/v2\/product_brand?post=4198"},{"taxonomy":"product_cat","embeddable":true,"href":"https:\/\/www.avrasyadental.com\/ar\/wp-json\/wp\/v2\/product_cat?post=4198"},{"taxonomy":"product_tag","embeddable":true,"href":"https:\/\/www.avrasyadental.com\/ar\/wp-json\/wp\/v2\/product_tag?post=4198"}],"curies":[{"name":"wp","href":"https:\/\/api.w.org\/{rel}","templated":true}]}}