{"id":4245,"date":"2024-01-18T15:28:17","date_gmt":"2024-01-18T12:28:17","guid":{"rendered":"https:\/\/www.avrasyadental.com\/?post_type=product&#038;p=4245"},"modified":"2025-05-07T15:20:50","modified_gmt":"2025-05-07T12:20:50","slug":"kerr-supercap-otomatrix-yedek","status":"publish","type":"product","link":"https:\/\/www.avrasyadental.com\/ar\/urun\/kerr-supercap-otomatrix-yedek\/","title":{"rendered":"Kerr Supercap Otomatrix Yedek"},"content":{"rendered":"<p>Universal Matris S\u0131k\u0131\u015ft\u0131rma Sistemi<br \/>\nMakro b\u00f6lge i\u00e7in m\u00fckemmel \u015fekillendilirmi\u015f SuperMat\u2122 \u00fcniversal matris s\u0131k\u0131\u015ft\u0131rma sistemi, \u015feffaf ve \u00e7elik posterior matrisler i\u00e7in ideal bir matris sistemidir. SuperMat\u2122 matris sistemi; SuperLock\u2122 uygulama tabancas\u0131, Adapt\u2122 SuperCap\u2122 matrisler ve SuperCap makaralardan olu\u015fur. Sistem, h\u0131zl\u0131, kolay ve standart uygulamay\u0131 ama\u00e7lamaktad\u0131r.<\/p>\n<p>SuperMat\u2122 retainer i\u00e7ermeyen \u00fcniversal matris sistemi ile:<\/p>\n<p>geleneksel matris tutucu kullan\u0131m\u0131na gerek olmad\u0131\u011f\u0131 i\u00e7in, ayn\u0131 kadranda, ayn\u0131 anda birden fazla restorasyon tamamlanabilir.<br \/>\nuygun prokismal kontaklar daha kolay olu\u015fturulur.<br \/>\nSuperMat\u2122 retainer i\u00e7ermeyen \u00fcniversal matris sistemi:<\/p>\n<p>geleneksel matris tutucu kullan\u0131m\u0131na gerek olmad\u0131\u011f\u0131 i\u00e7in daha geni\u015f bir \u00e7al\u0131\u015fma alan\u0131 sunar, hasta konforunu artt\u0131r\u0131r.<br \/>\nrestoratif materyal ve kama uygulamas\u0131n\u0131 i\u00e7in yeterli alan sa\u011flar.<br \/>\nlastik \u00f6rt\u00fc ya da di\u011fer izolasyon teknikleri ile birlikte kullan\u0131labilir.<br \/>\nSuperCap\u2122 makaralar\u0131 ile Kerr matrislerini uyumland\u0131rarak, SuperMat\u2122 sistemi ile kullanabilirsiniz.<\/p>\n<p>Adapt\u2122 SuperCap\u2122 matrisler, molar ve premolar di\u015fler i\u00e7in tek \u015fekilli ve iki bant y\u00fcksekli\u011fi mevcut olan matrisler, \u00e7elik veya \u015feffaf plastikten yap\u0131lm\u0131\u015ft\u0131r.<\/p>\n<p>Kal\u0131nl\u0131k 00.38 mm, y\u00fckseklik ye\u015filde 6.3mm, mavide 5mm<\/p>","protected":false},"excerpt":{"rendered":"<p>Makro b\u00f6lge i\u00e7in m\u00fckemmel \u015fekillendilirmi\u015f SuperMat\u2122 \u00fcniversal matris s\u0131k\u0131\u015ft\u0131rma sistemi, \u015feffaf ve \u00e7elik posterior matrisler i\u00e7in ideal bir matris sistemidir. SuperMat\u2122 matris sistemi; SuperLock\u2122 uygulama tabancas\u0131, Adapt\u2122 SuperCap\u2122 matrisler ve SuperCap makaralardan olu\u015fur. Sistem, h\u0131zl\u0131, kolay ve standart uygulamay\u0131 ama\u00e7lamaktad\u0131r.<\/p>","protected":false},"featured_media":6757,"comment_status":"open","ping_status":"closed","template":"","meta":[],"product_brand":[],"product_cat":[1292,1313,1314],"product_tag":[1616,1537,1617],"class_list":{"0":"post-4245","1":"product","2":"type-product","3":"status-publish","4":"has-post-thumbnail","6":"product_cat-restoratif","7":"product_cat-diger-restoratif-urunleri","8":"product_cat-matrixler","9":"product_tag-automarix","10":"product_tag-kerr","11":"product_tag-supercup","13":"first","14":"instock","15":"sale","16":"featured","17":"taxable","18":"shipping-taxable","19":"purchasable","20":"product-type-variable"},"_links":{"self":[{"href":"https:\/\/www.avrasyadental.com\/ar\/wp-json\/wp\/v2\/product\/4245","targetHints":{"allow":["GET"]}}],"collection":[{"href":"https:\/\/www.avrasyadental.com\/ar\/wp-json\/wp\/v2\/product"}],"about":[{"href":"https:\/\/www.avrasyadental.com\/ar\/wp-json\/wp\/v2\/types\/product"}],"replies":[{"embeddable":true,"href":"https:\/\/www.avrasyadental.com\/ar\/wp-json\/wp\/v2\/comments?post=4245"}],"wp:featuredmedia":[{"embeddable":true,"href":"https:\/\/www.avrasyadental.com\/ar\/wp-json\/wp\/v2\/media\/6757"}],"wp:attachment":[{"href":"https:\/\/www.avrasyadental.com\/ar\/wp-json\/wp\/v2\/media?parent=4245"}],"wp:term":[{"taxonomy":"product_brand","embeddable":true,"href":"https:\/\/www.avrasyadental.com\/ar\/wp-json\/wp\/v2\/product_brand?post=4245"},{"taxonomy":"product_cat","embeddable":true,"href":"https:\/\/www.avrasyadental.com\/ar\/wp-json\/wp\/v2\/product_cat?post=4245"},{"taxonomy":"product_tag","embeddable":true,"href":"https:\/\/www.avrasyadental.com\/ar\/wp-json\/wp\/v2\/product_tag?post=4245"}],"curies":[{"name":"wp","href":"https:\/\/api.w.org\/{rel}","templated":true}]}}