{"id":4468,"date":"2024-01-22T16:31:37","date_gmt":"2024-01-22T13:31:37","guid":{"rendered":"https:\/\/www.avrasyadental.com\/?post_type=product&#038;p=4468"},"modified":"2025-04-18T16:39:52","modified_gmt":"2025-04-18T13:39:52","slug":"3m-filtek-ultimate-universal-restoratif-dentin-renk-siringa","status":"publish","type":"product","link":"https:\/\/www.avrasyadental.com\/ar\/urun\/3m-filtek-ultimate-universal-restoratif-dentin-renk-siringa\/","title":{"rendered":"Solventum (3M) Filtek Ultimate Restoratif \u015e\u0131r\u0131nga Dentin"},"content":{"rendered":"<div class=\"flex-1 overflow-hidden\">\n<div class=\"react-scroll-to-bottom--css-lrffj-79elbk h-full\">\n<div class=\"react-scroll-to-bottom--css-lrffj-1n7m0yu\">\n<div class=\"flex flex-col pb-9 text-sm\">\n<div class=\"w-full text-token-text-primary\" data-testid=\"conversation-turn-13\">\n<div class=\"px-4 py-2 justify-center text-base md:gap-6 m-auto\">\n<div class=\"flex flex-1 text-base mx-auto gap-3 md:px-5 lg:px-1 xl:px-5 md:max-w-3xl lg:max-w-[40rem] xl:max-w-[48rem] group final-completion\">\n<div class=\"relative flex w-full flex-col lg:w-[calc(100%-115px)] agent-turn\">\n<div class=\"flex-col gap-1 md:gap-3\">\n<div class=\"flex flex-grow flex-col max-w-full\">\n<div class=\"min-h-[20px] text-message flex flex-col items-start gap-3 whitespace-pre-wrap break-words [.text-message+&amp;]:mt-5 overflow-x-auto\" data-message-author-role=\"assistant\" data-message-id=\"0f3e15d2-3599-4dfd-bf33-439bc6ab0c36\">\n<div class=\"markdown prose w-full break-words dark:prose-invert light\">\n<div class=\"flex-1 overflow-hidden\">\n<div class=\"react-scroll-to-bottom--css-lrffj-79elbk h-full\">\n<div class=\"react-scroll-to-bottom--css-lrffj-1n7m0yu\">\n<div class=\"flex flex-col pb-9 text-sm\">\n<div class=\"w-full text-token-text-primary\" data-testid=\"conversation-turn-21\">\n<div class=\"px-4 py-2 justify-center text-base md:gap-6 m-auto\">\n<div class=\"flex flex-1 text-base mx-auto gap-3 md:px-5 lg:px-1 xl:px-5 md:max-w-3xl lg:max-w-[40rem] xl:max-w-[48rem] group final-completion\">\n<div class=\"relative flex w-full flex-col lg:w-[calc(100%-115px)] agent-turn\">\n<div class=\"flex-col gap-1 md:gap-3\">\n<div class=\"flex flex-grow flex-col max-w-full\">\n<div class=\"min-h-[20px] text-message flex flex-col items-start gap-3 whitespace-pre-wrap break-words [.text-message+&amp;]:mt-5 overflow-x-auto\" data-message-author-role=\"assistant\" data-message-id=\"19202d8d-cc22-4422-a566-7bec5514a6d9\">\n<div class=\"markdown prose w-full break-words dark:prose-invert light\">\n<div class=\"flex-1 overflow-hidden\">\n<div class=\"react-scroll-to-bottom--css-lrffj-79elbk h-full\">\n<div class=\"react-scroll-to-bottom--css-lrffj-1n7m0yu\">\n<div class=\"flex flex-col pb-9 text-sm\">\n<div class=\"w-full text-token-text-primary\" data-testid=\"conversation-turn-13\">\n<div class=\"px-4 py-2 justify-center text-base md:gap-6 m-auto\">\n<div class=\"flex flex-1 text-base mx-auto gap-3 md:px-5 lg:px-1 xl:px-5 md:max-w-3xl lg:max-w-[40rem] xl:max-w-[48rem] group final-completion\">\n<div class=\"relative flex w-full flex-col lg:w-[calc(100%-115px)] agent-turn\">\n<div class=\"flex-col gap-1 md:gap-3\">\n<div class=\"flex flex-grow flex-col max-w-full\">\n<div class=\"min-h-[20px] text-message flex flex-col items-start gap-3 whitespace-pre-wrap break-words [.text-message+&amp;]:mt-5 overflow-x-auto\" data-message-author-role=\"assistant\" data-message-id=\"0f3e15d2-3599-4dfd-bf33-439bc6ab0c36\">\n<div class=\"markdown prose w-full break-words dark:prose-invert light\">\n<div class=\"flex-1 overflow-hidden\">\n<div class=\"react-scroll-to-bottom--css-lrffj-79elbk h-full\">\n<div class=\"react-scroll-to-bottom--css-lrffj-1n7m0yu\">\n<div class=\"flex flex-col pb-9 text-sm\">\n<div class=\"w-full text-token-text-primary\" data-testid=\"conversation-turn-21\">\n<div class=\"px-4 py-2 justify-center text-base md:gap-6 m-auto\">\n<div class=\"flex flex-1 text-base mx-auto gap-3 md:px-5 lg:px-1 xl:px-5 md:max-w-3xl lg:max-w-[40rem] xl:max-w-[48rem] group final-completion\">\n<div class=\"relative flex w-full flex-col lg:w-[calc(100%-115px)] agent-turn\">\n<div class=\"flex-col gap-1 md:gap-3\">\n<div class=\"flex flex-grow flex-col max-w-full\">\n<div class=\"min-h-[20px] text-message flex flex-col items-start gap-3 whitespace-pre-wrap break-words [.text-message+&amp;]:mt-5 overflow-x-auto\" data-message-author-role=\"assistant\" data-message-id=\"19202d8d-cc22-4422-a566-7bec5514a6d9\">\n<div class=\"markdown prose w-full break-words dark:prose-invert light\">\n<div class=\"flex-1 overflow-hidden\">\n<div class=\"react-scroll-to-bottom--css-lrffj-79elbk h-full\">\n<div class=\"react-scroll-to-bottom--css-lrffj-1n7m0yu\">\n<div class=\"flex flex-col pb-9 text-sm\">\n<div class=\"w-full text-token-text-primary\" data-testid=\"conversation-turn-25\">\n<div class=\"px-4 py-2 justify-center text-base md:gap-6 m-auto\">\n<div class=\"flex flex-1 text-base mx-auto gap-3 md:px-5 lg:px-1 xl:px-5 md:max-w-3xl lg:max-w-[40rem] xl:max-w-[48rem] group final-completion\">\n<div class=\"relative flex w-full flex-col lg:w-[calc(100%-115px)] agent-turn\">\n<div class=\"flex-col gap-1 md:gap-3\">\n<div class=\"flex flex-grow flex-col max-w-full\">\n<div class=\"min-h-[20px] text-message flex flex-col items-start gap-3 whitespace-pre-wrap break-words [.text-message+&amp;]:mt-5 overflow-x-auto\" data-message-author-role=\"assistant\" data-message-id=\"b2ccd786-3c2d-43b5-8505-1154ca494c30\">\n<div class=\"markdown prose w-full break-words dark:prose-invert light\">\n<p>Bu universal restoratif materyal, hastalara daha g\u00fczel ve sa\u011fl\u0131kl\u0131 g\u00fcl\u00fc\u015fler kazand\u0131rmak i\u00e7in tasarlanm\u0131\u015f ger\u00e7ek nanoteknoloji i\u00e7erir. 3M Filtek Ultimate Universal Restoratif, uzun d\u00f6nem dayan\u0131kl\u0131l\u0131k ve sa\u011flaml\u0131k sunarak, m\u00fckemmel a\u015f\u0131nma direnci ile dikkat \u00e7eker. Bu \u00fcst\u00fcn \u00f6zellikleri, dental restorasyonlar\u0131n hem estetik hem de i\u015flevsel a\u00e7\u0131dan y\u00fcksek kalitede olmas\u0131n\u0131 sa\u011flar. Nanoteknoloji, restorasyonlar\u0131n do\u011fal di\u015f yap\u0131s\u0131yla uyumlu ve dayan\u0131kl\u0131 olmas\u0131n\u0131 sa\u011flarken, a\u015f\u0131nma direnci, restorasyonlar\u0131n uzun s\u00fcreli kullan\u0131mda bile ilk g\u00fcnk\u00fc gibi kalmas\u0131na yard\u0131mc\u0131 olur. Bu restoratif materyal, hem di\u015f hekimleri hem de hastalar i\u00e7in ideal bir \u00e7\u00f6z\u00fcm sunarak, g\u00fcvenilir ve estetik dental tedavilerin ger\u00e7ekle\u015ftirilmesine olanak tan\u0131r.<\/p>\n<\/div>\n<\/div>\n<\/div>\n<\/div>\n<\/div>\n<\/div>\n<\/div>\n<\/div>\n<\/div>\n<\/div>\n<\/div>\n<\/div>\n<\/div>\n<\/div>\n<\/div>\n<\/div>\n<\/div>\n<\/div>\n<\/div>\n<\/div>\n<\/div>\n<\/div>\n<\/div>\n<\/div>\n<\/div>\n<\/div>\n<\/div>\n<\/div>\n<\/div>\n<\/div>\n<\/div>\n<\/div>\n<\/div>\n<\/div>\n<\/div>\n<\/div>\n<\/div>\n<\/div>\n<\/div>\n<\/div>\n<\/div>\n<\/div>\n<\/div>\n<\/div>\n<\/div>\n<\/div>\n<\/div>\n<\/div>\n<\/div>\n<\/div>\n<\/div>\n<\/div>\n<\/div>\n<\/div>\n<\/div>\n<\/div>\n<\/div>\n<\/div>\n<\/div>\n<\/div>\n","protected":false},"excerpt":{"rendered":"<p>\u062a\u062d\u062a\u0648\u064a \u0647\u0630\u0647 \u0627\u0644\u0645\u0627\u062f\u0629 \u0627\u0644\u062a\u0631\u0645\u064a\u0645\u064a\u0629 \u0627\u0644\u0639\u0627\u0644\u0645\u064a\u0629 \u0639\u0644\u0649 \u062a\u0642\u0646\u064a\u0629 \u0627\u0644\u0646\u0627\u0646\u0648 \u0627\u0644\u062d\u0642\u064a\u0642\u064a\u0629 \u0627\u0644\u0645\u0635\u0645\u0645\u0629 \u0644\u0645\u0646\u062d \u0627\u0644\u0645\u0631\u0636\u0649 \u0627\u0628\u062a\u0633\u0627\u0645\u0627\u062a \u0623\u0643\u062b\u0631 \u062c\u0645\u0627\u0644\u0627\u064b \u0648\u0635\u062d\u0629. \u064a\u062a\u0645\u064a\u0632 3M Filtek Ultimate Universal Restorative \u0628\u0645\u0642\u0627\u0648\u0645\u062a\u0647 \u0627\u0644\u0645\u0645\u062a\u0627\u0632\u0629 \u0644\u0644\u062a\u0622\u0643\u0644\u060c \u0645\u0645\u0627 \u064a\u0648\u0641\u0631 \u0645\u062a\u0627\u0646\u0629 \u0648\u0645\u062a\u0627\u0646\u0629 \u0637\u0648\u064a\u0644\u0629 \u0627\u0644\u0623\u0645\u062f.<\/p>","protected":false},"featured_media":6134,"comment_status":"open","ping_status":"closed","template":"","meta":[],"product_brand":[],"product_cat":[1292,1294,1293],"product_tag":[1607,1615,1613],"class_list":{"0":"post-4468","1":"product","2":"type-product","3":"status-publish","4":"has-post-thumbnail","6":"product_cat-restoratif","7":"product_cat-estetik-kompozit","8":"product_cat-kompozit","9":"product_tag-3m","10":"product_tag-estetik","11":"product_tag-kompozit","13":"first","14":"instock","15":"sale","16":"featured","17":"taxable","18":"shipping-taxable","19":"purchasable","20":"product-type-variable"},"_links":{"self":[{"href":"https:\/\/www.avrasyadental.com\/ar\/wp-json\/wp\/v2\/product\/4468","targetHints":{"allow":["GET"]}}],"collection":[{"href":"https:\/\/www.avrasyadental.com\/ar\/wp-json\/wp\/v2\/product"}],"about":[{"href":"https:\/\/www.avrasyadental.com\/ar\/wp-json\/wp\/v2\/types\/product"}],"replies":[{"embeddable":true,"href":"https:\/\/www.avrasyadental.com\/ar\/wp-json\/wp\/v2\/comments?post=4468"}],"wp:featuredmedia":[{"embeddable":true,"href":"https:\/\/www.avrasyadental.com\/ar\/wp-json\/wp\/v2\/media\/6134"}],"wp:attachment":[{"href":"https:\/\/www.avrasyadental.com\/ar\/wp-json\/wp\/v2\/media?parent=4468"}],"wp:term":[{"taxonomy":"product_brand","embeddable":true,"href":"https:\/\/www.avrasyadental.com\/ar\/wp-json\/wp\/v2\/product_brand?post=4468"},{"taxonomy":"product_cat","embeddable":true,"href":"https:\/\/www.avrasyadental.com\/ar\/wp-json\/wp\/v2\/product_cat?post=4468"},{"taxonomy":"product_tag","embeddable":true,"href":"https:\/\/www.avrasyadental.com\/ar\/wp-json\/wp\/v2\/product_tag?post=4468"}],"curies":[{"name":"wp","href":"https:\/\/api.w.org\/{rel}","templated":true}]}}