{"id":4545,"date":"2024-01-24T09:34:25","date_gmt":"2024-01-24T06:34:25","guid":{"rendered":"https:\/\/www.avrasyadental.com\/?post_type=product&#038;p=4545"},"modified":"2025-04-04T15:55:00","modified_gmt":"2025-04-04T12:55:00","slug":"3m-impregum-penta-h-duosoft","status":"publish","type":"product","link":"https:\/\/www.avrasyadental.com\/ar\/urun\/3m-impregum-penta-h-duosoft\/","title":{"rendered":"3m Impregum Penta H DuoSoft"},"content":{"rendered":"<div class=\"flex-1 overflow-hidden\">\n<div class=\"react-scroll-to-bottom--css-lrffj-79elbk h-full\">\n<div class=\"react-scroll-to-bottom--css-lrffj-1n7m0yu\">\n<div class=\"flex flex-col pb-9 text-sm\">\n<div class=\"w-full text-token-text-primary\" data-testid=\"conversation-turn-53\">\n<div class=\"px-4 py-2 justify-center text-base md:gap-6 m-auto\">\n<div class=\"flex flex-1 text-base mx-auto gap-3 md:px-5 lg:px-1 xl:px-5 md:max-w-3xl lg:max-w-[40rem] xl:max-w-[48rem] group final-completion\">\n<div class=\"relative flex w-full flex-col lg:w-[calc(100%-115px)] agent-turn\">\n<div class=\"flex-col gap-1 md:gap-3\">\n<div class=\"flex flex-grow flex-col max-w-full\">\n<div class=\"min-h-[20px] text-message flex flex-col items-start gap-3 whitespace-pre-wrap break-words [.text-message+&amp;]:mt-5 overflow-x-auto\" data-message-author-role=\"assistant\" data-message-id=\"90c39288-d75e-4664-aa95-fc790e7d8a9e\">\n<div class=\"markdown prose w-full break-words dark:prose-invert light\">\n<div class=\"flex-1 overflow-hidden\">\n<div class=\"react-scroll-to-bottom--css-lrffj-79elbk h-full\">\n<div class=\"react-scroll-to-bottom--css-lrffj-1n7m0yu\">\n<div class=\"flex flex-col pb-9 text-sm\">\n<div class=\"w-full text-token-text-primary\" data-testid=\"conversation-turn-55\">\n<div class=\"px-4 py-2 justify-center text-base md:gap-6 m-auto\">\n<div class=\"flex flex-1 text-base mx-auto gap-3 md:px-5 lg:px-1 xl:px-5 md:max-w-3xl lg:max-w-[40rem] xl:max-w-[48rem] group final-completion\">\n<div class=\"relative flex w-full flex-col lg:w-[calc(100%-115px)] agent-turn\">\n<div class=\"flex-col gap-1 md:gap-3\">\n<div class=\"flex flex-grow flex-col max-w-full\">\n<div class=\"min-h-[20px] text-message flex flex-col items-start gap-3 whitespace-pre-wrap break-words [.text-message+&amp;]:mt-5 overflow-x-auto\" data-message-author-role=\"assistant\" data-message-id=\"108cc0b2-8106-4c59-9a9a-418e265b0639\">\n<div class=\"markdown prose w-full break-words dark:prose-invert light\">\n<div class=\"flex-1 overflow-hidden\">\n<div class=\"react-scroll-to-bottom--css-lrffj-79elbk h-full\">\n<div class=\"react-scroll-to-bottom--css-lrffj-1n7m0yu\">\n<div class=\"flex flex-col pb-9 text-sm\">\n<div class=\"w-full text-token-text-primary\" data-testid=\"conversation-turn-57\">\n<div class=\"px-4 py-2 justify-center text-base md:gap-6 m-auto\">\n<div class=\"flex flex-1 text-base mx-auto gap-3 md:px-5 lg:px-1 xl:px-5 md:max-w-3xl lg:max-w-[40rem] xl:max-w-[48rem] group final-completion\">\n<div class=\"relative flex w-full flex-col lg:w-[calc(100%-115px)] agent-turn\">\n<div class=\"flex-col gap-1 md:gap-3\">\n<div class=\"flex flex-grow flex-col max-w-full\">\n<div class=\"min-h-[20px] text-message flex flex-col items-start gap-3 whitespace-pre-wrap break-words [.text-message+&amp;]:mt-5 overflow-x-auto\" data-message-author-role=\"assistant\" data-message-id=\"39483984-4f18-4e95-8103-f2a64e8f17f9\">\n<div class=\"markdown prose w-full break-words dark:prose-invert light\">\n<p>Impregum Penta H DuoSoft, di\u015f hekimli\u011fi alan\u0131nda kullan\u0131lan yeni jenerasyon bir polieter \u00f6l\u00e7\u00fc materyalidir ve \u00f6zellikle hidrofilik (su dostu) \u00f6zellikleriyle dikkat \u00e7eker. Bu \u00f6zellik, a\u011f\u0131z i\u00e7indeki nemli ortamda daha iyi performans g\u00f6stermesini sa\u011flar, b\u00f6ylece daha net ve kesin \u00f6l\u00e7\u00fcler elde edilir. Ayr\u0131ca, tiksotropik \u00f6zelli\u011fi sayesinde, malzeme s\u0131k\u0131\u015ft\u0131r\u0131ld\u0131\u011f\u0131nda ak\u0131\u015fkanla\u015f\u0131r ve detayl\u0131 b\u00f6lgelere kolayca n\u00fcfuz eder, ancak yer\u00e7ekimi etkisiyle akma yapmaz. Bu, \u00f6zellikle zorlu di\u015f yap\u0131lar\u0131 ve dar alanlarda avantajl\u0131d\u0131r.<\/p>\n<p>Pentamix sistemiyle kullan\u0131ld\u0131\u011f\u0131nda, malzemenin kar\u0131\u015ft\u0131r\u0131lmas\u0131 ve uygulanmas\u0131 otomatik ve homojen bir \u015fekilde ger\u00e7ekle\u015fir, bu da kullan\u0131m kolayl\u0131\u011f\u0131 sa\u011flar. Sertle\u015ftikten sonra, bu \u00f6l\u00e7\u00fc materyali a\u011f\u0131zdan \u00e7\u0131karmak kolayd\u0131r, bu da hem hekim hem de hasta i\u00e7in konfor sa\u011flar.<\/p>\n<\/div>\n<\/div>\n<\/div>\n<\/div>\n<\/div>\n<\/div>\n<\/div>\n<\/div>\n<\/div>\n<\/div>\n<\/div>\n<\/div>\n<\/div>\n<\/div>\n<\/div>\n<\/div>\n<\/div>\n<\/div>\n<\/div>\n<\/div>\n<\/div>\n<\/div>\n<\/div>\n<\/div>\n<\/div>\n<\/div>\n<\/div>\n<\/div>\n<\/div>\n<\/div>\n<\/div>\n<\/div>\n<\/div>\n<\/div>\n<\/div>\n<\/div>\n","protected":false},"excerpt":{"rendered":"<p>Impregum Penta H DuoSoft \u0647\u0648 \u062c\u064a\u0644 \u062c\u062f\u064a\u062f \u0645\u0646 \u0645\u0627\u062f\u0629 \u0627\u0644\u0628\u0648\u0644\u064a \u0625\u064a\u062b\u0631 \u0627\u0644\u0645\u0633\u062a\u062e\u062f\u0645\u0629 \u0641\u064a \u0637\u0628 \u0627\u0644\u0623\u0633\u0646\u0627\u0646 \u0648\u062a\u062a\u0645\u064a\u0632 \u0628\u0634\u0643\u0644 \u062e\u0627\u0635 \u0628\u062e\u0635\u0627\u0626\u0635\u0647\u0627 \u0627\u0644\u0645\u062d\u0628\u0629 \u0644\u0644\u0645\u0627\u0621 (\u0627\u0644\u0635\u062f\u064a\u0642\u0629 \u0644\u0644\u0645\u0627\u0621). \u0648\u062a\u062a\u064a\u062d \u0647\u0630\u0647 \u0627\u0644\u0645\u064a\u0632\u0629 \u0623\u062f\u0627\u0621\u064b \u0623\u0641\u0636\u0644 \u0641\u064a \u0627\u0644\u0628\u064a\u0626\u0629 \u0627\u0644\u0631\u0637\u0628\u0629 \u062f\u0627\u062e\u0644 \u0627\u0644\u0641\u0645\u060c \u0648\u0628\u0627\u0644\u062a\u0627\u0644\u064a \u062a\u0648\u0641\u064a\u0631 \u0642\u064a\u0627\u0633\u0627\u062a \u0623\u0643\u062b\u0631 \u0648\u0636\u0648\u062d\u064b\u0627 \u0648\u062f\u0642\u0629.<\/p>","protected":false},"featured_media":6209,"comment_status":"open","ping_status":"closed","template":"","meta":[],"product_brand":[],"product_cat":[1380,1373,1347],"product_tag":[1585],"class_list":{"0":"post-4545","1":"product","2":"type-product","3":"status-publish","4":"has-post-thumbnail","6":"product_cat-diger-olcu-aletleri-urunleri","7":"product_cat-olcu-aletleri","8":"product_cat-protetik-tedavi","9":"product_tag-impregum","11":"first","12":"instock","13":"sale","14":"featured","15":"taxable","16":"shipping-taxable","17":"purchasable","18":"product-type-simple"},"_links":{"self":[{"href":"https:\/\/www.avrasyadental.com\/ar\/wp-json\/wp\/v2\/product\/4545","targetHints":{"allow":["GET"]}}],"collection":[{"href":"https:\/\/www.avrasyadental.com\/ar\/wp-json\/wp\/v2\/product"}],"about":[{"href":"https:\/\/www.avrasyadental.com\/ar\/wp-json\/wp\/v2\/types\/product"}],"replies":[{"embeddable":true,"href":"https:\/\/www.avrasyadental.com\/ar\/wp-json\/wp\/v2\/comments?post=4545"}],"wp:featuredmedia":[{"embeddable":true,"href":"https:\/\/www.avrasyadental.com\/ar\/wp-json\/wp\/v2\/media\/6209"}],"wp:attachment":[{"href":"https:\/\/www.avrasyadental.com\/ar\/wp-json\/wp\/v2\/media?parent=4545"}],"wp:term":[{"taxonomy":"product_brand","embeddable":true,"href":"https:\/\/www.avrasyadental.com\/ar\/wp-json\/wp\/v2\/product_brand?post=4545"},{"taxonomy":"product_cat","embeddable":true,"href":"https:\/\/www.avrasyadental.com\/ar\/wp-json\/wp\/v2\/product_cat?post=4545"},{"taxonomy":"product_tag","embeddable":true,"href":"https:\/\/www.avrasyadental.com\/ar\/wp-json\/wp\/v2\/product_tag?post=4545"}],"curies":[{"name":"wp","href":"https:\/\/api.w.org\/{rel}","templated":true}]}}