{"id":4653,"date":"2024-01-24T17:45:22","date_gmt":"2024-01-24T14:45:22","guid":{"rendered":"https:\/\/www.avrasyadental.com\/?post_type=product&#038;p=4653"},"modified":"2025-04-04T15:04:57","modified_gmt":"2025-04-04T12:04:57","slug":"3m-filtek-z550-baslangic-seti","status":"publish","type":"product","link":"https:\/\/www.avrasyadental.com\/ar\/urun\/3m-filtek-z550-baslangic-seti\/","title":{"rendered":"3m Filtek Z550 Ba\u015flang\u0131\u00e7 Seti"},"content":{"rendered":"<div class=\"flex-1 overflow-hidden\">\n<div class=\"react-scroll-to-bottom--css-lrffj-79elbk h-full\">\n<div class=\"react-scroll-to-bottom--css-lrffj-1n7m0yu\">\n<div class=\"flex flex-col pb-9 text-sm\">\n<div class=\"w-full text-token-text-primary\" data-testid=\"conversation-turn-13\">\n<div class=\"px-4 py-2 justify-center text-base md:gap-6 m-auto\">\n<div class=\"flex flex-1 text-base mx-auto gap-3 md:px-5 lg:px-1 xl:px-5 md:max-w-3xl lg:max-w-[40rem] xl:max-w-[48rem] group final-completion\">\n<div class=\"relative flex w-full flex-col lg:w-[calc(100%-115px)] agent-turn\">\n<div class=\"flex-col gap-1 md:gap-3\">\n<div class=\"flex flex-grow flex-col max-w-full\">\n<div class=\"min-h-[20px] text-message flex flex-col items-start gap-3 whitespace-pre-wrap break-words [.text-message+&amp;]:mt-5 overflow-x-auto\" data-message-author-role=\"assistant\" data-message-id=\"0f3e15d2-3599-4dfd-bf33-439bc6ab0c36\">\n<div class=\"markdown prose w-full break-words dark:prose-invert light\">\n<p>Filtek Z550 Ba\u015flang\u0131\u00e7 Seti, nanohibrit yap\u0131s\u0131yla di\u015f hekimli\u011fi uygulamalar\u0131nda m\u00fckemmel sonu\u00e7lar sunar. Bu nanohibrit yap\u0131n\u0131n sa\u011flad\u0131\u011f\u0131 avantajlar, restorasyonlar\u0131n hem dayan\u0131kl\u0131l\u0131\u011f\u0131n\u0131 hem de esteti\u011fini art\u0131r\u0131r. M\u00fckemmel cila ve cila retansiyonu \u00f6zelli\u011fi, restorasyonlar\u0131n uzun s\u00fcre estetik g\u00f6r\u00fcn\u00fcm\u00fcn\u00fc korumas\u0131n\u0131 sa\u011flar, bu da hastalar i\u00e7in daha tatmin edici sonu\u00e7lar anlam\u0131na gelir.<\/p>\n<p>Filtek Z550, m\u00fckemmel manip\u00fclasyon \u00f6zellikleri sayesinde di\u015f hekimlerine uygulama s\u0131ras\u0131nda y\u00fcksek d\u00fczeyde kontrol ve esneklik sunar. Bu, restorasyon i\u015flemini daha etkili ve verimli hale getirir. Dayan\u0131kl\u0131l\u0131\u011f\u0131 ve pratik uygulanabilirli\u011fi ile bu set, \u00e7e\u015fitli restoratif ihtiya\u00e7lara uyum sa\u011flar ve estetik sonu\u00e7lar sa\u011flar. Filtek Z550 Ba\u015flang\u0131\u00e7 Seti, hem di\u015f hekimlerinin hem de hastalar\u0131n beklentilerini kar\u015f\u0131layan etkili ve g\u00fcvenilir bir restoratif \u00e7\u00f6z\u00fcm sunar.<\/p>\n<\/div>\n<\/div>\n<\/div>\n<\/div>\n<\/div>\n<\/div>\n<\/div>\n<\/div>\n<\/div>\n<\/div>\n<\/div>\n<\/div>\n","protected":false},"excerpt":{"rendered":"<p>Filtek Z550 Ba\u015flang\u0131\u00e7 Seti, nanohibrit yap\u0131s\u0131yla di\u015f hekimli\u011fi uygulamalar\u0131nda m\u00fckemmel sonu\u00e7lar sunar. Bu nanohibrit yap\u0131n\u0131n sa\u011flad\u0131\u011f\u0131 avantajlar, restorasyonlar\u0131n hem dayan\u0131kl\u0131l\u0131\u011f\u0131n\u0131 hem de esteti\u011fini art\u0131r\u0131r. M\u00fckemmel cila ve cila retansiyonu \u00f6zelli\u011fi, restorasyonlar\u0131n uzun s\u00fcre estetik g\u00f6r\u00fcn\u00fcm\u00fcn\u00fc korumas\u0131n\u0131 sa\u011flar, bu da hastalar i\u00e7in daha tatmin edici sonu\u00e7lar anlam\u0131na gelir.<\/p>","protected":false},"featured_media":6122,"comment_status":"open","ping_status":"closed","template":"","meta":[],"product_brand":[],"product_cat":[1293,1294,1292],"product_tag":[1487],"class_list":{"0":"post-4653","1":"product","2":"type-product","3":"status-publish","4":"has-post-thumbnail","6":"product_cat-kompozit","7":"product_cat-estetik-kompozit","8":"product_cat-restoratif","9":"product_tag-filtek","11":"first","12":"instock","13":"sale","14":"featured","15":"taxable","16":"shipping-taxable","17":"purchasable","18":"product-type-simple"},"_links":{"self":[{"href":"https:\/\/www.avrasyadental.com\/ar\/wp-json\/wp\/v2\/product\/4653","targetHints":{"allow":["GET"]}}],"collection":[{"href":"https:\/\/www.avrasyadental.com\/ar\/wp-json\/wp\/v2\/product"}],"about":[{"href":"https:\/\/www.avrasyadental.com\/ar\/wp-json\/wp\/v2\/types\/product"}],"replies":[{"embeddable":true,"href":"https:\/\/www.avrasyadental.com\/ar\/wp-json\/wp\/v2\/comments?post=4653"}],"wp:featuredmedia":[{"embeddable":true,"href":"https:\/\/www.avrasyadental.com\/ar\/wp-json\/wp\/v2\/media\/6122"}],"wp:attachment":[{"href":"https:\/\/www.avrasyadental.com\/ar\/wp-json\/wp\/v2\/media?parent=4653"}],"wp:term":[{"taxonomy":"product_brand","embeddable":true,"href":"https:\/\/www.avrasyadental.com\/ar\/wp-json\/wp\/v2\/product_brand?post=4653"},{"taxonomy":"product_cat","embeddable":true,"href":"https:\/\/www.avrasyadental.com\/ar\/wp-json\/wp\/v2\/product_cat?post=4653"},{"taxonomy":"product_tag","embeddable":true,"href":"https:\/\/www.avrasyadental.com\/ar\/wp-json\/wp\/v2\/product_tag?post=4653"}],"curies":[{"name":"wp","href":"https:\/\/api.w.org\/{rel}","templated":true}]}}