{"id":4677,"date":"2024-01-26T10:07:37","date_gmt":"2024-01-26T07:07:37","guid":{"rendered":"https:\/\/www.avrasyadental.com\/?post_type=product&#038;p=4677"},"modified":"2025-03-14T16:57:10","modified_gmt":"2025-03-14T13:57:10","slug":"sof-lex-mandren","status":"publish","type":"product","link":"https:\/\/www.avrasyadental.com\/ar\/urun\/sof-lex-mandren\/","title":{"rendered":"\u0633\u0648\u0641 \u0644\u064a\u0643\u0633 \u062a\u0634\u0627\u0643"},"content":{"rendered":"<div class=\"flex-1 overflow-hidden\">\n<div class=\"react-scroll-to-bottom--css-lrffj-79elbk h-full\">\n<div class=\"react-scroll-to-bottom--css-lrffj-1n7m0yu\">\n<div class=\"flex flex-col pb-9 text-sm\">\n<div class=\"w-full text-token-text-primary\" data-testid=\"conversation-turn-13\">\n<div class=\"px-4 py-2 justify-center text-base md:gap-6 m-auto\">\n<div class=\"flex flex-1 text-base mx-auto gap-3 md:px-5 lg:px-1 xl:px-5 md:max-w-3xl lg:max-w-[40rem] xl:max-w-[48rem] group final-completion\">\n<div class=\"relative flex w-full flex-col lg:w-[calc(100%-115px)] agent-turn\">\n<div class=\"flex-col gap-1 md:gap-3\">\n<div class=\"flex flex-grow flex-col max-w-full\">\n<div class=\"min-h-[20px] text-message flex flex-col items-start gap-3 whitespace-pre-wrap break-words [.text-message+&amp;]:mt-5 overflow-x-auto\" data-message-author-role=\"assistant\" data-message-id=\"0f3e15d2-3599-4dfd-bf33-439bc6ab0c36\">\n<div class=\"markdown prose w-full break-words dark:prose-invert light\">\n<div class=\"flex-1 overflow-hidden\">\n<div class=\"react-scroll-to-bottom--css-ipryw-79elbk h-full\">\n<div class=\"react-scroll-to-bottom--css-ipryw-1n7m0yu\">\n<div class=\"flex flex-col pb-9 text-sm\">\n<div class=\"w-full text-token-text-primary\" data-testid=\"conversation-turn-13\">\n<div class=\"px-4 py-2 justify-center text-base md:gap-6 m-auto\">\n<div class=\"flex flex-1 text-base mx-auto gap-3 md:px-5 lg:px-1 xl:px-5 md:max-w-3xl lg:max-w-[40rem] xl:max-w-[48rem] group final-completion\">\n<div class=\"relative flex w-full flex-col lg:w-[calc(100%-115px)] agent-turn\">\n<div class=\"flex-col gap-1 md:gap-3\">\n<div class=\"flex flex-grow flex-col max-w-full\">\n<div class=\"min-h-[20px] text-message flex flex-col items-start gap-3 whitespace-pre-wrap break-words [.text-message+&amp;]:mt-5 overflow-x-auto\" data-message-author-role=\"assistant\" data-message-id=\"74ed10a0-a0b5-4bc4-93c2-3c51989f724f\">\n<div class=\"markdown prose w-full break-words dark:prose-invert light\">\n<p>Bu d\u00fc\u015f\u00fck profilli mandrel, kullan\u0131m kolayl\u0131\u011f\u0131 ve restorasyon i\u015flemlerinde daha iyi sonu\u00e7lar elde etmek i\u00e7in tasarlanm\u0131\u015ft\u0131r. Mandrelin bu \u00f6zel tasar\u0131m\u0131, restorasyon s\u0131ras\u0131nda olu\u015fabilecek bozulmalar\u0131 minimize eder, b\u00f6ylece di\u015f hekimlerine daha hassas ve kontroll\u00fc bir \u00e7al\u0131\u015fma imkan\u0131 sunar.<\/p>\n<p>Set i\u00e7erisinde yer alan yedek 3 RA mandrel, kullan\u0131m s\u0131ras\u0131nda esneklik sa\u011flar ve di\u015f hekimlerinin farkl\u0131 tedavi ihtiya\u00e7lar\u0131na uyum sa\u011flamalar\u0131na olanak tan\u0131r. Bu mandrel, Sof-Lex disklerinin etkin bir \u015fekilde tak\u0131lmas\u0131n\u0131 ve \u00e7\u0131kar\u0131lmas\u0131n\u0131 kolayla\u015ft\u0131r\u0131r, b\u00f6ylece di\u015f hekimleri restorasyon s\u00fcrecinde zaman\u0131 daha verimli kullanabilir ve tedavi kalitesini art\u0131rabilir. Bu mandrel ve disk kombinasyonu, modern di\u015f hekimli\u011fi uygulamalar\u0131nda estetik ve fonksiyonel restorasyonlar\u0131 geli\u015ftiren \u00f6nemli bir ara\u00e7t\u0131r.<\/p>\n<\/div>\n<\/div>\n<\/div>\n<\/div>\n<\/div>\n<\/div>\n<\/div>\n<\/div>\n<\/div>\n<\/div>\n<\/div>\n<\/div>\n<\/div>\n<\/div>\n<\/div>\n<\/div>\n<\/div>\n<\/div>\n<\/div>\n<\/div>\n<\/div>\n<\/div>\n<\/div>\n<\/div>\n","protected":false},"excerpt":{"rendered":"<p>\u062a\u0645 \u062a\u0635\u0645\u064a\u0645 \u0647\u0630\u0627 \u0627\u0644\u0634\u064a\u0627\u0642 \u0627\u0644\u0645\u0646\u062e\u0641\u0636 \u0644\u0633\u0647\u0648\u0644\u0629 \u0627\u0644\u0627\u0633\u062a\u062e\u062f\u0627\u0645 \u0648\u062a\u062d\u0642\u064a\u0642 \u0646\u062a\u0627\u0626\u062c \u0623\u0641\u0636\u0644 \u0641\u064a \u0639\u0645\u0644\u064a\u0627\u062a \u0627\u0644\u062a\u0631\u0645\u064a\u0645. \u0647\u0630\u0627 \u0627\u0644\u062a\u0635\u0645\u064a\u0645 \u0627\u0644\u062e\u0627\u0635 \u0644\u0644\u0634\u064a\u0627\u0642 \u064a\u0642\u0644\u0644 \u0645\u0646 \u0627\u0644\u062a\u0634\u0648\u0647\u0627\u062a \u0627\u0644\u062a\u064a \u0642\u062f \u062a\u062d\u062f\u062b \u0623\u062b\u0646\u0627\u0621 \u0627\u0644\u062a\u0631\u0645\u064a\u0645\u060c \u0648\u0628\u0627\u0644\u062a\u0627\u0644\u064a \u064a\u0648\u0641\u0631 \u0644\u0623\u0637\u0628\u0627\u0621 \u0627\u0644\u0623\u0633\u0646\u0627\u0646 \u0641\u0631\u0635\u0629 \u0639\u0645\u0644 \u0623\u0643\u062b\u0631 \u062f\u0642\u0629 \u0648\u062a\u062d\u0643\u0645\u064b\u0627.<\/p>","protected":false},"featured_media":6270,"comment_status":"open","ping_status":"closed","template":"","meta":[],"product_brand":[],"product_cat":[1292,1474],"product_tag":[1596],"class_list":{"0":"post-4677","1":"product","2":"type-product","3":"status-publish","4":"has-post-thumbnail","6":"product_cat-restoratif","7":"product_cat-diger-kompozit-urunleri","8":"product_tag-sof-lex","10":"first","11":"instock","12":"featured","13":"taxable","14":"shipping-taxable","15":"purchasable","16":"product-type-simple"},"_links":{"self":[{"href":"https:\/\/www.avrasyadental.com\/ar\/wp-json\/wp\/v2\/product\/4677","targetHints":{"allow":["GET"]}}],"collection":[{"href":"https:\/\/www.avrasyadental.com\/ar\/wp-json\/wp\/v2\/product"}],"about":[{"href":"https:\/\/www.avrasyadental.com\/ar\/wp-json\/wp\/v2\/types\/product"}],"replies":[{"embeddable":true,"href":"https:\/\/www.avrasyadental.com\/ar\/wp-json\/wp\/v2\/comments?post=4677"}],"wp:featuredmedia":[{"embeddable":true,"href":"https:\/\/www.avrasyadental.com\/ar\/wp-json\/wp\/v2\/media\/6270"}],"wp:attachment":[{"href":"https:\/\/www.avrasyadental.com\/ar\/wp-json\/wp\/v2\/media?parent=4677"}],"wp:term":[{"taxonomy":"product_brand","embeddable":true,"href":"https:\/\/www.avrasyadental.com\/ar\/wp-json\/wp\/v2\/product_brand?post=4677"},{"taxonomy":"product_cat","embeddable":true,"href":"https:\/\/www.avrasyadental.com\/ar\/wp-json\/wp\/v2\/product_cat?post=4677"},{"taxonomy":"product_tag","embeddable":true,"href":"https:\/\/www.avrasyadental.com\/ar\/wp-json\/wp\/v2\/product_tag?post=4677"}],"curies":[{"name":"wp","href":"https:\/\/api.w.org\/{rel}","templated":true}]}}