{"id":4847,"date":"2024-02-01T16:51:34","date_gmt":"2024-02-01T13:51:34","guid":{"rendered":"https:\/\/www.avrasyadental.com\/?post_type=product&#038;p=4847"},"modified":"2025-05-12T16:25:12","modified_gmt":"2025-05-12T13:25:12","slug":"prime-dent-zoe-cement-cinko-oksit-ojenol-siman","status":"publish","type":"product","link":"https:\/\/www.avrasyadental.com\/ar\/urun\/prime-dent-zoe-cement-cinko-oksit-ojenol-siman\/","title":{"rendered":"Prime-Dent Zoe Cement \u00c7inko Oksit Ojenol Siman"},"content":{"rendered":"<p>\u00c7inko Oksit \u00d6jenol Siman\u0131, \u00f6jenol i\u00e7eren \u00e7inko oksit bazl\u0131 simand\u0131r. Ge\u00e7ici dolgu maddesi olarak, kal\u0131c\u0131 dolgular\u0131n alt\u0131nda kaide siman\u0131 olarak, ge\u00e7ici kron ve k\u00f6pr\u00fc simantasyonunda kullan\u0131l\u0131r. \u00d6jenol sayesinde a\u011fr\u0131 kesici \u00f6zelli\u011fi vard\u0131r<\/p>","protected":false},"excerpt":{"rendered":"<p>\u00c7inko Oksit \u00d6jenol Siman\u0131, \u00f6jenol i\u00e7eren \u00e7inko oksit bazl\u0131 simand\u0131r. Ge\u00e7ici dolgu maddesi olarak, kal\u0131c\u0131 dolgular\u0131n alt\u0131nda kaide siman\u0131 olarak, ge\u00e7ici kron ve k\u00f6pr\u00fc simantasyonunda kullan\u0131l\u0131r. \u00d6jenol sayesinde a\u011fr\u0131 kesici \u00f6zelli\u011fi vard\u0131r<\/p>","protected":false},"featured_media":6173,"comment_status":"open","ping_status":"closed","template":"","meta":[],"product_brand":[],"product_cat":[1292,1322,1320],"product_tag":[1791,1793,1792,1604],"class_list":{"0":"post-4847","1":"product","2":"type-product","3":"status-publish","4":"has-post-thumbnail","6":"product_cat-restoratif","7":"product_cat-kaide-kavit","8":"product_cat-tedavi","9":"product_tag-cinko","10":"product_tag-ojenol","11":"product_tag-oksit","12":"product_tag-prime","14":"first","15":"instock","16":"sale","17":"featured","18":"taxable","19":"shipping-taxable","20":"purchasable","21":"product-type-simple"},"_links":{"self":[{"href":"https:\/\/www.avrasyadental.com\/ar\/wp-json\/wp\/v2\/product\/4847","targetHints":{"allow":["GET"]}}],"collection":[{"href":"https:\/\/www.avrasyadental.com\/ar\/wp-json\/wp\/v2\/product"}],"about":[{"href":"https:\/\/www.avrasyadental.com\/ar\/wp-json\/wp\/v2\/types\/product"}],"replies":[{"embeddable":true,"href":"https:\/\/www.avrasyadental.com\/ar\/wp-json\/wp\/v2\/comments?post=4847"}],"wp:featuredmedia":[{"embeddable":true,"href":"https:\/\/www.avrasyadental.com\/ar\/wp-json\/wp\/v2\/media\/6173"}],"wp:attachment":[{"href":"https:\/\/www.avrasyadental.com\/ar\/wp-json\/wp\/v2\/media?parent=4847"}],"wp:term":[{"taxonomy":"product_brand","embeddable":true,"href":"https:\/\/www.avrasyadental.com\/ar\/wp-json\/wp\/v2\/product_brand?post=4847"},{"taxonomy":"product_cat","embeddable":true,"href":"https:\/\/www.avrasyadental.com\/ar\/wp-json\/wp\/v2\/product_cat?post=4847"},{"taxonomy":"product_tag","embeddable":true,"href":"https:\/\/www.avrasyadental.com\/ar\/wp-json\/wp\/v2\/product_tag?post=4847"}],"curies":[{"name":"wp","href":"https:\/\/api.w.org\/{rel}","templated":true}]}}