{"id":5771,"date":"2024-08-20T14:20:51","date_gmt":"2024-08-20T11:20:51","guid":{"rendered":"https:\/\/www.avrasyadental.com\/?post_type=product&#038;p=5771"},"modified":"2025-04-04T14:14:33","modified_gmt":"2025-04-04T11:14:33","slug":"zhermack-elite-hd-a-silikon-olcu-takim-fast-set","status":"publish","type":"product","link":"https:\/\/www.avrasyadental.com\/ar\/urun\/zhermack-elite-hd-a-silikon-olcu-takim-fast-set\/","title":{"rendered":"Zhermack Elite HD+ A Silikon \u00d6l\u00e7\u00fc Tak\u0131m &#8211; Fast Set"},"content":{"rendered":"<p>Elite HD, vinilpolisiloksan (VPS) esasl\u0131 A-tipi bir silikon 2. \u00f6l\u00e7\u00fc maddesidir ve Ak\u0131c\u0131l\u0131\u011f\u0131 fazla Tip 3 silikon olarak s\u0131n\u0131fland\u0131r\u0131l\u0131r, bu da Amerikan Di\u015fhekimleri Birli\u011fi (ADA) standard\u0131 19&#8217;a uygun oldu\u011funu g\u00f6sterir. Nano teknoloji ile geli\u015ftirilmi\u015f olan bu \u00f6l\u00e7\u00fc maddesi, hidrofilik \u00f6zelliklere de sahiptir, bu \u00f6zellik suyla daha iyi uyum sa\u011flamas\u0131n\u0131 ve net \u00f6l\u00e7\u00fcmler elde etmeyi sa\u011flar.<\/p>\n<p>Toplam a\u011f\u0131zda kalma s\u00fcresi 3 dakika 30 saniye olan bu \u00fcr\u00fcn, h\u0131zl\u0131 ve etkili \u00f6l\u00e7\u00fcm i\u015flemleri i\u00e7in uygundur. Shore-A sertli\u011fi 45\u00b12 de\u011ferinde olup, yeterli yumu\u015fakl\u0131k ve esnekli\u011fe sahiptir. Geri d\u00f6n\u00fc\u015f elastikiyeti %99,5&#8217;ten fazla olan bu \u00f6l\u00e7\u00fc maddesi, son derece esnektir ve kullan\u0131m s\u0131ras\u0131nda ve sonras\u0131nda formunu etkin bir \u015fekilde korur. Bu \u00f6zellikler, \u00fcr\u00fcn\u00fcn di\u015f hekimli\u011fi uygulamalar\u0131nda hassas ve do\u011fru ikinci \u00f6l\u00e7\u00fcm malzemesi olarak tercih edilmesini sa\u011flar.<\/p>","protected":false},"excerpt":{"rendered":"<p>Elite HD+, nanoteknolojiyi hidrofilik \u00f6zelliklerle birle\u015ftirerek, zorlu klinik durumlarda dahi \u00fcst\u00fcn performans sa\u011flayan bir ilave silikon materyalidir. Silikon matrisi i\u00e7erisindeki nanopartik\u00fcller sayesinde, di\u015feti olu\u011funun ula\u015f\u0131lmas\u0131 g\u00fc\u00e7 b\u00f6lgelerine ak\u0131\u015fkanl\u0131k artar ve detay alma yetene\u011fi \u00fcst seviyeye \u00e7\u0131kar. Bu geli\u015fmi\u015f teknoloji sayesinde bilgi h\u0131zl\u0131 \u015fekilde elde edilirken, \u00f6l\u00e7\u00fc s\u0131ras\u0131nda kabarc\u0131k olu\u015fumu riski belirgin \u015fekilde azal\u0131r. Hem \u00e7ift hem de tek fazl\u0131, tek a\u015famal\u0131 \u00f6l\u00e7\u00fc y\u00f6ntemlerinde kullan\u0131labilir ve sabit ya da hareketli protez uygulamalar\u0131 i\u00e7in uygundur.<\/p>","protected":false},"featured_media":5772,"comment_status":"open","ping_status":"closed","template":"","meta":[],"product_brand":[],"product_cat":[1374,1373,1347],"product_tag":[1714,1713,1612,1559],"class_list":{"0":"post-5771","1":"product","2":"type-product","3":"status-publish","4":"has-post-thumbnail","6":"product_cat-a-tipi","7":"product_cat-olcu-aletleri","8":"product_cat-protetik-tedavi","9":"product_tag-a-tipi","10":"product_tag-elite-hd","11":"product_tag-silikon","12":"product_tag-zhermack","14":"first","15":"instock","16":"sale","17":"featured","18":"taxable","19":"shipping-taxable","20":"purchasable","21":"product-type-simple"},"_links":{"self":[{"href":"https:\/\/www.avrasyadental.com\/ar\/wp-json\/wp\/v2\/product\/5771","targetHints":{"allow":["GET"]}}],"collection":[{"href":"https:\/\/www.avrasyadental.com\/ar\/wp-json\/wp\/v2\/product"}],"about":[{"href":"https:\/\/www.avrasyadental.com\/ar\/wp-json\/wp\/v2\/types\/product"}],"replies":[{"embeddable":true,"href":"https:\/\/www.avrasyadental.com\/ar\/wp-json\/wp\/v2\/comments?post=5771"}],"wp:featuredmedia":[{"embeddable":true,"href":"https:\/\/www.avrasyadental.com\/ar\/wp-json\/wp\/v2\/media\/5772"}],"wp:attachment":[{"href":"https:\/\/www.avrasyadental.com\/ar\/wp-json\/wp\/v2\/media?parent=5771"}],"wp:term":[{"taxonomy":"product_brand","embeddable":true,"href":"https:\/\/www.avrasyadental.com\/ar\/wp-json\/wp\/v2\/product_brand?post=5771"},{"taxonomy":"product_cat","embeddable":true,"href":"https:\/\/www.avrasyadental.com\/ar\/wp-json\/wp\/v2\/product_cat?post=5771"},{"taxonomy":"product_tag","embeddable":true,"href":"https:\/\/www.avrasyadental.com\/ar\/wp-json\/wp\/v2\/product_tag?post=5771"}],"curies":[{"name":"wp","href":"https:\/\/api.w.org\/{rel}","templated":true}]}}