{"id":6853,"date":"2025-05-12T14:34:41","date_gmt":"2025-05-12T11:34:41","guid":{"rendered":"https:\/\/www.avrasyadental.com\/?post_type=product&#038;p=6853"},"modified":"2025-05-12T16:47:53","modified_gmt":"2025-05-12T13:47:53","slug":"nsk-flash-pearl-airflow-tozu-4x-300-gr","status":"publish","type":"product","link":"https:\/\/www.avrasyadental.com\/ar\/urun\/nsk-flash-pearl-airflow-tozu-4x-300-gr\/","title":{"rendered":"NSK FLASH PEARL Airflow Tozu (4x 300 gr.)"},"content":{"rendered":"<p>Flash Pearl tozu k\u00fcresel yap\u0131s\u0131 ile di\u015f y\u00fczeyine zarar vermez ve en derin\u00a0noktalara ula\u015farak h\u0131zl\u0131 ve etkin temizlik sa\u011flar.<\/p>\n<p>\u2022 Leke, plak ve di\u015f ta\u015f\u0131 temizli\u011finde \u00e7ok etkin<br \/>\n\u2022 \u00c7evre dostu ve di\u015f \u00fcnitinizin giderini t\u0131kamaz<br \/>\n\u2022 Sodyum i\u00e7ermeyen do\u011fal tat<br \/>\n\u2022 Yumu\u015fak dokusu sayesinde di\u015flere zarar vermez<br \/>\n\u2022 Konvensiyonel sodyum bikarbonat toz yerine kalsiyum tozu i\u00e7erir\u00a0ve a\u011f\u0131zdaki s\u0131v\u0131lar\u0131n asit derecesini azaltarak a\u011f\u0131zdaki bakteri ve\u00a0di\u015f ta\u015f\u0131 olu\u015fumunu \u00f6nler<br \/>\n\u2022 Bakteri olu\u015fumunu azaltarak di\u015f ta\u015f\u0131 olu\u015fumunu yava\u015flat\u0131r.<\/p>","protected":false},"excerpt":{"rendered":"<p>Flash Pearl tozu, k\u00fcresel yap\u0131s\u0131 sayesinde di\u015f y\u00fczeyine zarar vermez ve en derin alanlara ula\u015farak etkili temizlik sunar. Leke, plak ve di\u015f ta\u015f\u0131 temizli\u011finde son derece etkilidir. Sodyum i\u00e7ermez, \u00e7evre dostudur ve giderleri t\u0131kamaz. Kalsiyum i\u00e7eri\u011fi ile bakteri ve di\u015f ta\u015f\u0131 olu\u015fumunu azalt\u0131r.<\/p>","protected":false},"featured_media":6854,"comment_status":"open","ping_status":"closed","template":"","meta":[],"product_brand":[],"product_cat":[1347,1381,1778],"product_tag":[1787,1551],"class_list":{"0":"post-6853","1":"product","2":"type-product","3":"status-publish","4":"has-post-thumbnail","6":"product_cat-protetik-tedavi","7":"product_cat-detertraj-beyazlatma","8":"product_cat-profilaksi","9":"product_tag-airflow","10":"product_tag-nsk","12":"first","13":"instock","14":"sale","15":"featured","16":"taxable","17":"shipping-taxable","18":"purchasable","19":"product-type-simple"},"_links":{"self":[{"href":"https:\/\/www.avrasyadental.com\/ar\/wp-json\/wp\/v2\/product\/6853","targetHints":{"allow":["GET"]}}],"collection":[{"href":"https:\/\/www.avrasyadental.com\/ar\/wp-json\/wp\/v2\/product"}],"about":[{"href":"https:\/\/www.avrasyadental.com\/ar\/wp-json\/wp\/v2\/types\/product"}],"replies":[{"embeddable":true,"href":"https:\/\/www.avrasyadental.com\/ar\/wp-json\/wp\/v2\/comments?post=6853"}],"wp:featuredmedia":[{"embeddable":true,"href":"https:\/\/www.avrasyadental.com\/ar\/wp-json\/wp\/v2\/media\/6854"}],"wp:attachment":[{"href":"https:\/\/www.avrasyadental.com\/ar\/wp-json\/wp\/v2\/media?parent=6853"}],"wp:term":[{"taxonomy":"product_brand","embeddable":true,"href":"https:\/\/www.avrasyadental.com\/ar\/wp-json\/wp\/v2\/product_brand?post=6853"},{"taxonomy":"product_cat","embeddable":true,"href":"https:\/\/www.avrasyadental.com\/ar\/wp-json\/wp\/v2\/product_cat?post=6853"},{"taxonomy":"product_tag","embeddable":true,"href":"https:\/\/www.avrasyadental.com\/ar\/wp-json\/wp\/v2\/product_tag?post=6853"}],"curies":[{"name":"wp","href":"https:\/\/api.w.org\/{rel}","templated":true}]}}