{"id":6909,"date":"2025-05-13T16:19:52","date_gmt":"2025-05-13T13:19:52","guid":{"rendered":"https:\/\/www.avrasyadental.com\/?post_type=product&#038;p=6909"},"modified":"2025-05-13T16:19:54","modified_gmt":"2025-05-13T13:19:54","slug":"pulpdent-pic-n-stic-lamine-tasiyici","status":"publish","type":"product","link":"https:\/\/www.avrasyadental.com\/ar\/urun\/pulpdent-pic-n-stic-lamine-tasiyici\/","title":{"rendered":"Pulpdent Pic-n-Stic Lamine Ta\u015f\u0131y\u0131c\u0131"},"content":{"rendered":"<p class=\"\" data-start=\"89\" data-end=\"260\">K\u00fc\u00e7\u00fck nesneleri tutmak i\u00e7in tasarlanm\u0131\u015f orijinal &#8220;tutma sap\u0131&#8221;, di\u015f hekimli\u011finden maket yap\u0131m\u0131na, i\u015fitme cihaz\u0131 pillerini de\u011fi\u015ftirmeye kadar bir\u00e7ok alanda kullan\u0131labilir.<\/p>\n<p class=\"\" data-start=\"262\" data-end=\"348\">2 mm \u00e7ap\u0131nda ve 5 cm (2 in\u00e7) uzunlu\u011fundaki \u00e7ubu\u011fun bir ucunda yap\u0131\u015fkan bir u\u00e7 bulunur.<\/p>","protected":false},"excerpt":{"rendered":"<p class=\"\" data-start=\"89\" data-end=\"260\">K\u00fc\u00e7\u00fck nesneleri tutmak i\u00e7in tasarlanm\u0131\u015f orijinal &#8220;tutma sap\u0131&#8221;, di\u015f hekimli\u011finden maket yap\u0131m\u0131na, i\u015fitme cihaz\u0131 pillerini de\u011fi\u015ftirmeye kadar bir\u00e7ok alanda kullan\u0131labilir.<\/p>\n<p class=\"\" data-start=\"262\" data-end=\"348\">2 mm \u00e7ap\u0131nda ve 5 cm (2 in\u00e7) uzunlu\u011fundaki \u00e7ubu\u011fun bir ucunda yap\u0131\u015fkan bir u\u00e7 bulunur.<\/p>","protected":false},"featured_media":6911,"comment_status":"open","ping_status":"closed","template":"","meta":[],"product_brand":[],"product_cat":[1347,1372,1366],"product_tag":[1651,1803,1808,1752],"class_list":{"0":"post-6909","1":"product","2":"type-product","3":"status-publish","4":"has-post-thumbnail","6":"product_cat-protetik-tedavi","7":"product_cat-diger-simantasyon-urunleri","8":"product_cat-simantasyon","9":"product_tag-lamine","10":"product_tag-pulpdent","11":"product_tag-stic","12":"product_tag-tasiyici","14":"first","15":"instock","16":"sale","17":"taxable","18":"shipping-taxable","19":"purchasable","20":"product-type-simple"},"_links":{"self":[{"href":"https:\/\/www.avrasyadental.com\/ar\/wp-json\/wp\/v2\/product\/6909","targetHints":{"allow":["GET"]}}],"collection":[{"href":"https:\/\/www.avrasyadental.com\/ar\/wp-json\/wp\/v2\/product"}],"about":[{"href":"https:\/\/www.avrasyadental.com\/ar\/wp-json\/wp\/v2\/types\/product"}],"replies":[{"embeddable":true,"href":"https:\/\/www.avrasyadental.com\/ar\/wp-json\/wp\/v2\/comments?post=6909"}],"wp:featuredmedia":[{"embeddable":true,"href":"https:\/\/www.avrasyadental.com\/ar\/wp-json\/wp\/v2\/media\/6911"}],"wp:attachment":[{"href":"https:\/\/www.avrasyadental.com\/ar\/wp-json\/wp\/v2\/media?parent=6909"}],"wp:term":[{"taxonomy":"product_brand","embeddable":true,"href":"https:\/\/www.avrasyadental.com\/ar\/wp-json\/wp\/v2\/product_brand?post=6909"},{"taxonomy":"product_cat","embeddable":true,"href":"https:\/\/www.avrasyadental.com\/ar\/wp-json\/wp\/v2\/product_cat?post=6909"},{"taxonomy":"product_tag","embeddable":true,"href":"https:\/\/www.avrasyadental.com\/ar\/wp-json\/wp\/v2\/product_tag?post=6909"}],"curies":[{"name":"wp","href":"https:\/\/api.w.org\/{rel}","templated":true}]}}