{"id":6971,"date":"2025-05-14T15:20:15","date_gmt":"2025-05-14T12:20:15","guid":{"rendered":"https:\/\/www.avrasyadental.com\/?post_type=product&#038;p=6971"},"modified":"2025-05-14T15:20:16","modified_gmt":"2025-05-14T12:20:16","slug":"pulpdent-porselen-asidi","status":"publish","type":"product","link":"https:\/\/www.avrasyadental.com\/ar\/urun\/pulpdent-porselen-asidi\/","title":{"rendered":"Pulpdent Porselen Asidi"},"content":{"rendered":"<p>Bir dakikal\u0131k uygulama, porselen kuronlar\u0131, laminalar\u0131, inleyleri ve k\u0131r\u0131k porselen y\u00fczeyleri yap\u0131\u015ft\u0131rma \u00f6ncesinde asitle p\u00fcr\u00fczlendirir. Bu \u00fcst\u00fcn kaliteli porselen asit jel, porselenleri, kompozitleri veya re\u00e7ine simanlar\u0131n\u0131 lekelemez.<\/p>\n<ul>\n<li>Seramik veya kompozitleri lekelemez<\/li>\n<li>Bir dakikal\u0131k asitleme<\/li>\n<li>Tiksotropiktir \u2013 uyguland\u0131\u011f\u0131 yerde kal\u0131r<\/li>\n<li>Tamponlanm\u0131\u015f form\u00fcl<\/li>\n<li>Kolayca y\u0131kan\u0131r<\/li>\n<\/ul>","protected":false},"excerpt":{"rendered":"<p>Bir dakikal\u0131k uygulama, porselen kuronlar\u0131, laminalar\u0131, inleyleri ve k\u0131r\u0131k porselen y\u00fczeyleri yap\u0131\u015ft\u0131rma \u00f6ncesinde asitle p\u00fcr\u00fczlendirir. Bu \u00fcst\u00fcn kaliteli porselen asit jel, porselenleri, kompozitleri veya re\u00e7ine simanlar\u0131n\u0131 lekelemez.<\/p>","protected":false},"featured_media":6972,"comment_status":"open","ping_status":"closed","template":"","meta":[],"product_brand":[],"product_cat":[1292,1308,1311],"product_tag":[1745,1746,1803],"class_list":{"0":"post-6971","1":"product","2":"type-product","3":"status-publish","4":"has-post-thumbnail","6":"product_cat-restoratif","7":"product_cat-bond-asit","8":"product_cat-sari-asit","9":"product_tag-etch","10":"product_tag-porselen-asidi","11":"product_tag-pulpdent","13":"first","14":"instock","15":"sale","16":"taxable","17":"shipping-taxable","18":"purchasable","19":"product-type-simple"},"_links":{"self":[{"href":"https:\/\/www.avrasyadental.com\/ar\/wp-json\/wp\/v2\/product\/6971","targetHints":{"allow":["GET"]}}],"collection":[{"href":"https:\/\/www.avrasyadental.com\/ar\/wp-json\/wp\/v2\/product"}],"about":[{"href":"https:\/\/www.avrasyadental.com\/ar\/wp-json\/wp\/v2\/types\/product"}],"replies":[{"embeddable":true,"href":"https:\/\/www.avrasyadental.com\/ar\/wp-json\/wp\/v2\/comments?post=6971"}],"wp:featuredmedia":[{"embeddable":true,"href":"https:\/\/www.avrasyadental.com\/ar\/wp-json\/wp\/v2\/media\/6972"}],"wp:attachment":[{"href":"https:\/\/www.avrasyadental.com\/ar\/wp-json\/wp\/v2\/media?parent=6971"}],"wp:term":[{"taxonomy":"product_brand","embeddable":true,"href":"https:\/\/www.avrasyadental.com\/ar\/wp-json\/wp\/v2\/product_brand?post=6971"},{"taxonomy":"product_cat","embeddable":true,"href":"https:\/\/www.avrasyadental.com\/ar\/wp-json\/wp\/v2\/product_cat?post=6971"},{"taxonomy":"product_tag","embeddable":true,"href":"https:\/\/www.avrasyadental.com\/ar\/wp-json\/wp\/v2\/product_tag?post=6971"}],"curies":[{"name":"wp","href":"https:\/\/api.w.org\/{rel}","templated":true}]}}