{"id":7060,"date":"2025-05-21T15:58:51","date_gmt":"2025-05-21T12:58:51","guid":{"rendered":"https:\/\/www.avrasyadental.com\/?post_type=product&#038;p=7060"},"modified":"2025-05-21T15:58:52","modified_gmt":"2025-05-21T12:58:52","slug":"meta-biomed-md-temp-gecici-dolgu","status":"publish","type":"product","link":"https:\/\/www.avrasyadental.com\/ar\/urun\/meta-biomed-md-temp-gecici-dolgu\/","title":{"rendered":"Meta Biomed MD-Temp Ge\u00e7ici Dolgu"},"content":{"rendered":"<p>Ge\u00e7ici dolgu materyalidir.<br \/>\nKullan\u0131ma haz\u0131r \u00e7inko s\u00fclfat bazl\u0131d\u0131r.<br \/>\nT\u00fck\u00fcr\u00fc\u011f\u00fcn etkisiyle a\u011f\u0131zda sertle\u015fir, kavitede y\u00fcksek ba\u011flanma direnci ve iyi marjinal \u00f6rt\u00fcleme g\u00f6sterir.<br \/>\nKolay uygulan\u0131r ve \u00e7\u0131kar\u0131l\u0131r.<\/p>","protected":false},"excerpt":{"rendered":"<p>Ge\u00e7ici dolgu materyalidir.<br \/>\nKullan\u0131ma haz\u0131r \u00e7inko s\u00fclfat bazl\u0131d\u0131r.<br \/>\nT\u00fck\u00fcr\u00fc\u011f\u00fcn etkisiyle a\u011f\u0131zda sertle\u015fir, kavitede y\u00fcksek ba\u011flanma direnci ve iyi marjinal \u00f6rt\u00fcleme g\u00f6sterir.<br \/>\nKolay uygulan\u0131r ve \u00e7\u0131kar\u0131l\u0131r.<\/p>","protected":false},"featured_media":7062,"comment_status":"open","ping_status":"closed","template":"","meta":[],"product_brand":[],"product_cat":[1319,1323,1320],"product_tag":[1609,1731,1536],"class_list":{"0":"post-7060","1":"product","2":"type-product","3":"status-publish","4":"has-post-thumbnail","6":"product_cat-endodonti","7":"product_cat-gecici-dolgu","8":"product_cat-tedavi","9":"product_tag-cavit","10":"product_tag-gecici","11":"product_tag-meta","13":"first","14":"instock","15":"taxable","16":"shipping-taxable","17":"purchasable","18":"product-type-simple"},"_links":{"self":[{"href":"https:\/\/www.avrasyadental.com\/ar\/wp-json\/wp\/v2\/product\/7060","targetHints":{"allow":["GET"]}}],"collection":[{"href":"https:\/\/www.avrasyadental.com\/ar\/wp-json\/wp\/v2\/product"}],"about":[{"href":"https:\/\/www.avrasyadental.com\/ar\/wp-json\/wp\/v2\/types\/product"}],"replies":[{"embeddable":true,"href":"https:\/\/www.avrasyadental.com\/ar\/wp-json\/wp\/v2\/comments?post=7060"}],"wp:featuredmedia":[{"embeddable":true,"href":"https:\/\/www.avrasyadental.com\/ar\/wp-json\/wp\/v2\/media\/7062"}],"wp:attachment":[{"href":"https:\/\/www.avrasyadental.com\/ar\/wp-json\/wp\/v2\/media?parent=7060"}],"wp:term":[{"taxonomy":"product_brand","embeddable":true,"href":"https:\/\/www.avrasyadental.com\/ar\/wp-json\/wp\/v2\/product_brand?post=7060"},{"taxonomy":"product_cat","embeddable":true,"href":"https:\/\/www.avrasyadental.com\/ar\/wp-json\/wp\/v2\/product_cat?post=7060"},{"taxonomy":"product_tag","embeddable":true,"href":"https:\/\/www.avrasyadental.com\/ar\/wp-json\/wp\/v2\/product_tag?post=7060"}],"curies":[{"name":"wp","href":"https:\/\/api.w.org\/{rel}","templated":true}]}}