{"id":7128,"date":"2025-05-27T12:03:46","date_gmt":"2025-05-27T09:03:46","guid":{"rendered":"https:\/\/www.avrasyadental.com\/?post_type=product&#038;p=7128"},"modified":"2025-05-27T12:10:47","modified_gmt":"2025-05-27T09:10:47","slug":"solventum-3m-astringement-retraction-paste","status":"publish","type":"product","link":"https:\/\/www.avrasyadental.com\/ar\/urun\/solventum-3m-astringement-retraction-paste\/","title":{"rendered":"Solventum 3M Astringement Retraction Paste"},"content":{"rendered":"<p class=\"\" data-start=\"64\" data-end=\"237\">3M Astringement Retraction Paste, ince kaps\u00fcl ucu sayesinde sulcus i\u00e7ine kolay ve hassas uygulama sa\u011flar. Uzun s\u00fcreli hemostaz ile temiz ve kuru bir \u00e7al\u0131\u015fma alan\u0131 olu\u015fturur.<\/p>\n<p class=\"\" data-start=\"239\" data-end=\"256\"><strong data-start=\"239\" data-end=\"254\">Avantajlar:<\/strong><\/p>\n<ul data-start=\"257\" data-end=\"449\">\n<li class=\"\" data-start=\"257\" data-end=\"296\">\n<p class=\"\" data-start=\"259\" data-end=\"296\">%50\u2019ye kadar daha h\u0131zl\u0131 retraksiyon<\/p>\n<\/li>\n<li class=\"\" data-start=\"297\" data-end=\"338\">\n<p class=\"\" data-start=\"299\" data-end=\"338\">Dokuya nazik, hasta konforunu art\u0131r\u0131r<\/p>\n<\/li>\n<li class=\"\" data-start=\"339\" data-end=\"371\">\n<p class=\"\" data-start=\"341\" data-end=\"371\">Tek dozluk hijyenik kullan\u0131m<\/p>\n<\/li>\n<li class=\"\" data-start=\"372\" data-end=\"408\">\n<p class=\"\" data-start=\"374\" data-end=\"408\">\u0130pe g\u00f6re daha d\u00fc\u015f\u00fck kanama riski<\/p>\n<\/li>\n<li class=\"\" data-start=\"409\" data-end=\"449\">\n<p class=\"\" data-start=\"411\" data-end=\"449\">Interproksimal alanlara kolay eri\u015fim<\/p>\n<\/li>\n<\/ul>","protected":false},"excerpt":{"rendered":"<p>3M Astringement Retraction Paste, ince kaps\u00fcl ucu sayesinde sulcus i\u00e7ine kolay ve hassas uygulama sa\u011flar. Uzun s\u00fcreli hemostaz ile temiz ve kuru bir \u00e7al\u0131\u015fma alan\u0131 olu\u015fturur.<\/p>","protected":false},"featured_media":7129,"comment_status":"open","ping_status":"closed","template":"","meta":[],"product_brand":[],"product_cat":[1347,1348,1352],"product_tag":[1607,1841,1726],"class_list":{"0":"post-7128","1":"product","2":"type-product","3":"status-publish","4":"has-post-thumbnail","6":"product_cat-protetik-tedavi","7":"product_cat-protez","8":"product_cat-retraksiyon-ipi","9":"product_tag-3m","10":"product_tag-retraction","11":"product_tag-solventum","13":"first","14":"instock","15":"sale","16":"taxable","17":"shipping-taxable","18":"purchasable","19":"product-type-simple"},"_links":{"self":[{"href":"https:\/\/www.avrasyadental.com\/ar\/wp-json\/wp\/v2\/product\/7128","targetHints":{"allow":["GET"]}}],"collection":[{"href":"https:\/\/www.avrasyadental.com\/ar\/wp-json\/wp\/v2\/product"}],"about":[{"href":"https:\/\/www.avrasyadental.com\/ar\/wp-json\/wp\/v2\/types\/product"}],"replies":[{"embeddable":true,"href":"https:\/\/www.avrasyadental.com\/ar\/wp-json\/wp\/v2\/comments?post=7128"}],"wp:featuredmedia":[{"embeddable":true,"href":"https:\/\/www.avrasyadental.com\/ar\/wp-json\/wp\/v2\/media\/7129"}],"wp:attachment":[{"href":"https:\/\/www.avrasyadental.com\/ar\/wp-json\/wp\/v2\/media?parent=7128"}],"wp:term":[{"taxonomy":"product_brand","embeddable":true,"href":"https:\/\/www.avrasyadental.com\/ar\/wp-json\/wp\/v2\/product_brand?post=7128"},{"taxonomy":"product_cat","embeddable":true,"href":"https:\/\/www.avrasyadental.com\/ar\/wp-json\/wp\/v2\/product_cat?post=7128"},{"taxonomy":"product_tag","embeddable":true,"href":"https:\/\/www.avrasyadental.com\/ar\/wp-json\/wp\/v2\/product_tag?post=7128"}],"curies":[{"name":"wp","href":"https:\/\/api.w.org\/{rel}","templated":true}]}}