{"id":7602,"date":"2025-07-09T15:47:15","date_gmt":"2025-07-09T12:47:15","guid":{"rendered":"https:\/\/www.avrasyadental.com\/?post_type=product&#038;p=7602"},"modified":"2025-07-14T13:25:52","modified_gmt":"2025-07-14T10:25:52","slug":"kerr-sealapex-kanal-dolgu-pati","status":"publish","type":"product","link":"https:\/\/www.avrasyadental.com\/ar\/urun\/kerr-sealapex-kanal-dolgu-pati\/","title":{"rendered":"Kerr Sealapex Kanal Dolgu Pat\u0131"},"content":{"rendered":"<p data-start=\"90\" data-end=\"136\"><strong data-start=\"90\" data-end=\"134\">KERR DENTAL Sealapex Kanal Dolgu Maddesi<\/strong><\/p>\n<p data-start=\"138\" data-end=\"442\">Eugenol i\u00e7ermeyen, kalsiyum hidroksit esasl\u0131 Sealapex; biyouyumlu yap\u0131s\u0131, %32 hacimsel genle\u015fme \u00f6zelli\u011fi ve kolay uygulanabilir formu ile kanal tedavilerinde g\u00fcvenilir bir \u00e7\u00f6z\u00fcm sunar. Sert doku olu\u015fumunu destekler, post-operatif hassasiyeti \u00f6nler ve uzun \u00e7al\u0131\u015fma s\u00fcresiyle kullan\u0131c\u0131ya rahatl\u0131k sa\u011flar.<\/p>\n<p>KERR DENTAL Sealapex Kanal Dolgu Maddesi \u00d6zellikleri<\/p>\n<p>Kanal i\u00e7inde donarken %32 oran\u0131nda hacimsel genle\u015fme g\u00f6sterir. Bu sayede kanal duvarlar\u0131na s\u0131k\u0131ca tutunur ve kanalda bo\u015fluk olu\u015fumunu \u00f6nler.<\/p>\n<p>Apekste ve perforasyon b\u00f6lgelerinde sert doku olu\u015fumunu destekler, iyile\u015fme s\u00fcrecine katk\u0131 sa\u011flar.<\/p>\n<p>Doku dostu form\u00fcl\u00fc sayesinde post-operatif hassasiyet olu\u015fturmaz, hasta konforunu art\u0131r\u0131r.<\/p>\n<p>A\u011f\u0131z d\u0131\u015f\u0131nda ge\u00e7 sertle\u015fir, uzun \u00e7al\u0131\u015fma s\u00fcresi ile uygulama kolayl\u0131\u011f\u0131 sunar.<\/p>\n<p>\u0130\u015flenebilir k\u0131vam\u0131 sayesinde kolay ve pratik bir \u015fekilde uygulanabilir.<\/p>\n<p>Uygulama Talimat\u0131:<br \/>\nBaz ve kataliz\u00f6r, e\u015fit oranlarda (1:1) kar\u0131\u015ft\u0131r\u0131larak kullan\u0131ma haz\u0131r h\u00e2le getirilir.<\/p>","protected":false},"excerpt":{"rendered":"<p data-start=\"90\" data-end=\"136\">KERR DENTAL Sealapex Kanal Dolgu Maddesi<\/p>\n<p data-start=\"138\" data-end=\"442\">Eugenol i\u00e7ermeyen, kalsiyum hidroksit esasl\u0131 Sealapex; biyouyumlu yap\u0131s\u0131, %32 hacimsel genle\u015fme \u00f6zelli\u011fi ve kolay uygulanabilir formu ile kanal tedavilerinde g\u00fcvenilir bir \u00e7\u00f6z\u00fcm sunar. Sert doku olu\u015fumunu destekler, post-operatif hassasiyeti \u00f6nler ve uzun \u00e7al\u0131\u015fma s\u00fcresiyle kullan\u0131c\u0131ya rahatl\u0131k sa\u011flar.<\/p>","protected":false},"featured_media":7603,"comment_status":"open","ping_status":"closed","template":"","meta":[],"product_brand":[],"product_cat":[1319,1321,1320],"product_tag":[1813,1537,1655,1666],"class_list":{"0":"post-7602","1":"product","2":"type-product","3":"status-publish","4":"has-post-thumbnail","6":"product_cat-endodonti","7":"product_cat-kanal-pati","8":"product_cat-tedavi","9":"product_tag-kanal","10":"product_tag-kerr","11":"product_tag-pat","12":"product_tag-sealapex","14":"first","15":"instock","16":"taxable","17":"shipping-taxable","18":"purchasable","19":"product-type-simple"},"_links":{"self":[{"href":"https:\/\/www.avrasyadental.com\/ar\/wp-json\/wp\/v2\/product\/7602","targetHints":{"allow":["GET"]}}],"collection":[{"href":"https:\/\/www.avrasyadental.com\/ar\/wp-json\/wp\/v2\/product"}],"about":[{"href":"https:\/\/www.avrasyadental.com\/ar\/wp-json\/wp\/v2\/types\/product"}],"replies":[{"embeddable":true,"href":"https:\/\/www.avrasyadental.com\/ar\/wp-json\/wp\/v2\/comments?post=7602"}],"wp:featuredmedia":[{"embeddable":true,"href":"https:\/\/www.avrasyadental.com\/ar\/wp-json\/wp\/v2\/media\/7603"}],"wp:attachment":[{"href":"https:\/\/www.avrasyadental.com\/ar\/wp-json\/wp\/v2\/media?parent=7602"}],"wp:term":[{"taxonomy":"product_brand","embeddable":true,"href":"https:\/\/www.avrasyadental.com\/ar\/wp-json\/wp\/v2\/product_brand?post=7602"},{"taxonomy":"product_cat","embeddable":true,"href":"https:\/\/www.avrasyadental.com\/ar\/wp-json\/wp\/v2\/product_cat?post=7602"},{"taxonomy":"product_tag","embeddable":true,"href":"https:\/\/www.avrasyadental.com\/ar\/wp-json\/wp\/v2\/product_tag?post=7602"}],"curies":[{"name":"wp","href":"https:\/\/api.w.org\/{rel}","templated":true}]}}