{"id":7675,"date":"2025-07-14T14:19:45","date_gmt":"2025-07-14T11:19:45","guid":{"rendered":"https:\/\/www.avrasyadental.com\/?post_type=product&#038;p=7675"},"modified":"2025-07-14T14:36:00","modified_gmt":"2025-07-14T11:36:00","slug":"kerr-yesil-mum-cubuk-impression-compound","status":"publish","type":"product","link":"https:\/\/www.avrasyadental.com\/ar\/urun\/kerr-yesil-mum-cubuk-impression-compound\/","title":{"rendered":"KERR Ye\u015fil Mum \u00c7ubuk Impression Compound"},"content":{"rendered":"<p>Is\u0131 ile \u015fekillendirilen protez kenarlar\u0131n\u0131n belirlenmesinde kullan\u0131lan \u00e7ubuk \u015feklinde\u00a0\u00f6l\u00e7\u00fc\u00a0materyali.<\/p>","protected":false},"excerpt":{"rendered":"<p>Is\u0131 ile \u015fekillendirilen protez kenarlar\u0131n\u0131n belirlenmesinde kullan\u0131lan \u00e7ubuk \u015feklinde\u00a0\u00f6l\u00e7\u00fc\u00a0materyali.<\/p>","protected":false},"featured_media":7677,"comment_status":"open","ping_status":"closed","template":"","meta":[],"product_brand":[],"product_cat":[1412,1380,1347],"product_tag":[1879,1537,1878],"class_list":{"0":"post-7675","1":"product","2":"type-product","3":"status-publish","4":"has-post-thumbnail","6":"product_cat-olcu","7":"product_cat-diger-olcu-aletleri-urunleri","8":"product_cat-protetik-tedavi","9":"product_tag-compound","10":"product_tag-kerr","11":"product_tag-yesil-cubuk","13":"first","14":"instock","15":"sale","16":"taxable","17":"shipping-taxable","18":"purchasable","19":"product-type-simple"},"_links":{"self":[{"href":"https:\/\/www.avrasyadental.com\/ar\/wp-json\/wp\/v2\/product\/7675","targetHints":{"allow":["GET"]}}],"collection":[{"href":"https:\/\/www.avrasyadental.com\/ar\/wp-json\/wp\/v2\/product"}],"about":[{"href":"https:\/\/www.avrasyadental.com\/ar\/wp-json\/wp\/v2\/types\/product"}],"replies":[{"embeddable":true,"href":"https:\/\/www.avrasyadental.com\/ar\/wp-json\/wp\/v2\/comments?post=7675"}],"wp:featuredmedia":[{"embeddable":true,"href":"https:\/\/www.avrasyadental.com\/ar\/wp-json\/wp\/v2\/media\/7677"}],"wp:attachment":[{"href":"https:\/\/www.avrasyadental.com\/ar\/wp-json\/wp\/v2\/media?parent=7675"}],"wp:term":[{"taxonomy":"product_brand","embeddable":true,"href":"https:\/\/www.avrasyadental.com\/ar\/wp-json\/wp\/v2\/product_brand?post=7675"},{"taxonomy":"product_cat","embeddable":true,"href":"https:\/\/www.avrasyadental.com\/ar\/wp-json\/wp\/v2\/product_cat?post=7675"},{"taxonomy":"product_tag","embeddable":true,"href":"https:\/\/www.avrasyadental.com\/ar\/wp-json\/wp\/v2\/product_tag?post=7675"}],"curies":[{"name":"wp","href":"https:\/\/api.w.org\/{rel}","templated":true}]}}