{"id":7929,"date":"2025-07-21T15:00:27","date_gmt":"2025-07-21T12:00:27","guid":{"rendered":"https:\/\/www.avrasyadental.com\/?post_type=product&#038;p=7929"},"modified":"2025-07-21T15:17:26","modified_gmt":"2025-07-21T12:17:26","slug":"imicryl-imident-gecici-kron-kopru-akriligi-450-g-toz","status":"publish","type":"product","link":"https:\/\/www.avrasyadental.com\/ar\/urun\/imicryl-imident-gecici-kron-kopru-akriligi-450-g-toz\/","title":{"rendered":"IMICRYL Imident Ge\u00e7ici Kron &#038; K\u00f6pr\u00fc Akrili\u011fi 450 g Toz"},"content":{"rendered":"<p><strong>AVANTAJLAR\u00a0<\/strong><\/p>\n<p>A\u00e7\u0131ktan koyuya de\u011fi\u015fik renk \u00e7e\u015fitleri mevcuttur<\/p>\n<p>M\u00fckemmel bir renk stabilitesine sahiptir. Porozite yapmaz.<\/p>\n<p>(SC) Self Cure likidi ile kullan\u0131ld\u0131\u011f\u0131nda self cure olarak davran\u0131r<\/p>\n<p>(IQ\u201315) Heat Cure likidi kullan\u0131l\u0131rsa heat cure akrilik olarak davran\u0131r<\/p>\n<p>Kadmiyum i\u00e7ermez<\/p>\n<p>Kadmiyum i\u00e7ermez<\/p>\n<p>Uygun hamurla\u015fma ve polimerizasyon s\u00fcresi<\/p>\n<p>\u00dcr\u00fcn ISO 13485:2003 T\u0131bbi Cihazlar Kalite Y\u00f6netim Sistemi alt\u0131nda \u00fcretilmektedir<\/p>\n<p>Ayr\u0131ca CE Sertifikas\u0131na sahiptir<\/p>\n<p>BS 2487\u2019ye uygundur. Tip II, T\u00fcr III<\/p>\n<p><strong>KULLANIM ALANLARI<\/strong><\/p>\n<p>Ge\u00e7ici Kuronlar ve k\u00f6pr\u00fclerde kullan\u0131l\u0131r.<\/p>","protected":false},"excerpt":{"rendered":"<p>Ge\u00e7ici kronlar ve k\u00f6pr\u00fclerin yap\u0131m\u0131nda kullan\u0131l\u0131r. M\u00fckemmel bir renk stabilitesine sahiptir.<br \/>\nPorozite yapmaz. Kadmiyum i\u00e7ermez. Uygun hamurlasma ve polimerizasyon s\u00fcresine sahiptir.<\/p>","protected":false},"featured_media":7930,"comment_status":"open","ping_status":"closed","template":"","meta":[],"product_brand":[],"product_cat":[1781],"product_tag":[1900,1891,1901,1887],"class_list":{"0":"post-7929","1":"product","2":"type-product","3":"status-publish","4":"has-post-thumbnail","6":"product_cat-laboratuvar","7":"product_tag-imident","8":"product_tag-imicryl","9":"product_tag-kopru-akriligi","10":"product_tag-kron","12":"first","13":"instock","14":"taxable","15":"shipping-taxable","16":"purchasable","17":"product-type-variable"},"_links":{"self":[{"href":"https:\/\/www.avrasyadental.com\/ar\/wp-json\/wp\/v2\/product\/7929","targetHints":{"allow":["GET"]}}],"collection":[{"href":"https:\/\/www.avrasyadental.com\/ar\/wp-json\/wp\/v2\/product"}],"about":[{"href":"https:\/\/www.avrasyadental.com\/ar\/wp-json\/wp\/v2\/types\/product"}],"replies":[{"embeddable":true,"href":"https:\/\/www.avrasyadental.com\/ar\/wp-json\/wp\/v2\/comments?post=7929"}],"wp:featuredmedia":[{"embeddable":true,"href":"https:\/\/www.avrasyadental.com\/ar\/wp-json\/wp\/v2\/media\/7930"}],"wp:attachment":[{"href":"https:\/\/www.avrasyadental.com\/ar\/wp-json\/wp\/v2\/media?parent=7929"}],"wp:term":[{"taxonomy":"product_brand","embeddable":true,"href":"https:\/\/www.avrasyadental.com\/ar\/wp-json\/wp\/v2\/product_brand?post=7929"},{"taxonomy":"product_cat","embeddable":true,"href":"https:\/\/www.avrasyadental.com\/ar\/wp-json\/wp\/v2\/product_cat?post=7929"},{"taxonomy":"product_tag","embeddable":true,"href":"https:\/\/www.avrasyadental.com\/ar\/wp-json\/wp\/v2\/product_tag?post=7929"}],"curies":[{"name":"wp","href":"https:\/\/api.w.org\/{rel}","templated":true}]}}