{"id":8122,"date":"2025-10-15T17:34:18","date_gmt":"2025-10-15T14:34:18","guid":{"rendered":"https:\/\/www.avrasyadental.com\/?post_type=product&#038;p=8122"},"modified":"2025-12-19T18:02:13","modified_gmt":"2025-12-19T15:02:13","slug":"beehive-g-319l-201-fiber-optik-dusuk-hizli-anguldurva-distan-sogutma","status":"publish","type":"product","link":"https:\/\/www.avrasyadental.com\/ar\/urun\/beehive-g-319l-201-fiber-optik-dusuk-hizli-anguldurva-distan-sogutma\/","title":{"rendered":"BEEHIVE G-319L 20:1 Fiber Optik D\u00fc\u015f\u00fck H\u0131zl\u0131 Anguldurva D\u0131\u015ftan So\u011futma"},"content":{"rendered":"<p>Y\u00fcksek tork ve hassasiyet gerektiren cerrahi ve implant uygulamalar\u0131 i\u00e7in tasarlanm\u0131\u015f profesyonel bir dental el aletidir. <strong data-start=\"151\" data-end=\"177\">20:1 transmisyon oran\u0131<\/strong>, d\u00fc\u015f\u00fck h\u0131zda y\u00fcksek tork aktar\u0131m\u0131 sa\u011flayarak kontroll\u00fc ve g\u00fcvenli \u00e7al\u0131\u015fma imk\u00e2n\u0131 sunar. <strong data-start=\"266\" data-end=\"291\">Maksimum 2.000 RPM\/dk<\/strong> h\u0131za ula\u015fabilen yap\u0131s\u0131, istikrarl\u0131 performans ve verimli i\u015flem sa\u011flar. <strong data-start=\"363\" data-end=\"394\">70 Ncm maksimum tork de\u011feri<\/strong>, g\u00fc\u00e7l\u00fc ve etkili \u00e7al\u0131\u015fma olana\u011f\u0131 sunar. <strong data-start=\"435\" data-end=\"450\">Fiber optik<\/strong> ayd\u0131nlatma \u00f6zelli\u011fi, \u00e7al\u0131\u015fma alan\u0131n\u0131 net \u015fekilde ayd\u0131nlatarak m\u00fckemmel g\u00f6r\u00fc\u015f sa\u011flar. Ayr\u0131ca, <strong data-start=\"544\" data-end=\"583\">d\u0131\u015f so\u011futma sistemi (outer cooling)<\/strong>, i\u015flem s\u0131ras\u0131nda etkin \u0131s\u0131 kontrol\u00fc sa\u011flayarak hem hasta konforunu art\u0131r\u0131r hem de cihaz\u0131n \u00f6mr\u00fcn\u00fc uzat\u0131r.<\/p>\n<p>&nbsp;<\/p>\n<p>\u00dcr\u00fcn bir y\u0131l kaskoludur. Ar\u0131za, d\u00fc\u015fme, k\u0131r\u0131lma vb durumlarda tamirat\u0131 yap\u0131lamad\u0131\u011f\u0131 takdirde de\u011fi\u015fim yap\u0131lmaktad\u0131r.<\/p>\n<p>\u00dcr\u00fcn \u00fczerine doktor, klinik vb. isim yazd\u0131r\u0131labilir.<\/p>","protected":false},"excerpt":{"rendered":"<p>Y\u00fcksek tork ve hassasiyet gerektiren cerrahi ve implant uygulamalar\u0131 i\u00e7in tasarlanm\u0131\u015f profesyonel bir dental el aletidir. 20:1 transmisyon oran\u0131, d\u00fc\u015f\u00fck h\u0131zda y\u00fcksek tork aktar\u0131m\u0131 sa\u011flayarak kontroll\u00fc ve g\u00fcvenli \u00e7al\u0131\u015fma imk\u00e2n\u0131 sunar. Maksimum 2.000 RPM\/dk h\u0131za ula\u015fabilen yap\u0131s\u0131, istikrarl\u0131 performans ve verimli i\u015flem sa\u011flar. 70 Ncm maksimum tork de\u011feri, g\u00fc\u00e7l\u00fc ve etkili \u00e7al\u0131\u015fma olana\u011f\u0131 sunar. Fiber optik ayd\u0131nlatma \u00f6zelli\u011fi, \u00e7al\u0131\u015fma alan\u0131n\u0131 net \u015fekilde ayd\u0131nlatarak m\u00fckemmel g\u00f6r\u00fc\u015f sa\u011flar. Ayr\u0131ca, d\u0131\u015f so\u011futma sistemi (outer cooling), i\u015flem s\u0131ras\u0131nda etkin \u0131s\u0131 kontrol\u00fc sa\u011flayarak hem hasta konforunu art\u0131r\u0131r hem de cihaz\u0131n \u00f6mr\u00fcn\u00fc uzat\u0131r.<\/p>","protected":false},"featured_media":8123,"comment_status":"open","ping_status":"closed","template":"","meta":[],"product_brand":[1961],"product_cat":[1397,1400,1398],"product_tag":[1774,1922,1926,1927,1934],"class_list":{"0":"post-8122","1":"product","2":"type-product","3":"status-publish","4":"has-post-thumbnail","6":"product_brand-beehive","7":"product_cat-aletler","8":"product_cat-anguldurva","9":"product_cat-dinamik-el-aletleri","10":"product_tag-anguldruva","11":"product_tag-beehive","12":"product_tag-cerrahi","13":"product_tag-dusuk-hiz","14":"product_tag-fiber-optik","16":"first","17":"instock","18":"taxable","19":"shipping-taxable","20":"purchasable","21":"product-type-simple"},"_links":{"self":[{"href":"https:\/\/www.avrasyadental.com\/ar\/wp-json\/wp\/v2\/product\/8122","targetHints":{"allow":["GET"]}}],"collection":[{"href":"https:\/\/www.avrasyadental.com\/ar\/wp-json\/wp\/v2\/product"}],"about":[{"href":"https:\/\/www.avrasyadental.com\/ar\/wp-json\/wp\/v2\/types\/product"}],"replies":[{"embeddable":true,"href":"https:\/\/www.avrasyadental.com\/ar\/wp-json\/wp\/v2\/comments?post=8122"}],"wp:featuredmedia":[{"embeddable":true,"href":"https:\/\/www.avrasyadental.com\/ar\/wp-json\/wp\/v2\/media\/8123"}],"wp:attachment":[{"href":"https:\/\/www.avrasyadental.com\/ar\/wp-json\/wp\/v2\/media?parent=8122"}],"wp:term":[{"taxonomy":"product_brand","embeddable":true,"href":"https:\/\/www.avrasyadental.com\/ar\/wp-json\/wp\/v2\/product_brand?post=8122"},{"taxonomy":"product_cat","embeddable":true,"href":"https:\/\/www.avrasyadental.com\/ar\/wp-json\/wp\/v2\/product_cat?post=8122"},{"taxonomy":"product_tag","embeddable":true,"href":"https:\/\/www.avrasyadental.com\/ar\/wp-json\/wp\/v2\/product_tag?post=8122"}],"curies":[{"name":"wp","href":"https:\/\/api.w.org\/{rel}","templated":true}]}}