{"id":8333,"date":"2025-12-12T15:37:28","date_gmt":"2025-12-12T12:37:28","guid":{"rendered":"https:\/\/www.avrasyadental.com\/?post_type=product&#038;p=8333"},"modified":"2025-12-12T15:43:29","modified_gmt":"2025-12-12T12:43:29","slug":"woodpecker-woodpex-3-apex-locater-cihazi","status":"publish","type":"product","link":"https:\/\/www.avrasyadental.com\/ar\/urun\/woodpecker-woodpex-3-apex-locater-cihazi\/","title":{"rendered":"WOODPECKER WOODPEX 3 APEX LOCATER C\u0130HAZI"},"content":{"rendered":"<p data-start=\"87\" data-end=\"258\">Woodpex Apex Locator, be\u015finci nesil elektro devre m\u00fchendisli\u011fi ile donat\u0131lm\u0131\u015f, en son teknolojiyi kullanan son derece hassas bir cihazd\u0131r.<br data-start=\"229\" data-end=\"232\" \/>Do\u011fruluk oran\u0131: %97,71<\/p>\n<hr data-start=\"260\" data-end=\"263\" \/>\n<h3 data-start=\"265\" data-end=\"283\">\u00d6zellikler<\/h3>\n<ul data-start=\"285\" data-end=\"496\">\n<li data-start=\"285\" data-end=\"312\">\n<p data-start=\"287\" data-end=\"312\">Kalibrasyon test cihaz\u0131<\/p>\n<\/li>\n<li data-start=\"313\" data-end=\"365\">\n<p data-start=\"315\" data-end=\"365\">LED g\u00f6stergesi ve net, parlak 4,5&#8243; LCD ekran<\/p>\n<\/li>\n<li data-start=\"366\" data-end=\"416\">\n<p data-start=\"368\" data-end=\"416\">Otomatik kalibrasyon ile her zaman do\u011fru \u00f6l\u00e7\u00fcm<\/p>\n<\/li>\n<li data-start=\"417\" data-end=\"440\">\n<p data-start=\"419\" data-end=\"440\">Sesli geri bildirim<\/p>\n<\/li>\n<li data-start=\"441\" data-end=\"472\">\n<p data-start=\"443\" data-end=\"472\">Kan\u0131tlanm\u0131\u015f y\u00fcksek do\u011fruluk<\/p>\n<\/li>\n<li data-start=\"473\" data-end=\"496\">\n<p data-start=\"475\" data-end=\"496\">\u015earj edilebilir pil<\/p>\n<\/li>\n<\/ul>\n<hr data-start=\"498\" data-end=\"501\" \/>\n<h3 data-start=\"503\" data-end=\"538\">Ayr\u0131nt\u0131l\u0131 Teknik \u00d6zellikler<\/h3>\n<ul data-start=\"540\" data-end=\"1471\">\n<li data-start=\"540\" data-end=\"598\">\n<p data-start=\"542\" data-end=\"598\">Ger\u00e7ek zamanl\u0131 e\u011fe hareketi takibi yapabilirsiniz.<\/p>\n<\/li>\n<li data-start=\"599\" data-end=\"723\">\n<p data-start=\"601\" data-end=\"723\">Otomatik ak\u0131m kalibrasyonu sayesinde kanal anatomisindeki farkl\u0131l\u0131klardan veya kanal\u0131n \u0131slak\/kuru olmas\u0131ndan etkilenmez.<\/p>\n<\/li>\n<li data-start=\"724\" data-end=\"891\">\n<p data-start=\"726\" data-end=\"891\">Tester (test aparat\u0131) ile cihaz\u0131n fonksiyonlar\u0131n\u0131; kontrol fonksiyonu ile kablolar\u0131n sa\u011flaml\u0131\u011f\u0131n\u0131 test edebilirsiniz. B\u00f6ylece cihaz\u0131 g\u00fcvenle kullanabilirsiniz.<\/p>\n<\/li>\n<li data-start=\"892\" data-end=\"991\">\n<p data-start=\"894\" data-end=\"991\">Geli\u015fmi\u015f, parlak ve y\u00fcksek kontrastl\u0131 LCD ekran, net g\u00f6r\u00fcnt\u00fc ve kolay \u00e7al\u0131\u015fma imk\u00e2n\u0131 sunar.<\/p>\n<\/li>\n<li data-start=\"992\" data-end=\"1180\">\n<p data-start=\"994\" data-end=\"1180\">\u00c7oklu frekansl\u0131 a\u011f empedans \u00f6l\u00e7\u00fcm teknolojisi ve otomatik kalibrasyon sayesinde hastaya ve kanal\u0131n ko\u015fullar\u0131na g\u00f6re kendi \u00f6l\u00e7\u00fcm de\u011ferlerini optimize eder ve y\u00fcksek do\u011fruluk sa\u011flar.<\/p>\n<\/li>\n<li data-start=\"1181\" data-end=\"1293\">\n<p data-start=\"1183\" data-end=\"1293\">E\u011fe klipsleri, kancalar\u0131 ve problar\u0131 otoklavlanabilir, bu sayede \u00e7apraz enfeksiyon riski ortadan kalkar.<\/p>\n<\/li>\n<li data-start=\"1294\" data-end=\"1398\">\n<p data-start=\"1296\" data-end=\"1398\">Dahili \u015farj edilebilir bataryas\u0131 sayesinde hem kablosuz kullan\u0131m sunar hem de yedek pil gerektirmez.<\/p>\n<\/li>\n<li data-start=\"1399\" data-end=\"1471\">\n<p data-start=\"1401\" data-end=\"1471\">Katlanabilir ekran tasar\u0131m\u0131 ile g\u00f6r\u00fc\u015f a\u00e7\u0131s\u0131 kolayca ayarlanabilir.<\/p>\n<\/li>\n<\/ul>\n<hr data-start=\"1473\" data-end=\"1476\" \/>\n<h3 data-start=\"1478\" data-end=\"1518\">G\u00f6r\u00fcnt\u00fc ve Ses Geri Bildirimleri<\/h3>\n<ul data-start=\"1520\" data-end=\"1814\">\n<li data-start=\"1520\" data-end=\"1621\">\n<p data-start=\"1522\" data-end=\"1621\">Kanal e\u011fesi apikal \u00f6n b\u00f6lgeye ula\u015ft\u0131\u011f\u0131nda (koroneri a\u015ft\u0131\u011f\u0131nda) ekranda <em data-start=\"1597\" data-end=\"1610\">beyaz \u00e7ubuk<\/em> g\u00f6r\u00fcn\u00fcr.<\/p>\n<\/li>\n<li data-start=\"1622\" data-end=\"1729\">\n<p data-start=\"1624\" data-end=\"1729\">Kanal e\u011fesi apikale yakla\u015ft\u0131\u011f\u0131nda (apikal 2\/3 b\u00f6lgesine ula\u015ft\u0131\u011f\u0131nda) <em data-start=\"1697\" data-end=\"1713\">ye\u015fil \u00e7ubuklar<\/em> g\u00f6r\u00fcnt\u00fclenir.<\/p>\n<\/li>\n<li data-start=\"1730\" data-end=\"1814\">\n<p data-start=\"1732\" data-end=\"1814\">E\u011fe apikali a\u015ft\u0131\u011f\u0131nda <em data-start=\"1758\" data-end=\"1773\">k\u0131rm\u0131z\u0131 \u00e7ubuk<\/em> g\u00f6r\u00fcn\u00fcr ve s\u00fcrekli bip sesi duyulur.<\/p>\n<\/li>\n<\/ul>","protected":false},"excerpt":{"rendered":"<p>Woodpex Apex Locator, be\u015finci nesil elektro devre m\u00fchendisli\u011fi ile donat\u0131lm\u0131\u015f, en son teknolojiyi kullanan son derece hassas bir cihazd\u0131r.<\/p>","protected":false},"featured_media":8334,"comment_status":"open","ping_status":"closed","template":"","meta":[],"product_brand":[1951],"product_cat":[1417,1447,1439],"product_tag":[1952,1953,1911],"class_list":{"0":"post-8333","1":"product","2":"type-product","3":"status-publish","4":"has-post-thumbnail","6":"product_brand-woodpecker","7":"product_cat-cihazlar","8":"product_cat-endo-motorlar","9":"product_cat-klinik-cihazlar","10":"product_tag-apex-locator","11":"product_tag-endo","12":"product_tag-woodpecker","14":"first","15":"instock","16":"taxable","17":"shipping-taxable","18":"purchasable","19":"product-type-simple"},"_links":{"self":[{"href":"https:\/\/www.avrasyadental.com\/ar\/wp-json\/wp\/v2\/product\/8333","targetHints":{"allow":["GET"]}}],"collection":[{"href":"https:\/\/www.avrasyadental.com\/ar\/wp-json\/wp\/v2\/product"}],"about":[{"href":"https:\/\/www.avrasyadental.com\/ar\/wp-json\/wp\/v2\/types\/product"}],"replies":[{"embeddable":true,"href":"https:\/\/www.avrasyadental.com\/ar\/wp-json\/wp\/v2\/comments?post=8333"}],"wp:featuredmedia":[{"embeddable":true,"href":"https:\/\/www.avrasyadental.com\/ar\/wp-json\/wp\/v2\/media\/8334"}],"wp:attachment":[{"href":"https:\/\/www.avrasyadental.com\/ar\/wp-json\/wp\/v2\/media?parent=8333"}],"wp:term":[{"taxonomy":"product_brand","embeddable":true,"href":"https:\/\/www.avrasyadental.com\/ar\/wp-json\/wp\/v2\/product_brand?post=8333"},{"taxonomy":"product_cat","embeddable":true,"href":"https:\/\/www.avrasyadental.com\/ar\/wp-json\/wp\/v2\/product_cat?post=8333"},{"taxonomy":"product_tag","embeddable":true,"href":"https:\/\/www.avrasyadental.com\/ar\/wp-json\/wp\/v2\/product_tag?post=8333"}],"curies":[{"name":"wp","href":"https:\/\/api.w.org\/{rel}","templated":true}]}}