{"id":8335,"date":"2025-12-12T15:44:59","date_gmt":"2025-12-12T12:44:59","guid":{"rendered":"https:\/\/www.avrasyadental.com\/?post_type=product&#038;p=8335"},"modified":"2025-12-12T15:54:09","modified_gmt":"2025-12-12T12:54:09","slug":"woodpecker-endo-radar-pro-endo-motor","status":"publish","type":"product","link":"https:\/\/www.avrasyadental.com\/ar\/urun\/woodpecker-endo-radar-pro-endo-motor\/","title":{"rendered":"WOODPECKER ENDO RADAR PRO ENDO MOTOR"},"content":{"rendered":"<p data-start=\"197\" data-end=\"488\">Woodpecker Endo Radar, u\u00e7tan uca yerle\u015ftiricili kablosuz yap\u0131s\u0131 ve dokunmatik ekranl\u0131 aray\u00fcz\u00fc ile modern endodonti i\u00e7in tasarlanm\u0131\u015f y\u00fcksek performansl\u0131 bir endodontik motordur. F\u0131r\u00e7as\u0131z motor teknolojisi sayesinde \u00fcst\u00fcn dayan\u0131kl\u0131l\u0131k, y\u00fcksek tork, d\u00fc\u015f\u00fck g\u00fcr\u00fclt\u00fc ve minimum titre\u015fim sunar.<\/p>\n<hr data-start=\"490\" data-end=\"493\" \/>\n<h3 data-start=\"495\" data-end=\"519\">Temel \u00d6zellikler<\/h3>\n<ul data-start=\"521\" data-end=\"1365\">\n<li data-start=\"521\" data-end=\"620\">\n<p data-start=\"523\" data-end=\"620\">F\u0131r\u00e7as\u0131z motor teknolojisi: Daha uzun \u00f6m\u00fcr, daha az \u0131s\u0131 \u00fcretimi, y\u00fcksek tork ve y\u00fcksek h\u0131z.<\/p>\n<\/li>\n<li data-start=\"621\" data-end=\"748\">\n<p data-start=\"623\" data-end=\"748\">Ayarlanabilir ileri\u2013geri hareket a\u00e7\u0131s\u0131: 10\u00b0 aral\u0131klar ile 20\u00b0\u2013400\u00b0 aras\u0131nda ki\u015fiselle\u015ftirilebilir hareket kontrol\u00fc.<\/p>\n<\/li>\n<li data-start=\"749\" data-end=\"852\">\n<p data-start=\"751\" data-end=\"852\">S\u00fcper mini angldruva tasar\u0131m\u0131: Daha geni\u015f g\u00f6r\u00fc\u015f, daha rahat eri\u015fim ve \u00fcst\u00fcn manevra kabiliyeti.<\/p>\n<\/li>\n<li data-start=\"853\" data-end=\"956\">\n<p data-start=\"855\" data-end=\"956\">Kablosuz \u015farj: Ana \u00fcniteye kolayca yerle\u015ftirilen el aleti ile kesintisiz ve ergonomik kullan\u0131m.<\/p>\n<\/li>\n<li data-start=\"957\" data-end=\"1076\">\n<p data-start=\"959\" data-end=\"1076\">Entegre apeks bulucu: Ger\u00e7ek zamanl\u0131 dosya konumu takibi, otomatik start\/stop fonksiyonlar\u0131 ve y\u00fcksek g\u00fcvenlik.<\/p>\n<\/li>\n<li data-start=\"1077\" data-end=\"1160\">\n<p data-start=\"1079\" data-end=\"1160\">Dokunmatik LCD ekran: Kolay kullan\u0131m sa\u011flayan modern ak\u0131ll\u0131 kontrol paneli.<\/p>\n<\/li>\n<li data-start=\"1161\" data-end=\"1224\">\n<p data-start=\"1163\" data-end=\"1224\">Kullan\u0131c\u0131 tan\u0131ml\u0131 modlar: Ki\u015fiye \u00f6zel \u00e7al\u0131\u015fma ayarlar\u0131.<\/p>\n<\/li>\n<li data-start=\"1225\" data-end=\"1290\">\n<p data-start=\"1227\" data-end=\"1290\">D\u00fc\u015f\u00fck titre\u015fim ve d\u00fc\u015f\u00fck g\u00fcr\u00fclt\u00fc: Hasta konforunu art\u0131r\u0131r.<\/p>\n<\/li>\n<li data-start=\"1291\" data-end=\"1365\">\n<p data-start=\"1293\" data-end=\"1365\">Uzun pil \u00f6mr\u00fc: Dahili 2000 mAh lityum pil ile uzun s\u00fcreli \u00e7al\u0131\u015fma.<\/p>\n<\/li>\n<\/ul>\n<hr data-start=\"1367\" data-end=\"1370\" \/>\n<h3 data-start=\"1372\" data-end=\"1398\">Teknik \u00dcst\u00fcnl\u00fckler<\/h3>\n<ul data-start=\"1400\" data-end=\"1877\">\n<li data-start=\"1400\" data-end=\"1562\">\n<p data-start=\"1402\" data-end=\"1562\">F\u0131r\u00e7as\u0131z endo motor, y\u00fcksek torkta d\u00fc\u015f\u00fck h\u0131zda stabil ve p\u00fcr\u00fczs\u00fcz bir \u00e7\u0131k\u0131\u015f sa\u011flar. Bu sayede k\u00f6k kanal haz\u0131rl\u0131\u011f\u0131nda hem g\u00fcvenlik hem de verimlilik artar.<\/p>\n<\/li>\n<li data-start=\"1563\" data-end=\"1686\">\n<p data-start=\"1565\" data-end=\"1686\">S\u00fcper mini angldruvan\u0131n kompakt kafa yap\u0131s\u0131, \u00f6zellikle ula\u015f\u0131lmas\u0131 zor alanlarda daha iyi g\u00f6r\u00fc\u015f ve hassasiyet sunar.<\/p>\n<\/li>\n<li data-start=\"1687\" data-end=\"1773\">\n<p data-start=\"1689\" data-end=\"1773\">6:1 red\u00fcksiyon oran\u0131, optimum performans i\u00e7in ideal h\u0131z\u2013tork dengesini sa\u011flar.<\/p>\n<\/li>\n<li data-start=\"1774\" data-end=\"1877\">\n<p data-start=\"1776\" data-end=\"1877\">F\u0131r\u00e7as\u0131z motorun yap\u0131s\u0131; daha az a\u015f\u0131nma, daha uzun servis \u00f6mr\u00fc ve daha g\u00fcvenilir performans sa\u011flar.<\/p>\n<\/li>\n<\/ul>\n<hr data-start=\"1879\" data-end=\"1882\" \/>\n<h3 data-start=\"1884\" data-end=\"1923\">Entegre Apex Bulucu \u00d6zellikleri<\/h3>\n<ul data-start=\"1925\" data-end=\"2311\">\n<li data-start=\"1925\" data-end=\"1994\">\n<p data-start=\"1927\" data-end=\"1994\">Ger\u00e7ek zamanl\u0131 dosya konumu g\u00f6sterimi ile daha g\u00fcvenli i\u015flem.<\/p>\n<\/li>\n<li data-start=\"1995\" data-end=\"2069\">\n<p data-start=\"1997\" data-end=\"2069\">Otomatik ba\u015flatma\/durdurma fonksiyonu ile perforasyon riskini azalt\u0131r.<\/p>\n<\/li>\n<li data-start=\"2070\" data-end=\"2120\">\n<p data-start=\"2072\" data-end=\"2120\">B\u00fcy\u00fck, parlak ve okunmas\u0131 kolay LCD ekran.<\/p>\n<\/li>\n<li data-start=\"2121\" data-end=\"2151\">\n<p data-start=\"2123\" data-end=\"2151\">Hafif ve ta\u015f\u0131nabilir yap\u0131.<\/p>\n<\/li>\n<li data-start=\"2152\" data-end=\"2205\">\n<p data-start=\"2154\" data-end=\"2205\">Uzun kullan\u0131m s\u00fcreleri i\u00e7in g\u00fc\u00e7l\u00fc dahili batarya.<\/p>\n<\/li>\n<li data-start=\"2206\" data-end=\"2311\">\n<p data-start=\"2208\" data-end=\"2311\">Kullan\u0131m\u0131 kolay ve g\u00fcvenilir bir apeks bulucu olarak her endodontik uygulama i\u00e7in ideal bir se\u00e7enektir.<\/p>\n<\/li>\n<\/ul>\n<hr data-start=\"2313\" data-end=\"2316\" \/>\n<h2 data-start=\"2318\" data-end=\"2330\">Sonu\u00e7<\/h2>\n<p data-start=\"2332\" data-end=\"2610\">Woodpecker Endo Radar \/ Endo Radar Plus, entegre apex locator\u2019\u0131, ayarlanabilir f\u0131r\u00e7as\u0131z motoru, kablosuz \u015farj imk\u00e2n\u0131 ve modern dokunmatik ekran\u0131 ile k\u00f6k kanal tedavisinde \u00fcst d\u00fczey hassasiyet, g\u00fcvenlik ve konfor sa\u011flamak \u00fczere tasarlanm\u0131\u015f yeni nesil bir endodontik \u00e7\u00f6z\u00fcmd\u00fcr.<\/p>","protected":false},"excerpt":{"rendered":"<p>Woodpecker Endo Radar, u\u00e7tan uca yerle\u015ftiricili kablosuz yap\u0131s\u0131 ve dokunmatik ekranl\u0131 aray\u00fcz\u00fc ile modern endodonti i\u00e7in tasarlanm\u0131\u015f y\u00fcksek performansl\u0131 bir endodontik motordur. F\u0131r\u00e7as\u0131z motor teknolojisi sayesinde \u00fcst\u00fcn dayan\u0131kl\u0131l\u0131k, y\u00fcksek tork, d\u00fc\u015f\u00fck g\u00fcr\u00fclt\u00fc ve minimum titre\u015fim sunar.<\/p>","protected":false},"featured_media":8336,"comment_status":"open","ping_status":"closed","template":"","meta":[],"product_brand":[1951],"product_cat":[1417,1447,1439],"product_tag":[1953,1955,1954,1911],"class_list":{"0":"post-8335","1":"product","2":"type-product","3":"status-publish","4":"has-post-thumbnail","6":"product_brand-woodpecker","7":"product_cat-cihazlar","8":"product_cat-endo-motorlar","9":"product_cat-klinik-cihazlar","10":"product_tag-endo","11":"product_tag-endo-radar","12":"product_tag-endomotor","13":"product_tag-woodpecker","15":"first","16":"instock","17":"taxable","18":"shipping-taxable","19":"purchasable","20":"product-type-simple"},"_links":{"self":[{"href":"https:\/\/www.avrasyadental.com\/ar\/wp-json\/wp\/v2\/product\/8335","targetHints":{"allow":["GET"]}}],"collection":[{"href":"https:\/\/www.avrasyadental.com\/ar\/wp-json\/wp\/v2\/product"}],"about":[{"href":"https:\/\/www.avrasyadental.com\/ar\/wp-json\/wp\/v2\/types\/product"}],"replies":[{"embeddable":true,"href":"https:\/\/www.avrasyadental.com\/ar\/wp-json\/wp\/v2\/comments?post=8335"}],"wp:featuredmedia":[{"embeddable":true,"href":"https:\/\/www.avrasyadental.com\/ar\/wp-json\/wp\/v2\/media\/8336"}],"wp:attachment":[{"href":"https:\/\/www.avrasyadental.com\/ar\/wp-json\/wp\/v2\/media?parent=8335"}],"wp:term":[{"taxonomy":"product_brand","embeddable":true,"href":"https:\/\/www.avrasyadental.com\/ar\/wp-json\/wp\/v2\/product_brand?post=8335"},{"taxonomy":"product_cat","embeddable":true,"href":"https:\/\/www.avrasyadental.com\/ar\/wp-json\/wp\/v2\/product_cat?post=8335"},{"taxonomy":"product_tag","embeddable":true,"href":"https:\/\/www.avrasyadental.com\/ar\/wp-json\/wp\/v2\/product_tag?post=8335"}],"curies":[{"name":"wp","href":"https:\/\/api.w.org\/{rel}","templated":true}]}}