{"id":4163,"date":"2024-01-17T16:28:40","date_gmt":"2024-01-17T13:28:40","guid":{"rendered":"https:\/\/www.avrasyadental.com\/?post_type=product&#038;p=4163"},"modified":"2025-04-04T17:33:20","modified_gmt":"2025-04-04T14:33:20","slug":"bausch-artikulasyon-kagidi","status":"publish","type":"product","link":"https:\/\/www.avrasyadental.com\/en\/urun\/bausch-artikulasyon-kagidi\/","title":{"rendered":"Bausch Artik\u00fclasyon Ka\u011f\u0131d\u0131"},"content":{"rendered":"<div class=\"flex-1 overflow-hidden\">\n<div class=\"react-scroll-to-bottom--css-kaweh-79elbk h-full\">\n<div class=\"react-scroll-to-bottom--css-kaweh-1n7m0yu\">\n<div class=\"flex flex-col pb-9 text-sm\">\n<div class=\"w-full text-token-text-primary\" data-testid=\"conversation-turn-41\">\n<div class=\"px-4 py-2 justify-center text-base md:gap-6 m-auto\">\n<div class=\"flex flex-1 text-base mx-auto gap-3 md:px-5 lg:px-1 xl:px-5 md:max-w-3xl lg:max-w-[40rem] xl:max-w-[48rem] group final-completion\">\n<div class=\"relative flex w-full flex-col lg:w-[calc(100%-115px)] agent-turn\">\n<div class=\"flex-col gap-1 md:gap-3\">\n<div class=\"flex flex-grow flex-col max-w-full\">\n<div class=\"min-h-[20px] text-message flex flex-col items-start gap-3 whitespace-pre-wrap break-words [.text-message+&amp;]:mt-5 overflow-x-auto\" data-message-author-role=\"assistant\" data-message-id=\"93fdbd60-cdbf-4a34-b150-9d7170b76230\">\n<div class=\"markdown prose w-full break-words dark:prose-invert light\">\n<div class=\"flex-1 overflow-hidden\">\n<div class=\"react-scroll-to-bottom--css-kaweh-79elbk h-full\">\n<div class=\"react-scroll-to-bottom--css-kaweh-1n7m0yu\">\n<div class=\"flex flex-col pb-9 text-sm\">\n<div class=\"w-full text-token-text-primary\" data-testid=\"conversation-turn-47\">\n<div class=\"px-4 py-2 justify-center text-base md:gap-6 m-auto\">\n<div class=\"flex flex-1 text-base mx-auto gap-3 md:px-5 lg:px-1 xl:px-5 md:max-w-3xl lg:max-w-[40rem] xl:max-w-[48rem] group final-completion\">\n<div class=\"relative flex w-full flex-col lg:w-[calc(100%-115px)] agent-turn\">\n<div class=\"flex-col gap-1 md:gap-3\">\n<div class=\"flex flex-grow flex-col max-w-full\">\n<div class=\"min-h-[20px] text-message flex flex-col items-start gap-3 whitespace-pre-wrap break-words [.text-message+&amp;]:mt-5 overflow-x-auto\" data-message-author-role=\"assistant\" data-message-id=\"2bf9a33a-3636-4c72-b98a-9ffcf9ba7a96\">\n<div class=\"markdown prose w-full break-words dark:prose-invert light\">\n<div class=\"flex-1 overflow-hidden\">\n<div class=\"react-scroll-to-bottom--css-kaweh-79elbk h-full\">\n<div class=\"react-scroll-to-bottom--css-kaweh-1n7m0yu\">\n<div class=\"flex flex-col pb-9 text-sm\">\n<div class=\"w-full text-token-text-primary\" data-testid=\"conversation-turn-57\">\n<div class=\"px-4 py-2 justify-center text-base md:gap-6 m-auto\">\n<div class=\"flex flex-1 text-base mx-auto gap-3 md:px-5 lg:px-1 xl:px-5 md:max-w-3xl lg:max-w-[40rem] xl:max-w-[48rem] group final-completion\">\n<div class=\"relative flex w-full flex-col lg:w-[calc(100%-115px)] agent-turn\">\n<div class=\"flex-col gap-1 md:gap-3\">\n<div class=\"flex flex-grow flex-col max-w-full\">\n<div class=\"min-h-[20px] text-message flex flex-col items-start gap-3 whitespace-pre-wrap break-words [.text-message+&amp;]:mt-5 overflow-x-auto\" data-message-author-role=\"assistant\" data-message-id=\"310308f0-1686-4b2f-ab2a-992db09acb2e\">\n<div class=\"markdown prose w-full break-words dark:prose-invert light\">\n<div class=\"flex-1 overflow-hidden\">\n<div class=\"react-scroll-to-bottom--css-kaweh-79elbk h-full\">\n<div class=\"react-scroll-to-bottom--css-kaweh-1n7m0yu\">\n<div class=\"flex flex-col pb-9 text-sm\">\n<div class=\"w-full text-token-text-primary\" data-testid=\"conversation-turn-59\">\n<div class=\"px-4 py-2 justify-center text-base md:gap-6 m-auto\">\n<div class=\"flex flex-1 text-base mx-auto gap-3 md:px-5 lg:px-1 xl:px-5 md:max-w-3xl lg:max-w-[40rem] xl:max-w-[48rem] group final-completion\">\n<div class=\"relative flex w-full flex-col lg:w-[calc(100%-115px)] agent-turn\">\n<div class=\"flex-col gap-1 md:gap-3\">\n<div class=\"flex flex-grow flex-col max-w-full\">\n<div class=\"min-h-[20px] text-message flex flex-col items-start gap-3 whitespace-pre-wrap break-words [.text-message+&amp;]:mt-5 overflow-x-auto\" data-message-author-role=\"assistant\" data-message-id=\"13b394e3-3e83-4198-b5b8-b39479cd620d\">\n<div class=\"markdown prose w-full break-words dark:prose-invert light\">\n<div class=\"flex-1 overflow-hidden\">\n<div class=\"react-scroll-to-bottom--css-kaweh-79elbk h-full\">\n<div class=\"react-scroll-to-bottom--css-kaweh-1n7m0yu\">\n<div class=\"flex flex-col pb-9 text-sm\">\n<div class=\"w-full text-token-text-primary\" data-testid=\"conversation-turn-61\">\n<div class=\"px-4 py-2 justify-center text-base md:gap-6 m-auto\">\n<div class=\"flex flex-1 text-base mx-auto gap-3 md:px-5 lg:px-1 xl:px-5 md:max-w-3xl lg:max-w-[40rem] xl:max-w-[48rem] group final-completion\">\n<div class=\"relative flex w-full flex-col lg:w-[calc(100%-115px)] agent-turn\">\n<div class=\"flex-col gap-1 md:gap-3\">\n<div class=\"flex flex-grow flex-col max-w-full\">\n<div class=\"min-h-[20px] text-message flex flex-col items-start gap-3 whitespace-pre-wrap break-words [.text-message+&amp;]:mt-5 overflow-x-auto\" data-message-author-role=\"assistant\" data-message-id=\"b6df4ef8-f929-4415-935f-d16a74ab6c07\">\n<div class=\"markdown prose w-full break-words dark:prose-invert light\">\n<div class=\"flex-1 overflow-hidden\">\n<div class=\"react-scroll-to-bottom--css-kaweh-79elbk h-full\">\n<div class=\"react-scroll-to-bottom--css-kaweh-1n7m0yu\">\n<div class=\"flex flex-col pb-9 text-sm\">\n<div class=\"w-full text-token-text-primary\" data-testid=\"conversation-turn-63\">\n<div class=\"px-4 py-2 justify-center text-base md:gap-6 m-auto\">\n<div class=\"flex flex-1 text-base mx-auto gap-3 md:px-5 lg:px-1 xl:px-5 md:max-w-3xl lg:max-w-[40rem] xl:max-w-[48rem] group final-completion\">\n<div class=\"relative flex w-full flex-col lg:w-[calc(100%-115px)] agent-turn\">\n<div class=\"flex-col gap-1 md:gap-3\">\n<div class=\"flex flex-grow flex-col max-w-full\">\n<div class=\"min-h-[20px] text-message flex flex-col items-start gap-3 whitespace-pre-wrap break-words [.text-message+&amp;]:mt-5 overflow-x-auto\" data-message-author-role=\"assistant\" data-message-id=\"1deb137c-e7e5-4b84-aa60-954705987cc9\">\n<div class=\"markdown prose w-full break-words dark:prose-invert light\">\n<p>Renk transfer ka\u011f\u0131tlar\u0131, farkl\u0131 renk tonlar\u0131 kullanarak \u00e7i\u011fneme bas\u0131n\u00e7 da\u011f\u0131l\u0131m\u0131n\u0131 vurgulayan \u00f6zel ka\u011f\u0131tlard\u0131r. Bu ka\u011f\u0131tlar, \u00e7i\u011fneme s\u0131ras\u0131nda olu\u015fan y\u00fcksek noktalar\u0131 h\u0131zl\u0131 bir \u015fekilde belirlemek i\u00e7in kullan\u0131l\u0131r. Bausch 200 artik\u00fclasyon ka\u011f\u0131d\u0131, \u00f6zellikle renk transfer \u00f6zelli\u011fi ile \u00e7i\u011fneme bas\u0131n\u00e7 noktalar\u0131n\u0131 hemen g\u00f6r\u00fcn\u00fcr hale getirir.<\/p>\n<\/div>\n<\/div>\n<\/div>\n<\/div>\n<\/div>\n<\/div>\n<\/div>\n<\/div>\n<\/div>\n<\/div>\n<\/div>\n<\/div>\n<\/div>\n<\/div>\n<\/div>\n<\/div>\n<\/div>\n<\/div>\n<\/div>\n<\/div>\n<\/div>\n<\/div>\n<\/div>\n<\/div>\n<\/div>\n<\/div>\n<\/div>\n<\/div>\n<\/div>\n<\/div>\n<\/div>\n<\/div>\n<\/div>\n<\/div>\n<\/div>\n<\/div>\n<\/div>\n<\/div>\n<\/div>\n<\/div>\n<\/div>\n<\/div>\n<\/div>\n<\/div>\n<\/div>\n<\/div>\n<\/div>\n<\/div>\n<\/div>\n<\/div>\n<\/div>\n<\/div>\n<\/div>\n<\/div>\n<\/div>\n<\/div>\n<\/div>\n<\/div>\n<\/div>\n<\/div>\n<\/div>\n<\/div>\n<\/div>\n<\/div>\n<\/div>\n<\/div>\n<\/div>\n<\/div>\n<\/div>\n<\/div>\n<\/div>\n<\/div>\n","protected":false},"excerpt":{"rendered":"<p>Color transfer papers are special papers that emphasize chewing pressure distribution using different color tones. These papers are used to quickly identify high spots that occur during chewing. Bausch 200 articulating paper makes chewing pressure points immediately visible, especially with its color transfer feature.<\/p>","protected":false},"featured_media":4164,"comment_status":"open","ping_status":"closed","template":"","meta":[],"product_brand":[],"product_cat":[1351,1347,1348],"product_tag":[1549],"class_list":{"0":"post-4163","1":"product","2":"type-product","3":"status-publish","4":"has-post-thumbnail","6":"product_cat-artukilasyon-kagidi","7":"product_cat-protetik-tedavi","8":"product_cat-protez","9":"product_tag-bausch","11":"first","12":"instock","13":"sale","14":"featured","15":"taxable","16":"shipping-taxable","17":"purchasable","18":"product-type-simple"},"_links":{"self":[{"href":"https:\/\/www.avrasyadental.com\/en\/wp-json\/wp\/v2\/product\/4163","targetHints":{"allow":["GET"]}}],"collection":[{"href":"https:\/\/www.avrasyadental.com\/en\/wp-json\/wp\/v2\/product"}],"about":[{"href":"https:\/\/www.avrasyadental.com\/en\/wp-json\/wp\/v2\/types\/product"}],"replies":[{"embeddable":true,"href":"https:\/\/www.avrasyadental.com\/en\/wp-json\/wp\/v2\/comments?post=4163"}],"wp:featuredmedia":[{"embeddable":true,"href":"https:\/\/www.avrasyadental.com\/en\/wp-json\/wp\/v2\/media\/4164"}],"wp:attachment":[{"href":"https:\/\/www.avrasyadental.com\/en\/wp-json\/wp\/v2\/media?parent=4163"}],"wp:term":[{"taxonomy":"product_brand","embeddable":true,"href":"https:\/\/www.avrasyadental.com\/en\/wp-json\/wp\/v2\/product_brand?post=4163"},{"taxonomy":"product_cat","embeddable":true,"href":"https:\/\/www.avrasyadental.com\/en\/wp-json\/wp\/v2\/product_cat?post=4163"},{"taxonomy":"product_tag","embeddable":true,"href":"https:\/\/www.avrasyadental.com\/en\/wp-json\/wp\/v2\/product_tag?post=4163"}],"curies":[{"name":"wp","href":"https:\/\/api.w.org\/{rel}","templated":true}]}}