{"id":4279,"date":"2024-01-18T17:57:04","date_gmt":"2024-01-18T14:57:04","guid":{"rendered":"https:\/\/www.avrasyadental.com\/?post_type=product&#038;p=4279"},"modified":"2025-05-14T13:37:27","modified_gmt":"2025-05-14T10:37:27","slug":"denton-tabla-ortusu-30x40-30lu","status":"publish","type":"product","link":"https:\/\/www.avrasyadental.com\/en\/urun\/denton-tabla-ortusu-30x40-30lu\/","title":{"rendered":"Denton Tabla \u00d6rt\u00fcs\u00fc 30&#215;40 30&#8217;lu"},"content":{"rendered":"<p>This product has a structure made of paper towel and polyethylene laminated material. The honeycomb textured towel paper on the front side can absorb a lot of liquid with its high absorbency feature, while the polyethylene layer on the back side prevents the liquid from leaking out. Thanks to this two-layer structure, the product offers both high absorbency and liquid repellency, making it an ideal choice for a variety of applications. This material is especially suitable for use in environments requiring health and hygiene and provides effective protection.<\/p>","protected":false},"excerpt":{"rendered":"<p>This product has a structure made of paper towel and polyethylene laminated material. The honeycomb textured towel paper on the front side can absorb a lot of liquid with its high absorbency feature, while the polyethylene layer on the back side prevents the liquid from leaking out.<\/p>","protected":false},"featured_media":6956,"comment_status":"open","ping_status":"closed","template":"","meta":[],"product_brand":[],"product_cat":[1449,1453,1448],"product_tag":[1575,1823],"class_list":{"0":"post-4279","1":"product","2":"type-product","3":"status-publish","4":"has-post-thumbnail","6":"product_cat-klinik","7":"product_cat-tabla-ortusu","8":"product_cat-tek-kullanimlik","9":"product_tag-denton","10":"product_tag-tabla-ortusu","12":"first","13":"instock","14":"featured","15":"taxable","16":"shipping-taxable","17":"purchasable","18":"product-type-simple"},"_links":{"self":[{"href":"https:\/\/www.avrasyadental.com\/en\/wp-json\/wp\/v2\/product\/4279","targetHints":{"allow":["GET"]}}],"collection":[{"href":"https:\/\/www.avrasyadental.com\/en\/wp-json\/wp\/v2\/product"}],"about":[{"href":"https:\/\/www.avrasyadental.com\/en\/wp-json\/wp\/v2\/types\/product"}],"replies":[{"embeddable":true,"href":"https:\/\/www.avrasyadental.com\/en\/wp-json\/wp\/v2\/comments?post=4279"}],"wp:featuredmedia":[{"embeddable":true,"href":"https:\/\/www.avrasyadental.com\/en\/wp-json\/wp\/v2\/media\/6956"}],"wp:attachment":[{"href":"https:\/\/www.avrasyadental.com\/en\/wp-json\/wp\/v2\/media?parent=4279"}],"wp:term":[{"taxonomy":"product_brand","embeddable":true,"href":"https:\/\/www.avrasyadental.com\/en\/wp-json\/wp\/v2\/product_brand?post=4279"},{"taxonomy":"product_cat","embeddable":true,"href":"https:\/\/www.avrasyadental.com\/en\/wp-json\/wp\/v2\/product_cat?post=4279"},{"taxonomy":"product_tag","embeddable":true,"href":"https:\/\/www.avrasyadental.com\/en\/wp-json\/wp\/v2\/product_tag?post=4279"}],"curies":[{"name":"wp","href":"https:\/\/api.w.org\/{rel}","templated":true}]}}