{"id":4402,"date":"2024-01-22T15:45:09","date_gmt":"2024-01-22T12:45:09","guid":{"rendered":"https:\/\/www.avrasyadental.com\/?post_type=product&#038;p=4402"},"modified":"2025-05-27T16:39:26","modified_gmt":"2025-05-27T13:39:26","slug":"solventum-3m-filtek-supreme-flowable","status":"publish","type":"product","link":"https:\/\/www.avrasyadental.com\/en\/urun\/solventum-3m-filtek-supreme-flowable\/","title":{"rendered":"Solventum 3M Filtek Supreme Flowable"},"content":{"rendered":"<p>\u00dcr\u00fcn \u00d6zellikleri<\/p>\n<p>\u2022 Nanoteknoloji deste\u011fiyle form\u00fcle edilmi\u015ftir, b\u00f6ylece y\u00fcksek performans ve kullan\u0131m kolayl\u0131\u011f\u0131 sunar.<br \/>\n\u2022 Uygulama s\u0131ras\u0131nda \u015fekil stabilitesini korur, kontrol d\u0131\u015f\u0131 akma yapmaz.<br \/>\n\u2022 12 farkl\u0131 renk se\u00e7ene\u011fiyle estetik \u00e7\u00f6z\u00fcmler sunar.<br \/>\n\u2022 Fiziksel dayan\u0131kl\u0131l\u0131\u011f\u0131 y\u00fcksektir, d\u0131\u015f etkenlere kar\u015f\u0131 \u00fcst\u00fcn diren\u00e7 sa\u011flar.<br \/>\n\u2022 Art\u0131r\u0131lm\u0131\u015f radyoopasitesi sayesinde r\u00f6ntgenlerde net bir \u015fekilde g\u00f6r\u00fcnt\u00fclenebilir.<br \/>\n\u2022 Y\u00fczey cilas\u0131n\u0131n uzun s\u00fcre korunmas\u0131na yard\u0131mc\u0131 olur, parlakl\u0131\u011f\u0131n\u0131 kaybetmez.<\/p>\n<p>Uygulama Talimat\u0131<\/p>\n<p>\u2022 Malzeme, maksimum 2 mm kal\u0131nl\u0131\u011f\u0131nda katmanlar halinde uygulanmal\u0131d\u0131r.<br \/>\n\u2022 Her katman i\u00e7in \u0131\u015f\u0131nlama s\u00fcresi:<br \/>\n\u2013 Opak A3 rengi i\u00e7in 40 saniye<br \/>\n\u2013 Di\u011fer renkler i\u00e7in 20 saniyedir.<\/p>","protected":false},"excerpt":{"rendered":"<p>\u00dcr\u00fcn \u00d6zellikleri<\/p>\n<p>\u2022 Nanoteknoloji deste\u011fiyle form\u00fcle edilmi\u015ftir, b\u00f6ylece y\u00fcksek performans ve kullan\u0131m kolayl\u0131\u011f\u0131 sunar.<br \/>\n\u2022 Uygulama s\u0131ras\u0131nda \u015fekil stabilitesini korur, kontrol d\u0131\u015f\u0131 akma yapmaz.<br \/>\n\u2022 12 farkl\u0131 renk se\u00e7ene\u011fiyle estetik \u00e7\u00f6z\u00fcmler sunar.<br \/>\n\u2022 Fiziksel dayan\u0131kl\u0131l\u0131\u011f\u0131 y\u00fcksektir, d\u0131\u015f etkenlere kar\u015f\u0131 \u00fcst\u00fcn diren\u00e7 sa\u011flar.<br \/>\n\u2022 Art\u0131r\u0131lm\u0131\u015f radyoopasitesi sayesinde r\u00f6ntgenlerde net bir \u015fekilde g\u00f6r\u00fcnt\u00fclenebilir.<br \/>\n\u2022 Y\u00fczey cilas\u0131n\u0131n uzun s\u00fcre korunmas\u0131na yard\u0131mc\u0131 olur, parlakl\u0131\u011f\u0131n\u0131 kaybetmez.<\/p>","protected":false},"featured_media":7146,"comment_status":"open","ping_status":"closed","template":"","meta":[],"product_brand":[],"product_cat":[1292,1297,1293],"product_tag":[1607,1636,1630,1726],"class_list":{"0":"post-4402","1":"product","2":"type-product","3":"status-publish","4":"has-post-thumbnail","6":"product_cat-restoratif","7":"product_cat-akiskan-kompozit","8":"product_cat-kompozit","9":"product_tag-3m","10":"product_tag-akiskan","11":"product_tag-flow","12":"product_tag-solventum","14":"first","15":"instock","16":"sale","17":"featured","18":"taxable","19":"shipping-taxable","20":"purchasable","21":"product-type-variable"},"_links":{"self":[{"href":"https:\/\/www.avrasyadental.com\/en\/wp-json\/wp\/v2\/product\/4402","targetHints":{"allow":["GET"]}}],"collection":[{"href":"https:\/\/www.avrasyadental.com\/en\/wp-json\/wp\/v2\/product"}],"about":[{"href":"https:\/\/www.avrasyadental.com\/en\/wp-json\/wp\/v2\/types\/product"}],"replies":[{"embeddable":true,"href":"https:\/\/www.avrasyadental.com\/en\/wp-json\/wp\/v2\/comments?post=4402"}],"wp:featuredmedia":[{"embeddable":true,"href":"https:\/\/www.avrasyadental.com\/en\/wp-json\/wp\/v2\/media\/7146"}],"wp:attachment":[{"href":"https:\/\/www.avrasyadental.com\/en\/wp-json\/wp\/v2\/media?parent=4402"}],"wp:term":[{"taxonomy":"product_brand","embeddable":true,"href":"https:\/\/www.avrasyadental.com\/en\/wp-json\/wp\/v2\/product_brand?post=4402"},{"taxonomy":"product_cat","embeddable":true,"href":"https:\/\/www.avrasyadental.com\/en\/wp-json\/wp\/v2\/product_cat?post=4402"},{"taxonomy":"product_tag","embeddable":true,"href":"https:\/\/www.avrasyadental.com\/en\/wp-json\/wp\/v2\/product_tag?post=4402"}],"curies":[{"name":"wp","href":"https:\/\/api.w.org\/{rel}","templated":true}]}}