{"id":5532,"date":"2024-08-01T13:18:43","date_gmt":"2024-08-01T10:18:43","guid":{"rendered":"https:\/\/www.avrasyadental.com\/?post_type=product&#038;p=5532"},"modified":"2025-04-04T14:50:55","modified_gmt":"2025-04-04T11:50:55","slug":"gc-g-premio-bond","status":"publish","type":"product","link":"https:\/\/www.avrasyadental.com\/en\/urun\/gc-g-premio-bond\/","title":{"rendered":"GC G-Premio Bond"},"content":{"rendered":"<p>GC\u2019nin universal bondingi G-Premio Bond ile son jenerasyonunda \u00fczerinde \u00f6zellikleriyle m\u00fckemmel ba\u011flant\u0131 kuvvetini tercih edin. Gc nin \u00f6zel monomerleri sayesinde uzun d\u00f6nem ba\u011flant\u0131 kuvveti sa\u011flar.<\/p>\n<div id=\"js_1i\" class=\"_5pbx userContent\" data-ft=\"{\">Gc G Premio BOND, kolay kullan\u0131m ile di\u011fer etkenlere s\u0131f\u0131r taviz, kullan\u0131mda S\u0131f\u0131r taviz vererek kolay, kusursuz ba\u011flant\u0131 kuvveti sunar.<\/div>\n<div id=\"js_1i\" class=\"_5pbx userContent\" data-ft=\"{\">T\u00fcm asitleme se\u00e7enekleriyle kullanabilirsiniz. \u0130\u00e7erdi\u011fi 4- MET, MDP ve MDTP monomerleri sayesinde hem di\u015fe hem de di\u011fer restorasyon materyallerine y\u00fcksek ba\u011flant\u0131 g\u00fcc\u00fcne sahiptir. B\u00f6ylece a\u011f\u0131z i\u00e7i tamir i\u015flemlerine de uygundur. Ayr\u0131ca hassasiyet giderici olarak endikedir.<br \/>\n<img fetchpriority=\"high\" decoding=\"async\" src=\"https:\/\/www.ufukdentalonline.com\/class\/INNOVAEditor\/assets\/gc-premio-bond.jpg\" width=\"300\" height=\"300\" alt=\"\" title=\"\"><br \/>\n<strong>G Premio Bond \u00d6zellikleri<\/strong><\/div>\n<div id=\"js_1i\" class=\"_5pbx userContent\" data-ft=\"{\"><strong>0<\/strong>\u00a0Debonding 3 e\u015fsiz Monomer sayesinde uzun \u00f6m\u00fcrl\u00fc g\u00fc\u00e7l\u00fc ba\u011flant\u0131<\/div>\n<div id=\"js_1i\" class=\"_5pbx userContent\" data-ft=\"{\"><strong>0\u00a0<\/strong>Hata toleransl\u0131 prosed\u00fcr\u00fc sayesinde hatalar\u0131 s\u0131f\u0131ra indirir.<\/div>\n<div id=\"js_1i\" class=\"_5pbx userContent\" data-ft=\"{\"><strong>0<\/strong>\u00a0Post-Operatif Hassasiyet ince form\u00fcl\u00fc sayesinde dentin t\u00fcb\u00fclleri \u00f6rtebilme<\/div>\n<div id=\"js_1i\" class=\"_5pbx userContent\" data-ft=\"{\"><strong>0<\/strong>\u00a0K\u0131vam ve renk<\/div>\n<div id=\"js_1i\" class=\"_5pbx userContent\" data-ft=\"{\"><strong>0<\/strong>\u00a0Renklenme \u0130deal \u0131slanabilirlik, penetrasyon ve etkli kuruma prosed\u00fcr\u00fc sayesinde ekstra ince film kal\u0131nl\u0131\u011f\u0131 (<strong>3 mikron<\/strong>).<br \/>\nBonding ak\u0131\u015fkan olmas\u0131na kar\u015f\u0131n y\u00fcksek doldurucuya ve photo initat\u00f6re sahiptir. Bu da g\u00fc\u00e7l\u00fc bir ba\u011flant\u0131 tabakas\u0131 olu\u015fturur. Bu \u00f6zelliklere HEMA\u2019s\u0131z form\u00fcl eklenince renklenmeye sebep olan hidrolosis engellenmi\u015f olur.<\/div>\n<div id=\"js_1i\" class=\"_5pbx userContent\" data-ft=\"{\">S\u0131f\u0131r \u0130sraf \u00d6zel silikon \u015fi\u015fe tasar\u0131m\u0131 sayesinde tek tek e\u015fit damlalar!\u00a0<strong>300 damla!\u00a0<\/strong>En h\u0131zl\u0131 bonding prosed\u00fcr\u00fc!<\/div>","protected":false},"excerpt":{"rendered":"<p>GC\u2019nin universal bondingi G-Premio Bond ile son jenerasyonunda \u00fczerinde \u00f6zellikleriyle m\u00fckemmel ba\u011flant\u0131 kuvvetini tercih edin. Gc nin \u00f6zel monomerleri sayesinde uzun d\u00f6nem ba\u011flant\u0131 kuvveti sa\u011flar.<\/p>\n<div id=\"js_1i\" class=\"_5pbx userContent\" data-ft=\"{\">Gc G Premio BOND, kolay kullan\u0131m ile di\u011fer etkenlere s\u0131f\u0131r taviz, kullan\u0131mda S\u0131f\u0131r taviz vererek kolay, kusursuz ba\u011flant\u0131 kuvveti sunar.<\/div>\n<div id=\"js_1i\" class=\"_5pbx userContent\" data-ft=\"{\">T\u00fcm asitleme se\u00e7enekleriyle kullanabilirsiniz. \u0130\u00e7erdi\u011fi 4- MET, MDP ve MDTP monomerleri sayesinde hem di\u015fe hem de di\u011fer restorasyon materyallerine y\u00fcksek ba\u011flant\u0131 g\u00fcc\u00fcne sahiptir. B\u00f6ylece a\u011f\u0131z i\u00e7i tamir i\u015flemlerine de uygundur. Ayr\u0131ca hassasiyet giderici olarak endikedir.<\/div>","protected":false},"featured_media":5540,"comment_status":"open","ping_status":"closed","template":"","meta":[],"product_brand":[],"product_cat":[1292,1308,1309],"product_tag":[1620,1621,1622],"class_list":{"0":"post-5532","1":"product","2":"type-product","3":"status-publish","4":"has-post-thumbnail","6":"product_cat-restoratif","7":"product_cat-bond-asit","8":"product_cat-bondlar","9":"product_tag-bonding","10":"product_tag-gc","11":"product_tag-premio","13":"first","14":"instock","15":"sale","16":"featured","17":"taxable","18":"shipping-taxable","19":"purchasable","20":"product-type-simple"},"_links":{"self":[{"href":"https:\/\/www.avrasyadental.com\/en\/wp-json\/wp\/v2\/product\/5532","targetHints":{"allow":["GET"]}}],"collection":[{"href":"https:\/\/www.avrasyadental.com\/en\/wp-json\/wp\/v2\/product"}],"about":[{"href":"https:\/\/www.avrasyadental.com\/en\/wp-json\/wp\/v2\/types\/product"}],"replies":[{"embeddable":true,"href":"https:\/\/www.avrasyadental.com\/en\/wp-json\/wp\/v2\/comments?post=5532"}],"wp:featuredmedia":[{"embeddable":true,"href":"https:\/\/www.avrasyadental.com\/en\/wp-json\/wp\/v2\/media\/5540"}],"wp:attachment":[{"href":"https:\/\/www.avrasyadental.com\/en\/wp-json\/wp\/v2\/media?parent=5532"}],"wp:term":[{"taxonomy":"product_brand","embeddable":true,"href":"https:\/\/www.avrasyadental.com\/en\/wp-json\/wp\/v2\/product_brand?post=5532"},{"taxonomy":"product_cat","embeddable":true,"href":"https:\/\/www.avrasyadental.com\/en\/wp-json\/wp\/v2\/product_cat?post=5532"},{"taxonomy":"product_tag","embeddable":true,"href":"https:\/\/www.avrasyadental.com\/en\/wp-json\/wp\/v2\/product_tag?post=5532"}],"curies":[{"name":"wp","href":"https:\/\/api.w.org\/{rel}","templated":true}]}}