{"id":6817,"date":"2025-05-12T13:28:29","date_gmt":"2025-05-12T10:28:29","guid":{"rendered":"https:\/\/www.avrasyadental.com\/?post_type=product&#038;p=6817"},"modified":"2025-05-12T14:18:43","modified_gmt":"2025-05-12T11:18:43","slug":"vannini-protesil-c-tipi-olcu","status":"publish","type":"product","link":"https:\/\/www.avrasyadental.com\/en\/urun\/vannini-protesil-c-tipi-olcu\/","title":{"rendered":"Vannini Protesil C Tipi \u00d6l\u00e7\u00fc"},"content":{"rendered":"<p>\u00c7ift bask\u0131 tekni\u011finde ilk bask\u0131n\u0131n al\u0131nmas\u0131 i\u00e7in y\u00fcksek viskoziteli Yo\u011funla\u015fma Silikonu, e\u015f zamanl\u0131 olan\u0131 da dahil. \u00d6zellikle a\u011fza yerle\u015ftirildi\u011finde yumu\u015fakt\u0131r, elastikiyet ve sertlik aras\u0131nda m\u00fckemmel bir dengeye sahiptir. Y\u00fcksek ilk p\u00fcr\u00fczs\u00fczl\u00fc\u011f\u00fc basit ve g\u00fcvenli manuel kar\u0131\u015ft\u0131rmaya olanak tan\u0131r. \u00c7al\u0131\u015fma ve k\u00fcrlenme s\u00fcresi aras\u0131nda uygun oran, boyutsal kararl\u0131l\u0131k.<\/p>","protected":false},"excerpt":{"rendered":"<p>\u00c7ift bask\u0131 tekni\u011finde ilk bask\u0131n\u0131n al\u0131nmas\u0131 i\u00e7in y\u00fcksek viskoziteli Yo\u011funla\u015fma Silikonu, e\u015f zamanl\u0131 olan\u0131 da dahil. \u00d6zellikle a\u011fza yerle\u015ftirildi\u011finde yumu\u015fakt\u0131r, elastikiyet ve sertlik aras\u0131nda m\u00fckemmel bir dengeye sahiptir. Y\u00fcksek ilk p\u00fcr\u00fczs\u00fczl\u00fc\u011f\u00fc basit ve g\u00fcvenli manuel kar\u0131\u015ft\u0131rmaya olanak tan\u0131r. \u00c7al\u0131\u015fma ve k\u00fcrlenme s\u00fcresi aras\u0131nda uygun oran, boyutsal kararl\u0131l\u0131k.<\/p>","protected":false},"featured_media":6834,"comment_status":"open","ping_status":"closed","template":"","meta":[],"product_brand":[],"product_cat":[1347,1375,1373],"product_tag":[1692,1702,1770,1780],"class_list":{"0":"post-6817","1":"product","2":"type-product","3":"status-publish","4":"has-post-thumbnail","6":"product_cat-protetik-tedavi","7":"product_cat-c-tipi","8":"product_cat-olcu-aletleri","9":"product_tag-c-tipi","10":"product_tag-olcu","11":"product_tag-protesil","12":"product_tag-vannini","14":"first","15":"instock","16":"sale","17":"taxable","18":"shipping-taxable","19":"purchasable","20":"product-type-simple"},"_links":{"self":[{"href":"https:\/\/www.avrasyadental.com\/en\/wp-json\/wp\/v2\/product\/6817","targetHints":{"allow":["GET"]}}],"collection":[{"href":"https:\/\/www.avrasyadental.com\/en\/wp-json\/wp\/v2\/product"}],"about":[{"href":"https:\/\/www.avrasyadental.com\/en\/wp-json\/wp\/v2\/types\/product"}],"replies":[{"embeddable":true,"href":"https:\/\/www.avrasyadental.com\/en\/wp-json\/wp\/v2\/comments?post=6817"}],"wp:featuredmedia":[{"embeddable":true,"href":"https:\/\/www.avrasyadental.com\/en\/wp-json\/wp\/v2\/media\/6834"}],"wp:attachment":[{"href":"https:\/\/www.avrasyadental.com\/en\/wp-json\/wp\/v2\/media?parent=6817"}],"wp:term":[{"taxonomy":"product_brand","embeddable":true,"href":"https:\/\/www.avrasyadental.com\/en\/wp-json\/wp\/v2\/product_brand?post=6817"},{"taxonomy":"product_cat","embeddable":true,"href":"https:\/\/www.avrasyadental.com\/en\/wp-json\/wp\/v2\/product_cat?post=6817"},{"taxonomy":"product_tag","embeddable":true,"href":"https:\/\/www.avrasyadental.com\/en\/wp-json\/wp\/v2\/product_tag?post=6817"}],"curies":[{"name":"wp","href":"https:\/\/api.w.org\/{rel}","templated":true}]}}