{"id":6819,"date":"2025-05-12T13:35:31","date_gmt":"2025-05-12T10:35:31","guid":{"rendered":"https:\/\/www.avrasyadental.com\/?post_type=product&#038;p=6819"},"modified":"2025-05-13T10:59:56","modified_gmt":"2025-05-13T07:59:56","slug":"vannini-prestige-a-tipi-olcu-seti","status":"publish","type":"product","link":"https:\/\/www.avrasyadental.com\/en\/urun\/vannini-prestige-a-tipi-olcu-seti\/","title":{"rendered":"Vannini Prestige A Tipi \u00d6l\u00e7\u00fc Seti"},"content":{"rendered":"<p>Y\u00fcksek kaliteli ve hassas di\u015f ilk izlenimleri i\u00e7in tasarlanm\u0131\u015f, \u00e7ift izlenim tekni\u011finde kullan\u0131lmak \u00fczere ekstra yumu\u015fak, h\u0131zl\u0131 sertle\u015fen tiksotropik ek silikon. \u00d6zellikle \u00e7al\u0131\u015fma a\u015famas\u0131nda yumu\u015fak, a\u011f\u0131zda h\u0131zl\u0131 sertle\u015fme s\u00fcresi. Vulkanizasyondan sonra dengeli sertlik, hastan\u0131n bo\u015flu\u011fundan kolayca \u00e7\u0131kar\u0131lmas\u0131n\u0131 sa\u011flar. \u00c7al\u0131\u015fma ve k\u00fcrlenme s\u00fcresi aras\u0131nda uygun oran, y\u00fcksek boyutsal kararl\u0131l\u0131k.<\/p>","protected":false},"excerpt":{"rendered":"<p>Y\u00fcksek kaliteli ve hassas di\u015f ilk izlenimleri i\u00e7in tasarlanm\u0131\u015f, \u00e7ift izlenim tekni\u011finde kullan\u0131lmak \u00fczere ekstra yumu\u015fak, h\u0131zl\u0131 sertle\u015fen tiksotropik ek silikon. \u00d6zellikle \u00e7al\u0131\u015fma a\u015famas\u0131nda yumu\u015fak, a\u011f\u0131zda h\u0131zl\u0131 sertle\u015fme s\u00fcresi. Vulkanizasyondan sonra dengeli sertlik, hastan\u0131n bo\u015flu\u011fundan kolayca \u00e7\u0131kar\u0131lmas\u0131n\u0131 sa\u011flar. \u00c7al\u0131\u015fma ve k\u00fcrlenme s\u00fcresi aras\u0131nda uygun oran, y\u00fcksek boyutsal kararl\u0131l\u0131k.<\/p>","protected":false},"featured_media":6836,"comment_status":"open","ping_status":"closed","template":"","meta":[],"product_brand":[],"product_cat":[1347,1374,1373],"product_tag":[1714,1702,1767,1780],"class_list":{"0":"post-6819","1":"product","2":"type-product","3":"status-publish","4":"has-post-thumbnail","6":"product_cat-protetik-tedavi","7":"product_cat-a-tipi","8":"product_cat-olcu-aletleri","9":"product_tag-a-tipi","10":"product_tag-olcu","11":"product_tag-prestige","12":"product_tag-vannini","14":"first","15":"instock","16":"sale","17":"taxable","18":"shipping-taxable","19":"purchasable","20":"product-type-simple"},"_links":{"self":[{"href":"https:\/\/www.avrasyadental.com\/en\/wp-json\/wp\/v2\/product\/6819","targetHints":{"allow":["GET"]}}],"collection":[{"href":"https:\/\/www.avrasyadental.com\/en\/wp-json\/wp\/v2\/product"}],"about":[{"href":"https:\/\/www.avrasyadental.com\/en\/wp-json\/wp\/v2\/types\/product"}],"replies":[{"embeddable":true,"href":"https:\/\/www.avrasyadental.com\/en\/wp-json\/wp\/v2\/comments?post=6819"}],"wp:featuredmedia":[{"embeddable":true,"href":"https:\/\/www.avrasyadental.com\/en\/wp-json\/wp\/v2\/media\/6836"}],"wp:attachment":[{"href":"https:\/\/www.avrasyadental.com\/en\/wp-json\/wp\/v2\/media?parent=6819"}],"wp:term":[{"taxonomy":"product_brand","embeddable":true,"href":"https:\/\/www.avrasyadental.com\/en\/wp-json\/wp\/v2\/product_brand?post=6819"},{"taxonomy":"product_cat","embeddable":true,"href":"https:\/\/www.avrasyadental.com\/en\/wp-json\/wp\/v2\/product_cat?post=6819"},{"taxonomy":"product_tag","embeddable":true,"href":"https:\/\/www.avrasyadental.com\/en\/wp-json\/wp\/v2\/product_tag?post=6819"}],"curies":[{"name":"wp","href":"https:\/\/api.w.org\/{rel}","templated":true}]}}