{"id":6907,"date":"2025-05-13T16:07:12","date_gmt":"2025-05-13T13:07:12","guid":{"rendered":"https:\/\/www.avrasyadental.com\/?post_type=product&#038;p=6907"},"modified":"2025-05-13T16:07:14","modified_gmt":"2025-05-13T13:07:14","slug":"pulpdent-snoop-curuk-belirleyici","status":"publish","type":"product","link":"https:\/\/www.avrasyadental.com\/en\/urun\/pulpdent-snoop-curuk-belirleyici\/","title":{"rendered":"Pulpdent Snoop \u00c7\u00fcr\u00fck Belirleyici"},"content":{"rendered":"<p>Propilen glikol bazl\u0131 \u00e7\u00fcr\u00fck tespit boyas\u0131, d\u0131\u015ftaki yumu\u015fak ve canl\u0131l\u0131\u011f\u0131n\u0131 yitirmi\u015f enfekte dentini 10 saniyede boyar.<br \/>\nBu \u00e7\u00fcr\u00fck dentin yeniden mineralize olamaz ve uzakla\u015ft\u0131r\u0131lmal\u0131d\u0131r.<br \/>\n10 saniyelik uygulama, canl\u0131, hassas, bakteri ile enfekte olmayan, yeniden mineralize olabilme kapasitesine sahip ve \u00e7\u0131kar\u0131lmamas\u0131 gereken i\u00e7 tabaka olan etkilenmi\u015f dentini boyamaz.<br \/>\nKoyu mavi rengi, dentin ve pulpa ile net kontrast olu\u015fturur.<br \/>\nG\u00f6r\u00fclmesi zor b\u00f6lgelerdeki \u00e7\u00fcr\u00fckleri tespit eder.<br \/>\nSnoop\u2019un propilen glikol form\u00fcl\u00fcn\u00fcn, su bazl\u0131 form\u00fcllerden daha do\u011fru sonu\u00e7 verdi\u011fi bildirilmektedir.<br \/>\nEkonomik damlal\u0131kl\u0131 \u015fi\u015fe.<\/p>","protected":false},"excerpt":{"rendered":"<p>Propilen glikol bazl\u0131 \u00e7\u00fcr\u00fck tespit boyas\u0131, d\u0131\u015ftaki yumu\u015fak ve canl\u0131l\u0131\u011f\u0131n\u0131 yitirmi\u015f enfekte dentini 10 saniyede boyar.<br \/>\nBu \u00e7\u00fcr\u00fck dentin yeniden mineralize olamaz ve uzakla\u015ft\u0131r\u0131lmal\u0131d\u0131r.<br \/>\n10 saniyelik uygulama, canl\u0131, hassas, bakteri ile enfekte olmayan, yeniden mineralize olabilme kapasitesine sahip ve \u00e7\u0131kar\u0131lmamas\u0131 gereken i\u00e7 tabaka olan etkilenmi\u015f dentini boyamaz.<\/p>","protected":false},"featured_media":6908,"comment_status":"open","ping_status":"closed","template":"","meta":[],"product_brand":[],"product_cat":[1389,1396],"product_tag":[1807,1806,1803,1805],"class_list":{"0":"post-6907","1":"product","2":"type-product","3":"status-publish","4":"has-post-thumbnail","6":"product_cat-cerrahi-perio","7":"product_cat-diger-cerrahi-perio","8":"product_tag-caries","9":"product_tag-curuk-belirleyici","10":"product_tag-pulpdent","11":"product_tag-snoop","13":"first","14":"instock","15":"sale","16":"taxable","17":"shipping-taxable","18":"purchasable","19":"product-type-simple"},"_links":{"self":[{"href":"https:\/\/www.avrasyadental.com\/en\/wp-json\/wp\/v2\/product\/6907","targetHints":{"allow":["GET"]}}],"collection":[{"href":"https:\/\/www.avrasyadental.com\/en\/wp-json\/wp\/v2\/product"}],"about":[{"href":"https:\/\/www.avrasyadental.com\/en\/wp-json\/wp\/v2\/types\/product"}],"replies":[{"embeddable":true,"href":"https:\/\/www.avrasyadental.com\/en\/wp-json\/wp\/v2\/comments?post=6907"}],"wp:featuredmedia":[{"embeddable":true,"href":"https:\/\/www.avrasyadental.com\/en\/wp-json\/wp\/v2\/media\/6908"}],"wp:attachment":[{"href":"https:\/\/www.avrasyadental.com\/en\/wp-json\/wp\/v2\/media?parent=6907"}],"wp:term":[{"taxonomy":"product_brand","embeddable":true,"href":"https:\/\/www.avrasyadental.com\/en\/wp-json\/wp\/v2\/product_brand?post=6907"},{"taxonomy":"product_cat","embeddable":true,"href":"https:\/\/www.avrasyadental.com\/en\/wp-json\/wp\/v2\/product_cat?post=6907"},{"taxonomy":"product_tag","embeddable":true,"href":"https:\/\/www.avrasyadental.com\/en\/wp-json\/wp\/v2\/product_tag?post=6907"}],"curies":[{"name":"wp","href":"https:\/\/api.w.org\/{rel}","templated":true}]}}