{"id":6915,"date":"2025-05-13T16:42:15","date_gmt":"2025-05-13T13:42:15","guid":{"rendered":"https:\/\/www.avrasyadental.com\/?post_type=product&#038;p=6915"},"modified":"2025-05-13T16:42:17","modified_gmt":"2025-05-13T13:42:17","slug":"pulpdent-kool-dam-isi-gerektirmeyen-sivi-bariyer-ve-blokaj-recinesi-2li","status":"publish","type":"product","link":"https:\/\/www.avrasyadental.com\/en\/urun\/pulpdent-kool-dam-isi-gerektirmeyen-sivi-bariyer-ve-blokaj-recinesi-2li\/","title":{"rendered":"Pulpdent Kool-Dam Is\u0131 Gerektirmeyen S\u0131v\u0131 Bariyer Ve Blokaj Re\u00e7inesi 2&#8217;li"},"content":{"rendered":"<p>Kool-Dam, g\u00fc\u00e7lendirilmi\u015f beyazlatma, kumlama veya a\u011f\u0131z i\u00e7i koruma gerektiren di\u011fer i\u015flemlerden \u00f6nce di\u015f etine veya di\u015f y\u00fczeyine uygulan\u0131r. Ayr\u0131ca, \u00f6l\u00e7\u00fc almadan \u00f6nce retansiyon alanlar\u0131n\u0131 (undercut) kapatmak i\u00e7in de kullan\u0131labilir.<br \/>\nKool-Dam, hassas uygulama i\u00e7in k\u00fc\u00e7\u00fck u\u00e7larla enjekt\u00f6rden kolayca uygulan\u0131r ve i\u015flem tamamland\u0131ktan sonra zahmetsizce \u00e7\u0131kar\u0131l\u0131r.<\/p>\n<p>H\u0131zl\u0131 \u0131\u015f\u0131kla k\u00fcrlenme<\/p>\n<p>K\u00fcrlendikten sonra serin kal\u0131r, hasta konforunu art\u0131r\u0131r<\/p>\n<p>Uyguland\u0131\u011f\u0131 yerde kal\u0131r, akma yapmaz<\/p>\n<p>K\u00fcrlendikten sonra esnekli\u011fini korur, y\u0131rt\u0131lmaya kar\u015f\u0131 diren\u00e7lidir, kolayca \u00e7\u0131kar\u0131l\u0131r<\/p>\n<p>Kendi \u00fczerine d\u00fczg\u00fcn ve e\u015fit \u015fekilde katman olu\u015fturur<\/p>\n<p>Nemle uyumlu kimyasal yap\u0131s\u0131, a\u011f\u0131z ortam\u0131nda etkili \u00e7al\u0131\u015f\u0131r<\/p>\n<p>Beyazlatma plaklar\u0131 yap\u0131m\u0131nda modeller \u00fczerine yap\u0131\u015f\u0131r<\/p>\n<p>Retansiyon alanlar\u0131n\u0131 kapat\u0131r<\/p>\n<p>Rubber dam (lastik \u00f6rt\u00fc) y\u0131rt\u0131klar\u0131n\u0131 onar\u0131r<\/p>","protected":false},"excerpt":{"rendered":"<p>Kool-Dam, g\u00fc\u00e7lendirilmi\u015f beyazlatma, kumlama veya a\u011f\u0131z i\u00e7i koruma gerektiren di\u011fer i\u015flemlerden \u00f6nce di\u015f etine veya di\u015f y\u00fczeyine uygulan\u0131r. Ayr\u0131ca, \u00f6l\u00e7\u00fc almadan \u00f6nce retansiyon alanlar\u0131n\u0131 (undercut) kapatmak i\u00e7in de kullan\u0131labilir.<\/p>","protected":false},"featured_media":6917,"comment_status":"open","ping_status":"closed","template":"","meta":[],"product_brand":[],"product_cat":[1347,1381,1385],"product_tag":[1809,1803,1810],"class_list":{"0":"post-6915","1":"product","2":"type-product","3":"status-publish","4":"has-post-thumbnail","6":"product_cat-protetik-tedavi","7":"product_cat-detertraj-beyazlatma","8":"product_cat-dis-eti-bariyeri","9":"product_tag-dam","10":"product_tag-pulpdent","11":"product_tag-recine","13":"first","14":"instock","15":"sale","16":"taxable","17":"shipping-taxable","18":"purchasable","19":"product-type-simple"},"_links":{"self":[{"href":"https:\/\/www.avrasyadental.com\/en\/wp-json\/wp\/v2\/product\/6915","targetHints":{"allow":["GET"]}}],"collection":[{"href":"https:\/\/www.avrasyadental.com\/en\/wp-json\/wp\/v2\/product"}],"about":[{"href":"https:\/\/www.avrasyadental.com\/en\/wp-json\/wp\/v2\/types\/product"}],"replies":[{"embeddable":true,"href":"https:\/\/www.avrasyadental.com\/en\/wp-json\/wp\/v2\/comments?post=6915"}],"wp:featuredmedia":[{"embeddable":true,"href":"https:\/\/www.avrasyadental.com\/en\/wp-json\/wp\/v2\/media\/6917"}],"wp:attachment":[{"href":"https:\/\/www.avrasyadental.com\/en\/wp-json\/wp\/v2\/media?parent=6915"}],"wp:term":[{"taxonomy":"product_brand","embeddable":true,"href":"https:\/\/www.avrasyadental.com\/en\/wp-json\/wp\/v2\/product_brand?post=6915"},{"taxonomy":"product_cat","embeddable":true,"href":"https:\/\/www.avrasyadental.com\/en\/wp-json\/wp\/v2\/product_cat?post=6915"},{"taxonomy":"product_tag","embeddable":true,"href":"https:\/\/www.avrasyadental.com\/en\/wp-json\/wp\/v2\/product_tag?post=6915"}],"curies":[{"name":"wp","href":"https:\/\/api.w.org\/{rel}","templated":true}]}}