{"id":6980,"date":"2025-05-14T17:09:26","date_gmt":"2025-05-14T14:09:26","guid":{"rendered":"https:\/\/www.avrasyadental.com\/?post_type=product&#038;p=6980"},"modified":"2025-05-14T17:11:03","modified_gmt":"2025-05-14T14:11:03","slug":"pulpdent-sparkle-polishing-paste-elmas-icerikli","status":"publish","type":"product","link":"https:\/\/www.avrasyadental.com\/en\/urun\/pulpdent-sparkle-polishing-paste-elmas-icerikli\/","title":{"rendered":"Pulpdent Sparkle Polishing Paste Elmas \u0130\u00e7erikli"},"content":{"rendered":"<p>Sparkle, porselen, alt\u0131n, kompozit ve metal y\u00fczeylerde s\u0131r benzeri parlak bir son kat olu\u015fturur. S\u0131\u00e7rama yapmaz ve kolayca y\u0131kan\u0131r.<\/p>","protected":false},"excerpt":{"rendered":"<p>Sparkle, porselen, alt\u0131n, kompozit ve metal y\u00fczeylerde s\u0131r benzeri parlak bir son kat olu\u015fturur. S\u0131\u00e7rama yapmaz ve kolayca y\u0131kan\u0131r.<\/p>","protected":false},"featured_media":6981,"comment_status":"open","ping_status":"closed","template":"","meta":[],"product_brand":[],"product_cat":[1292,1474,1293],"product_tag":[1647,1646,1828,1803],"class_list":{"0":"post-6980","1":"product","2":"type-product","3":"status-publish","4":"has-post-thumbnail","6":"product_cat-restoratif","7":"product_cat-diger-kompozit-urunleri","8":"product_cat-kompozit","9":"product_tag-cila","10":"product_tag-paste","11":"product_tag-polishing","12":"product_tag-pulpdent","14":"first","15":"instock","16":"sale","17":"taxable","18":"shipping-taxable","19":"purchasable","20":"product-type-simple"},"_links":{"self":[{"href":"https:\/\/www.avrasyadental.com\/en\/wp-json\/wp\/v2\/product\/6980","targetHints":{"allow":["GET"]}}],"collection":[{"href":"https:\/\/www.avrasyadental.com\/en\/wp-json\/wp\/v2\/product"}],"about":[{"href":"https:\/\/www.avrasyadental.com\/en\/wp-json\/wp\/v2\/types\/product"}],"replies":[{"embeddable":true,"href":"https:\/\/www.avrasyadental.com\/en\/wp-json\/wp\/v2\/comments?post=6980"}],"wp:featuredmedia":[{"embeddable":true,"href":"https:\/\/www.avrasyadental.com\/en\/wp-json\/wp\/v2\/media\/6981"}],"wp:attachment":[{"href":"https:\/\/www.avrasyadental.com\/en\/wp-json\/wp\/v2\/media?parent=6980"}],"wp:term":[{"taxonomy":"product_brand","embeddable":true,"href":"https:\/\/www.avrasyadental.com\/en\/wp-json\/wp\/v2\/product_brand?post=6980"},{"taxonomy":"product_cat","embeddable":true,"href":"https:\/\/www.avrasyadental.com\/en\/wp-json\/wp\/v2\/product_cat?post=6980"},{"taxonomy":"product_tag","embeddable":true,"href":"https:\/\/www.avrasyadental.com\/en\/wp-json\/wp\/v2\/product_tag?post=6980"}],"curies":[{"name":"wp","href":"https:\/\/api.w.org\/{rel}","templated":true}]}}