{"id":6986,"date":"2025-05-14T17:41:10","date_gmt":"2025-05-14T14:41:10","guid":{"rendered":"https:\/\/www.avrasyadental.com\/?post_type=product&#038;p=6986"},"modified":"2025-05-14T17:44:22","modified_gmt":"2025-05-14T14:44:22","slug":"pulpdent-baseliner-kaide-materyali-tekli-paket","status":"publish","type":"product","link":"https:\/\/www.avrasyadental.com\/en\/urun\/pulpdent-baseliner-kaide-materyali-tekli-paket\/","title":{"rendered":"Pulpdent Baseliner Kaide Materyali Tekli Paket"},"content":{"rendered":"<p>ACTIVA BioACTIVE-BASELINER, cam iyonomerlerin t\u00fcm avantajlar\u0131n\u0131, k\u0131r\u0131lmayan ve ufalanmayan g\u00fc\u00e7l\u00fc, dayan\u0131kl\u0131 bir rezin matriks i\u00e7inde sunar. Di\u015fe kimyasal olarak ba\u011flan\u0131r, mikros\u0131z\u0131nt\u0131ya kar\u015f\u0131 s\u0131zd\u0131rmazl\u0131k sa\u011flar ve kalsiyum, fosfat ve flor\u00fcr sal\u0131n\u0131m\u0131 yapar. Cam iyonomerlerden daha biyoaktif, kompozitlerden, cam iyonomerlerden ve re\u00e7ine modifiye cam iyonomerlerden (RMGI) ise daha dayan\u0131kl\u0131 ve k\u0131r\u0131lmaya kar\u015f\u0131 diren\u00e7lidir.<\/p>\n<p>ACTIVA, iyonik rezin matriksi, darbe emici re\u00e7ine bile\u015feni ve do\u011fal di\u015flerin fiziksel ve kimyasal \u00f6zelliklerini taklit eden biyoaktif dolgu partik\u00fclleriyle form\u00fcle edilmi\u015f ilk biyoaktif baz\/liner\u2019d\u0131r. Kalsiyum, fosfat ve flor\u00fcr iyonlar\u0131n\u0131 salarak yeniden y\u00fcklenir, uzun vadeli faydalar sa\u011flar ve hastalar\u0131n\u0131z i\u00e7in daha iyi a\u011f\u0131z sa\u011fl\u0131\u011f\u0131 sunar.<\/p>\n<p>ACTIVA, Bisfenol A, Bis-GMA ve BPA t\u00fcrevleri i\u00e7ermez.<\/p>","protected":false},"excerpt":{"rendered":"<p>ACTIVA BioACTIVE-BASE\/LINER, cam iyonomerlerin t\u00fcm avantajlar\u0131n\u0131, k\u0131r\u0131lmayan ve ufalanmayan g\u00fc\u00e7l\u00fc, dayan\u0131kl\u0131 bir rezin matriks i\u00e7inde sunar. Di\u015fe kimyasal olarak ba\u011flan\u0131r, mikros\u0131z\u0131nt\u0131ya kar\u015f\u0131 s\u0131zd\u0131rmazl\u0131k sa\u011flar ve kalsiyum, fosfat ve flor\u00fcr sal\u0131n\u0131m\u0131 yapar. Cam iyonomerlerden daha biyoaktif, kompozitlerden, cam iyonomerlerden ve re\u00e7ine modifiye cam iyonomerlerden (RMGI) ise daha dayan\u0131kl\u0131 ve k\u0131r\u0131lmaya kar\u015f\u0131 diren\u00e7lidir.<\/p>","protected":false},"featured_media":6987,"comment_status":"open","ping_status":"closed","template":"","meta":[],"product_brand":[],"product_cat":[1322,1319,1320],"product_tag":[1831,1832,1803],"class_list":{"0":"post-6986","1":"product","2":"type-product","3":"status-publish","4":"has-post-thumbnail","6":"product_cat-kaide-kavit","7":"product_cat-endodonti","8":"product_cat-tedavi","9":"product_tag-baseliner","10":"product_tag-kaide","11":"product_tag-pulpdent","13":"first","14":"instock","15":"sale","16":"taxable","17":"shipping-taxable","18":"purchasable","19":"product-type-simple"},"_links":{"self":[{"href":"https:\/\/www.avrasyadental.com\/en\/wp-json\/wp\/v2\/product\/6986","targetHints":{"allow":["GET"]}}],"collection":[{"href":"https:\/\/www.avrasyadental.com\/en\/wp-json\/wp\/v2\/product"}],"about":[{"href":"https:\/\/www.avrasyadental.com\/en\/wp-json\/wp\/v2\/types\/product"}],"replies":[{"embeddable":true,"href":"https:\/\/www.avrasyadental.com\/en\/wp-json\/wp\/v2\/comments?post=6986"}],"wp:featuredmedia":[{"embeddable":true,"href":"https:\/\/www.avrasyadental.com\/en\/wp-json\/wp\/v2\/media\/6987"}],"wp:attachment":[{"href":"https:\/\/www.avrasyadental.com\/en\/wp-json\/wp\/v2\/media?parent=6986"}],"wp:term":[{"taxonomy":"product_brand","embeddable":true,"href":"https:\/\/www.avrasyadental.com\/en\/wp-json\/wp\/v2\/product_brand?post=6986"},{"taxonomy":"product_cat","embeddable":true,"href":"https:\/\/www.avrasyadental.com\/en\/wp-json\/wp\/v2\/product_cat?post=6986"},{"taxonomy":"product_tag","embeddable":true,"href":"https:\/\/www.avrasyadental.com\/en\/wp-json\/wp\/v2\/product_tag?post=6986"}],"curies":[{"name":"wp","href":"https:\/\/api.w.org\/{rel}","templated":true}]}}