{"id":7155,"date":"2025-05-27T17:29:17","date_gmt":"2025-05-27T14:29:17","guid":{"rendered":"https:\/\/www.avrasyadental.com\/?post_type=product&#038;p=7155"},"modified":"2025-05-27T17:32:34","modified_gmt":"2025-05-27T14:32:34","slug":"solventum-3m-ketac-molar-easymix-takim","status":"publish","type":"product","link":"https:\/\/www.avrasyadental.com\/en\/urun\/solventum-3m-ketac-molar-easymix-takim\/","title":{"rendered":"Solventum 3M Ketac Molar Easymix Tak\u0131m"},"content":{"rendered":"<p>Y\u00fcksek g\u00fc\u00e7 ile restorasyon \u00e7atlamalar\u0131n\u0131 azalt\u0131r<br \/>\nDentin ve mineye kendili\u011finden ba\u011flan\u0131r.MID ve ATR tedavileri i\u00e7in idealdir<br \/>\nD\u00fc\u015f\u00fck asit erozyonu \u2013 restorasyonlar\u0131n m\u00fckemmel marjinal b\u00fct\u00fcnl\u00fc\u011f\u00fcn\u00fc korur. Daha dayan\u0131kl\u0131 ve daha uzun \u00f6m\u00fcrl\u00fc.<br \/>\nA\u015f\u0131nma direnci d\u00fc\u015f\u00fckt\u00fcr. Y\u00fcksek oranda flor salg\u0131lar.<br \/>\nY\u00fcksek radyoopasiteye sahiptir.<br \/>\n\u00d6nerilen Uygulamalar<br \/>\nS\u00fct di\u015fi restorasyonlar\u0131nda<br \/>\nDaimi s\u0131n\u0131f I restorasyonlar\u0131nda<br \/>\nYar\u0131-daimi II restorasyonlar\u0131nda<br \/>\nKor yap\u0131m\u0131<br \/>\nEsteti\u011fin \u00f6n planda olmad\u0131\u011f\u0131 s\u0131n\u0131f V dolgularda endikedir<br \/>\nKompozit restorasyonlar\u0131n alt\u0131nda kaide materyali olarak da kullan\u0131labilir<\/p>","protected":false},"excerpt":{"rendered":"<p>3M Ketac Molar Easymix , cam iyonomer restoratif materyali<\/p>","protected":false},"featured_media":7156,"comment_status":"open","ping_status":"closed","template":"","meta":[],"product_brand":[],"product_cat":[1292,1306,1307],"product_tag":[1607,1659,1846,1845,1726],"class_list":{"0":"post-7155","1":"product","2":"type-product","3":"status-publish","4":"has-post-thumbnail","6":"product_cat-restoratif","7":"product_cat-cam-iyonomer","8":"product_cat-cam-iyonomer-dolgu","9":"product_tag-3m","10":"product_tag-cam-iyonomer","11":"product_tag-easymix","12":"product_tag-ketac-molar","13":"product_tag-solventum","15":"first","16":"instock","17":"sale","18":"taxable","19":"shipping-taxable","20":"purchasable","21":"product-type-simple"},"_links":{"self":[{"href":"https:\/\/www.avrasyadental.com\/en\/wp-json\/wp\/v2\/product\/7155","targetHints":{"allow":["GET"]}}],"collection":[{"href":"https:\/\/www.avrasyadental.com\/en\/wp-json\/wp\/v2\/product"}],"about":[{"href":"https:\/\/www.avrasyadental.com\/en\/wp-json\/wp\/v2\/types\/product"}],"replies":[{"embeddable":true,"href":"https:\/\/www.avrasyadental.com\/en\/wp-json\/wp\/v2\/comments?post=7155"}],"wp:featuredmedia":[{"embeddable":true,"href":"https:\/\/www.avrasyadental.com\/en\/wp-json\/wp\/v2\/media\/7156"}],"wp:attachment":[{"href":"https:\/\/www.avrasyadental.com\/en\/wp-json\/wp\/v2\/media?parent=7155"}],"wp:term":[{"taxonomy":"product_brand","embeddable":true,"href":"https:\/\/www.avrasyadental.com\/en\/wp-json\/wp\/v2\/product_brand?post=7155"},{"taxonomy":"product_cat","embeddable":true,"href":"https:\/\/www.avrasyadental.com\/en\/wp-json\/wp\/v2\/product_cat?post=7155"},{"taxonomy":"product_tag","embeddable":true,"href":"https:\/\/www.avrasyadental.com\/en\/wp-json\/wp\/v2\/product_tag?post=7155"}],"curies":[{"name":"wp","href":"https:\/\/api.w.org\/{rel}","templated":true}]}}