{"id":7202,"date":"2025-05-28T17:23:36","date_gmt":"2025-05-28T14:23:36","guid":{"rendered":"https:\/\/www.avrasyadental.com\/?post_type=product&#038;p=7202"},"modified":"2025-05-28T17:23:38","modified_gmt":"2025-05-28T14:23:38","slug":"kerr-herculite-classic-kompozit-set","status":"publish","type":"product","link":"https:\/\/www.avrasyadental.com\/en\/urun\/kerr-herculite-classic-kompozit-set\/","title":{"rendered":"Kerr Herculite Classic Kompozit Set"},"content":{"rendered":"<p>Renk skalas\u0131 kullan\u0131larak geli\u015ftirilen bir mikrohibrit kompozittir. \u00dcst\u00fcn uygulama \u00f6zellikleri sayesinde Herculite Classic ile kolayl\u0131kla anatomik \u015fekillendirme ger\u00e7ekle\u015ftirebilirsiniz. 20 y\u0131l\u0131 a\u015fk\u0131n bir s\u00fcredir Herculite Classic\u2019in kan\u0131tlanm\u0131\u015f klinik etkinli\u011fi, uzun \u00f6m\u00fcrl\u00fc estetik sonu\u00e7lar\u0131 ve m\u00fckemmel a\u015f\u0131nma oranlar\u0131, kompozitte g\u00fcvenilirlik ve dayan\u0131kl\u0131l\u0131\u011f\u0131n bir kan\u0131t\u0131d\u0131r. Herculite, sundu\u011fu 38 opasite ile \u00e7ok y\u00f6nl\u00fcl\u00fc\u011f\u00fc en \u00fcst d\u00fczeye ta\u015f\u0131yarak, \u015f\u0131r\u0131nga ve tek kullan\u0131ml\u0131k formlar\u0131 ile her klinik vakan\u0131z i\u00e7in ayr\u0131 bir \u00e7\u00f6z\u00fcm sunmaktad\u0131r.<\/p>\n<p>&nbsp;<\/p>\n<p>\u00d6zellikler:<\/p>\n<p>0,6\u00b5m b\u00fcy\u00fckl\u00fc\u011f\u00fcnde, %79 inorganik doldurucu i\u00e7erir.<br \/>\nEstetik uygulamalarda y\u00fcksek performans g\u00f6sterir.<br \/>\nKompozit i\u00e7indeki baryum glass pigmentleri kompozitle uyumlu oldu\u011fu i\u00e7in \u0131\u015f\u0131\u011f\u0131 i\u00e7eri ge\u00e7irerek di\u015fin do\u011fal g\u00f6r\u00fcnmesini sa\u011flar.<br \/>\n\u0130deal k\u0131vam\u0131 sayesinde kolay uygulan\u0131r, akma ve deformasyon yapmaz.<br \/>\nAnterior ve posterior b\u00f6lgelerde uygulan\u0131r.,<\/p>\n<p>Uygulama :<\/p>\n<p>\u0130stenen renk tonunu se\u00e7in .<br \/>\nKaviteye bir sefere mahsus olmak \u00fczere optibond solo plus 15 sn s\u00fcr\u00fcl\u00fcr ve LED cihazlar\u0131 ile 10 sn \u0131\u015f\u0131nlan\u0131r.<br \/>\n\u015e\u0131r\u0131nga y\u00f6ntemini kullan\u0131yorsan\u0131z, malzemeyi palet \u00fczerine \u00e7\u0131kard\u0131ktan sonra \u015f\u0131r\u0131ngay\u0131 en az iki tur geri \u00e7evirerek malzeme \u00fczerindeki bas\u0131nc\u0131 dindirin.<br \/>\nUnidose y\u00f6ntemini kullan\u0131yorsan\u0131z, ucu tak\u0131n ve verici i\u00e7inde uygun \u015fekilde ayarlay\u0131n.<br \/>\nUnidose ucunu haz\u0131rlanan yerin en derin k\u0131sm\u0131na yerle\u015ftirin. Sabit bir bas\u0131n\u00e7 uygulayarak dolgu macununu yava\u015f yava\u015f \u00e7\u0131kar\u0131n.<br \/>\nPorsiyonlar her seferinde 2mm&#8217;den daha fazla olmamal\u0131d\u0131r. Bir porsiyonu yerle\u015ftirdikten sonra kompozite hafif darbe uygulayarak marjinal adaptasyon sa\u011flay\u0131n.<br \/>\nBeher porsiyonu en az 40 saniye \u0131\u015f\u0131nla sertle\u015ftirin. Birden fazla y\u00fczey varsa beher y\u00fczeye tavsiye edilen bir s\u00fcreyle \u0131\u015f\u0131n uygulay\u0131n.<\/p>","protected":false},"excerpt":{"rendered":"<p>Renk skalas\u0131 kullan\u0131larak geli\u015ftirilen bir mikrohibrit kompozittir. \u00dcst\u00fcn uygulama \u00f6zellikleri sayesinde Herculite Classic ile kolayl\u0131kla anatomik \u015fekillendirme ger\u00e7ekle\u015ftirebilirsiniz. 20 y\u0131l\u0131 a\u015fk\u0131n bir s\u00fcredir Herculite Classic\u2019in kan\u0131tlanm\u0131\u015f klinik etkinli\u011fi, uzun \u00f6m\u00fcrl\u00fc estetik sonu\u00e7lar\u0131 ve m\u00fckemmel a\u015f\u0131nma oranlar\u0131, kompozitte g\u00fcvenilirlik ve dayan\u0131kl\u0131l\u0131\u011f\u0131n bir kan\u0131t\u0131d\u0131r. Herculite, sundu\u011fu 38 opasite ile \u00e7ok y\u00f6nl\u00fcl\u00fc\u011f\u00fc en \u00fcst d\u00fczeye ta\u015f\u0131yarak, \u015f\u0131r\u0131nga ve tek kullan\u0131ml\u0131k formlar\u0131 ile her klinik vakan\u0131z i\u00e7in ayr\u0131 bir \u00e7\u00f6z\u00fcm sunmaktad\u0131r.<\/p>","protected":false},"featured_media":7203,"comment_status":"open","ping_status":"closed","template":"","meta":[],"product_brand":[],"product_cat":[1486,1293,1292],"product_tag":[1820,1851,1537,1613,1852],"class_list":{"0":"post-7202","1":"product","2":"type-product","3":"status-publish","4":"has-post-thumbnail","6":"product_cat-universal-kompozit","7":"product_cat-kompozit","8":"product_cat-restoratif","9":"product_tag-bond","10":"product_tag-herculite","11":"product_tag-kerr","12":"product_tag-kompozit","13":"product_tag-set","15":"first","16":"instock","17":"sale","18":"taxable","19":"shipping-taxable","20":"purchasable","21":"product-type-simple"},"_links":{"self":[{"href":"https:\/\/www.avrasyadental.com\/en\/wp-json\/wp\/v2\/product\/7202","targetHints":{"allow":["GET"]}}],"collection":[{"href":"https:\/\/www.avrasyadental.com\/en\/wp-json\/wp\/v2\/product"}],"about":[{"href":"https:\/\/www.avrasyadental.com\/en\/wp-json\/wp\/v2\/types\/product"}],"replies":[{"embeddable":true,"href":"https:\/\/www.avrasyadental.com\/en\/wp-json\/wp\/v2\/comments?post=7202"}],"wp:featuredmedia":[{"embeddable":true,"href":"https:\/\/www.avrasyadental.com\/en\/wp-json\/wp\/v2\/media\/7203"}],"wp:attachment":[{"href":"https:\/\/www.avrasyadental.com\/en\/wp-json\/wp\/v2\/media?parent=7202"}],"wp:term":[{"taxonomy":"product_brand","embeddable":true,"href":"https:\/\/www.avrasyadental.com\/en\/wp-json\/wp\/v2\/product_brand?post=7202"},{"taxonomy":"product_cat","embeddable":true,"href":"https:\/\/www.avrasyadental.com\/en\/wp-json\/wp\/v2\/product_cat?post=7202"},{"taxonomy":"product_tag","embeddable":true,"href":"https:\/\/www.avrasyadental.com\/en\/wp-json\/wp\/v2\/product_tag?post=7202"}],"curies":[{"name":"wp","href":"https:\/\/api.w.org\/{rel}","templated":true}]}}