{"id":7616,"date":"2025-07-10T11:18:02","date_gmt":"2025-07-10T08:18:02","guid":{"rendered":"https:\/\/www.avrasyadental.com\/?post_type=product&#038;p=7616"},"modified":"2025-07-10T13:39:29","modified_gmt":"2025-07-10T10:39:29","slug":"bisco-9-5-lik-porselen-asit-5gr","status":"publish","type":"product","link":"https:\/\/www.avrasyadental.com\/en\/urun\/bisco-9-5-lik-porselen-asit-5gr\/","title":{"rendered":"BISCO %9.5 Lik Porselen Asit &#8211;\u00a05gr"},"content":{"rendered":"<p>BISCO Porcelain Etch, yap\u0131\u015ft\u0131r\u0131lacak porselenin y\u00fczey alan\u0131n\u0131 art\u0131rarak porselen ve cement aras\u0131ndaki adeziv ba\u011f\u0131 geli\u015ftirir .<br \/>\nEtkisi kum p\u00fcsk\u00fcrtmeye benzer ancak daha kontroll\u00fc ve etkilidir.<br \/>\nPorcelain Etch, feldspatik porselen veya cam y\u00fczeyi mikroskobik olarak p\u00fcr\u00fczlendirecektir.<\/p>\n<p>Bisco porselen ETCHANT yap\u0131\u015ft\u0131r\u0131lacak porselen y\u00fczey alan\u0131n\u0131 artt\u0131rarak porselen ve \u00e7imento aras\u0131ndaki yap\u0131\u015fkan ba\u011f\u0131 geli\u015ftirir.<br \/>\nEtki kumlama benzer, ancak daha kontroll\u00fc ve etkilidir.<br \/>\nPORSELEN ETCHANT mikroskobik herhangi bir porselen veya cam y\u00fczeyini p\u00fcr\u00fczlendirin olacakt\u0131r.<br \/>\nBisco en PORSELEN ETCHANT 2 konsantrasyonlarda art\u0131k kullan\u0131labilir:% 9,5 (a\u015f\u0131nd\u0131rma s\u00fcresini azaltmak i\u00e7in) ve (daha geleneksel kullan\u0131m i\u00e7in)% 4..<br \/>\nPorselen kaplama, kron, di\u015flerin ve \u00f6nceki simantasyona veya porselen restorasyonlar\u0131n tamiri i\u00e7in onley etch \u00fcr\u00fcn kullan\u0131n ya da\u011flama istenen ve PORSELEN ETCHANT Setleri sat\u0131lmad\u0131\u011f\u0131 Ayr\u0131ca, Bisco en BAR\u0130YER GEL\u00a0yerle\u015ftirilir.<\/p>","protected":false},"excerpt":{"rendered":"<p>BISCO Porcelain Etch, yap\u0131\u015ft\u0131r\u0131lacak porselenin y\u00fczey alan\u0131n\u0131 art\u0131rarak porselen ve cement aras\u0131ndaki adeziv ba\u011f\u0131 geli\u015ftirir .<br \/>\nEtkisi kum p\u00fcsk\u00fcrtmeye benzer ancak daha kontroll\u00fc ve etkilidir.<br \/>\nPorcelain Etch, feldspatik porselen veya cam y\u00fczeyi mikroskobik olarak p\u00fcr\u00fczlendirecektir.<\/p>\n<p>Bisco porselen ETCHANT yap\u0131\u015ft\u0131r\u0131lacak porselen y\u00fczey alan\u0131n\u0131 artt\u0131rarak porselen ve \u00e7imento aras\u0131ndaki yap\u0131\u015fkan ba\u011f\u0131 geli\u015ftirir.<br \/>\nEtki kumlama benzer, ancak daha kontroll\u00fc ve etkilidir.<br \/>\nPORSELEN ETCHANT mikroskobik herhangi bir porselen veya cam y\u00fczeyini p\u00fcr\u00fczlendirin olacakt\u0131r.<br \/>\nBisco en PORSELEN ETCHANT 2 konsantrasyonlarda art\u0131k kullan\u0131labilir:% 9,5 (a\u015f\u0131nd\u0131rma s\u00fcresini azaltmak i\u00e7in) ve (daha geleneksel kullan\u0131m i\u00e7in)% 4..<br \/>\nPorselen kaplama, kron, di\u015flerin ve \u00f6nceki simantasyona veya porselen restorasyonlar\u0131n tamiri i\u00e7in onley etch \u00fcr\u00fcn kullan\u0131n ya da\u011flama istenen ve PORSELEN ETCHANT Setleri sat\u0131lmad\u0131\u011f\u0131 Ayr\u0131ca, Bisco en BAR\u0130YER GEL\u00a0yerle\u015ftirilir.<\/p>","protected":false},"featured_media":7618,"comment_status":"open","ping_status":"closed","template":"","meta":[],"product_brand":[],"product_cat":[1311,1308,1292],"product_tag":[1678,1538,1745],"class_list":{"0":"post-7616","1":"product","2":"type-product","3":"status-publish","4":"has-post-thumbnail","6":"product_cat-sari-asit","7":"product_cat-bond-asit","8":"product_cat-restoratif","9":"product_tag-asit","10":"product_tag-bisco","11":"product_tag-etch","13":"first","14":"instock","15":"taxable","16":"shipping-taxable","17":"purchasable","18":"product-type-simple"},"_links":{"self":[{"href":"https:\/\/www.avrasyadental.com\/en\/wp-json\/wp\/v2\/product\/7616","targetHints":{"allow":["GET"]}}],"collection":[{"href":"https:\/\/www.avrasyadental.com\/en\/wp-json\/wp\/v2\/product"}],"about":[{"href":"https:\/\/www.avrasyadental.com\/en\/wp-json\/wp\/v2\/types\/product"}],"replies":[{"embeddable":true,"href":"https:\/\/www.avrasyadental.com\/en\/wp-json\/wp\/v2\/comments?post=7616"}],"wp:featuredmedia":[{"embeddable":true,"href":"https:\/\/www.avrasyadental.com\/en\/wp-json\/wp\/v2\/media\/7618"}],"wp:attachment":[{"href":"https:\/\/www.avrasyadental.com\/en\/wp-json\/wp\/v2\/media?parent=7616"}],"wp:term":[{"taxonomy":"product_brand","embeddable":true,"href":"https:\/\/www.avrasyadental.com\/en\/wp-json\/wp\/v2\/product_brand?post=7616"},{"taxonomy":"product_cat","embeddable":true,"href":"https:\/\/www.avrasyadental.com\/en\/wp-json\/wp\/v2\/product_cat?post=7616"},{"taxonomy":"product_tag","embeddable":true,"href":"https:\/\/www.avrasyadental.com\/en\/wp-json\/wp\/v2\/product_tag?post=7616"}],"curies":[{"name":"wp","href":"https:\/\/api.w.org\/{rel}","templated":true}]}}