{"id":7665,"date":"2025-07-11T16:24:29","date_gmt":"2025-07-11T13:24:29","guid":{"rendered":"https:\/\/www.avrasyadental.com\/?post_type=product&#038;p=7665"},"modified":"2025-07-11T16:24:29","modified_gmt":"2025-07-11T13:24:29","slug":"bisco-theracal-lc-pulpa-ortucu-light-cure-1-gr","status":"publish","type":"product","link":"https:\/\/www.avrasyadental.com\/en\/urun\/bisco-theracal-lc-pulpa-ortucu-light-cure-1-gr\/","title":{"rendered":"BISCO Theracal LC Pulpa \u00d6rt\u00fcc\u00fc Light\u00a0Cure 1 gr"},"content":{"rendered":"<p>TheraCal LC, \u0131\u015f\u0131kla sertle\u015fme \u00f6zelli\u011fine sahip, rezin ile g\u00fc\u00e7lendirilmi\u015f kalsiyum silikat i\u00e7erikli bir layner olarak tasarlanm\u0131\u015ft\u0131r. Bu \u00fcr\u00fcn, hem direkt hem de indirekt pulpa tedavilerinde, ayr\u0131ca kompozit, amalgam, \u00e7e\u015fitli \u00e7imentolar ve di\u011fer temel materyallerin alt\u0131nda koruma sa\u011flayan bir temel malzeme olarak geli\u015ftirilmi\u015ftir. Kalsiyum hidroksit, cam iyonomer, RMCI, IRM\/ZOE ve di\u011fer restoratif malzemelere (kuafaj ve temel malzeme olarak) m\u00fckemmel bir alternatif\u00a0sunar.<\/p>\n<p>TheraCal LC Apatit Olu\u015fumunu Tetikler TheraCal LC \u0131\u015f\u0131kla sertle\u015fen, rezin-modifiye kalsiyum silikat dolduruculu layner; direkt ve indirekt pulpa kuafaj\u0131 ile kompozit, amalgam, simanlar ve di\u011fer baz materyaller alt\u0131nda koruyucu kaide materyali olarak geli\u015ftirilmi\u015ftir.<br \/>\nKalsiyum hidroksit, cam iyonomer, RMCI, IRM\/ZOE ve di\u011fer restoratif materyallere (kuafaj ve kaide) ideal alternatif olarak kullan\u0131labilir.<br \/>\nTheraCal LC pulpa kompleksi i\u00e7in yal\u0131t\u0131m \/ bariyer ve koruyucu olarak i\u015flev g\u00f6r\u00fcr.<br \/>\nTheraCal LC&#8217;nin patentli, \u00f6zel form\u00fcl\u00fc hidrofilik monomerler i\u00e7inde trikalsiyum silikat par\u00e7ac\u0131klar\u0131ndan olu\u015fur ve belirgin \u015fekilde kalsiyum sal\u0131n\u0131m\u0131 sa\u011flar.<br \/>\nBu sayede TheraCal LC yap\u0131s\u0131n\u0131 koruyan, kal\u0131c\u0131 kuafaj ve kaide materyali olarak i\u015flev g\u00f6r\u00fcr.<br \/>\nKalsiyum sal\u0131n\u0131m\u0131 hidroksi apatit olu\u015fumunu tetikler ve ikincil dentin k\u00f6pr\u00fcs\u00fc olu\u015fumunu sa\u011flar.<br \/>\nAlkali PH de\u011feri tedavi etkisini ve apatit olu\u015fumunu geli\u015ftirir, destekler.<br \/>\nAnlaml\u0131 kalsiyum sal\u0131n\u0131m\u0131 koruyucu \u00f6rt\u00fclme sa\u011flar.<br \/>\nKoruyucu bariyer formu pulpay\u0131 izole eder.<br \/>\nRadyoopak materyal radyografide kolayl\u0131kla ay\u0131rt edilir.<\/p>\n<p>Koruyucu Layner: Likit Apatit Parmaklar\u0131n\u0131z\u0131n Ucunda Restoratif materyaller, simanlar veya di\u011fer baz materyaller alt\u0131nda kullan\u0131lan Koruyucu layner.<\/p>\n<p>Pulpa Kuafaj Ajan\u0131: TheraCal LC; \u00e7\u00fcr\u00fck, mekanik nedenler veya travma sonras\u0131 gibi \u00e7e\u015fitli sorunlar nedeniyle a\u00e7\u0131\u011fa \u00e7\u0131km\u0131\u015f pulpa \u00fczerinde endikedir.<br \/>\nKanaman\u0131n durmas\u0131 sa\u011fland\u0131ktan sonra a\u00e7\u0131\u011fa \u00e7\u0131km\u0131\u015f pulpa \u00fczerinde do\u011frudan kullan\u0131l\u0131r.<\/p>\n<p>Avantajlar\u0131<br \/>\nNemli derin dentinde geli\u015ftirilmi\u015f kapama ve ba\u011flanma<br \/>\nG\u00fc\u00e7l\u00fc fiziksel \u00f6zellikler<br \/>\nS\u0131f\u0131r \u00e7\u00f6z\u00fcn\u00fcrl\u00fck<br \/>\nY\u00fcksek radyoopasite<br \/>\nAnlaml\u0131 kalsiyum sal\u0131mm\u0131<br \/>\nH\u0131zl\u0131 ve Kolay Kullan\u0131m<br \/>\nDirek Kuafaj Tekni\u011fi (Dr. Mark Cannon&#8217; \u0131n yard\u0131mlar\u0131yla)<\/p>\n<p>1- TheraCal LC yi direkt pulpa \u00fczerine uygulamadan \u00f6nce kanamay\u0131 durdurun<br \/>\n2- TheraCal LC yi a\u00e7\u0131k pulpa \u00fczerine do\u011frudan tabakalama y\u00f6ntemi ile uygulay\u0131n 1mm kal\u0131nl\u0131\u011fa ula\u015f\u0131nca 20 sn. \u0131\u015f\u0131kla sertle\u015ftirin.<br \/>\n3- Asit uygulay\u0131n, y\u0131kay\u0131n ve bonding uygulay\u0131n.<br \/>\n4- Restorasyona devam edin.<br \/>\n5- Tamamlanm\u0131\u015f restorasyon. \u0130ndirekt Pulpa Kuafaj\u0131 (Dr.Ross Nash&#8217; \u0131n yard\u0131mlar\u0131yla)<\/p>\n<p>1- TheraCal LC&#8217; yi tabakalama tekni\u011fi ile uygulamak i\u00e7in enfekte dentini kald\u0131r\u0131n.<br \/>\n2- TheraCal LC&#8217; yi her katman 1 mm&#8217; yi a\u015fmayacak \u015fekilde tabakalama y\u00f6ntemi ile uygulay\u0131n.<br \/>\n3- Her katmana 20 sn. \u0131\u015f\u0131k uygulay\u0131n.<br \/>\n4- Uygulama alan\u0131 \u00e7evresindeki mineyi BISCO Select HV &#8211; ETCH ile asitleyin.<br \/>\n5- BISCO All-Bond SE yi uygulay\u0131n ve 10 sn. \u0131\u015f\u0131k uygulamas\u0131 yap\u0131n 6- BISCO Core-Flo DC gibi bir kor materyali uygulay\u0131n ve bitirme i\u015flemlerine devam edin.<br \/>\n\u00dcr\u00fcn Uygulama\u00a0Videosu<\/p>","protected":false},"excerpt":{"rendered":"<p>TheraCal LC, \u0131\u015f\u0131kla sertle\u015fme \u00f6zelli\u011fine sahip, rezin ile g\u00fc\u00e7lendirilmi\u015f kalsiyum silikat i\u00e7erikli bir layner olarak tasarlanm\u0131\u015ft\u0131r. Bu \u00fcr\u00fcn, hem direkt hem de indirekt pulpa tedavilerinde, ayr\u0131ca kompozit, amalgam, \u00e7e\u015fitli \u00e7imentolar ve di\u011fer temel materyallerin alt\u0131nda koruma sa\u011flayan bir temel malzeme olarak geli\u015ftirilmi\u015ftir. Kalsiyum hidroksit, cam iyonomer, RMCI, IRM\/ZOE ve di\u011fer restoratif malzemelere (kuafaj ve temel malzeme olarak) m\u00fckemmel bir alternatif\u00a0sunar.<\/p>","protected":false},"featured_media":7666,"comment_status":"open","ping_status":"closed","template":"","meta":[],"product_brand":[],"product_cat":[1319,1322,1320],"product_tag":[1538,1668,1873],"class_list":{"0":"post-7665","1":"product","2":"type-product","3":"status-publish","4":"has-post-thumbnail","6":"product_cat-endodonti","7":"product_cat-kaide-kavit","8":"product_cat-tedavi","9":"product_tag-bisco","10":"product_tag-pulpa","11":"product_tag-therecal","13":"first","14":"instock","15":"sale","16":"taxable","17":"shipping-taxable","18":"purchasable","19":"product-type-simple"},"_links":{"self":[{"href":"https:\/\/www.avrasyadental.com\/en\/wp-json\/wp\/v2\/product\/7665","targetHints":{"allow":["GET"]}}],"collection":[{"href":"https:\/\/www.avrasyadental.com\/en\/wp-json\/wp\/v2\/product"}],"about":[{"href":"https:\/\/www.avrasyadental.com\/en\/wp-json\/wp\/v2\/types\/product"}],"replies":[{"embeddable":true,"href":"https:\/\/www.avrasyadental.com\/en\/wp-json\/wp\/v2\/comments?post=7665"}],"wp:featuredmedia":[{"embeddable":true,"href":"https:\/\/www.avrasyadental.com\/en\/wp-json\/wp\/v2\/media\/7666"}],"wp:attachment":[{"href":"https:\/\/www.avrasyadental.com\/en\/wp-json\/wp\/v2\/media?parent=7665"}],"wp:term":[{"taxonomy":"product_brand","embeddable":true,"href":"https:\/\/www.avrasyadental.com\/en\/wp-json\/wp\/v2\/product_brand?post=7665"},{"taxonomy":"product_cat","embeddable":true,"href":"https:\/\/www.avrasyadental.com\/en\/wp-json\/wp\/v2\/product_cat?post=7665"},{"taxonomy":"product_tag","embeddable":true,"href":"https:\/\/www.avrasyadental.com\/en\/wp-json\/wp\/v2\/product_tag?post=7665"}],"curies":[{"name":"wp","href":"https:\/\/api.w.org\/{rel}","templated":true}]}}