{"id":7667,"date":"2025-07-14T12:43:58","date_gmt":"2025-07-14T09:43:58","guid":{"rendered":"https:\/\/www.avrasyadental.com\/?post_type=product&#038;p=7667"},"modified":"2025-07-14T12:43:59","modified_gmt":"2025-07-14T09:43:59","slug":"dentsply-kalzinol-cinko-oksit-ojenol-siman-takim","status":"publish","type":"product","link":"https:\/\/www.avrasyadental.com\/en\/urun\/dentsply-kalzinol-cinko-oksit-ojenol-siman-takim\/","title":{"rendered":"DENTSPLY Kalzinol \u00c7inko Oksit Ojenol Siman tak\u0131m"},"content":{"rendered":"<p>DENTSPLY Kalzinol, dental uygulamalarda \u00e7inko oksit ojenol bazl\u0131 bir siman olarak, geni\u015f kullan\u0131m alan\u0131 ve y\u00fcksek dayan\u0131kl\u0131l\u0131k sunar. Ge\u00e7ici dolgular, kavite liner ve simantasyon gibi \u00e7e\u015fitli i\u015flemler i\u00e7in g\u00fcvenilir bir \u00e7\u00f6z\u00fcmd\u00fcr.<\/p>\n<p>\u00d6zellikler:<br \/>\n\u00c7inko Oksit Ojenol Bazl\u0131 Form\u00fcl:<\/p>\n<p>Dayan\u0131kl\u0131 ve uzun \u00f6m\u00fcrl\u00fc bir yap\u0131ya sahiptir.<br \/>\nPolimer Takviyeli:<\/p>\n<p>Ge\u00e7ici dolgular ve amalgam alt\u0131nda liner olarak ekstra g\u00fc\u00e7 sa\u011flar.<br \/>\n\u00c7ok Y\u00f6nl\u00fc Kullan\u0131m:<\/p>\n<p>Kavite liner, ge\u00e7ici dolgu ve ge\u00e7ici simantasyon i\u015flemlerinde kullan\u0131labilir.<br \/>\nEndikasyonlar:<br \/>\nKavite Liner:<\/p>\n<p>Silikatlar ve amalgamlar\u0131n alt\u0131nda kullan\u0131ma uygundur.<br \/>\nGe\u00e7ici Dolgu Maddesi:<\/p>\n<p>K\u0131sa s\u00fcreli \u00e7\u00f6z\u00fcmler i\u00e7in dayan\u0131kl\u0131 bir dolgu materyali.<br \/>\nGe\u00e7ici Simantasyon:<\/p>\n<p>Kron ve k\u00f6pr\u00fclerin ge\u00e7ici simantasyonu i\u00e7in ideal.<br \/>\nAvantajlar:<br \/>\nDayan\u0131kl\u0131l\u0131k:<\/p>\n<p>Polimer takviyesi sayesinde ekstra mukavemet sa\u011flar.<br \/>\nGeni\u015f Kullan\u0131m Alan\u0131:<\/p>\n<p>Kavite liner, ge\u00e7ici dolgu ve simantasyon i\u015flemlerinde esnek kullan\u0131m.<br \/>\nPratik Uygulama:<\/p>\n<p>Kullan\u0131m\u0131 kolayd\u0131r ve h\u0131zl\u0131 sonu\u00e7lar sunar.<br \/>\nG\u00fcvenilir Performans:<\/p>\n<p>\u00c7inko oksit ojenol bazl\u0131 yap\u0131s\u0131 ile dental i\u015flemlerde y\u00fcksek\u00a0ba\u015far\u0131\u00a0oran\u0131.<\/p>","protected":false},"excerpt":{"rendered":"<p>DENTSPLY Kalzinol, dental uygulamalarda \u00e7inko oksit ojenol bazl\u0131 bir siman olarak, geni\u015f kullan\u0131m alan\u0131 ve y\u00fcksek dayan\u0131kl\u0131l\u0131k sunar. Ge\u00e7ici dolgular, kavite liner ve simantasyon gibi \u00e7e\u015fitli i\u015flemler i\u00e7in g\u00fcvenilir bir \u00e7\u00f6z\u00fcmd\u00fcr.<\/p>","protected":false},"featured_media":7668,"comment_status":"open","ping_status":"closed","template":"","meta":[],"product_brand":[],"product_cat":[1319,1322,1320],"product_tag":[1562,1874,1793,1634],"class_list":{"0":"post-7667","1":"product","2":"type-product","3":"status-publish","4":"has-post-thumbnail","6":"product_cat-endodonti","7":"product_cat-kaide-kavit","8":"product_cat-tedavi","9":"product_tag-dentsply","10":"product_tag-kalzinol","11":"product_tag-ojenol","12":"product_tag-siman","14":"first","15":"instock","16":"sale","17":"taxable","18":"shipping-taxable","19":"purchasable","20":"product-type-simple"},"_links":{"self":[{"href":"https:\/\/www.avrasyadental.com\/en\/wp-json\/wp\/v2\/product\/7667","targetHints":{"allow":["GET"]}}],"collection":[{"href":"https:\/\/www.avrasyadental.com\/en\/wp-json\/wp\/v2\/product"}],"about":[{"href":"https:\/\/www.avrasyadental.com\/en\/wp-json\/wp\/v2\/types\/product"}],"replies":[{"embeddable":true,"href":"https:\/\/www.avrasyadental.com\/en\/wp-json\/wp\/v2\/comments?post=7667"}],"wp:featuredmedia":[{"embeddable":true,"href":"https:\/\/www.avrasyadental.com\/en\/wp-json\/wp\/v2\/media\/7668"}],"wp:attachment":[{"href":"https:\/\/www.avrasyadental.com\/en\/wp-json\/wp\/v2\/media?parent=7667"}],"wp:term":[{"taxonomy":"product_brand","embeddable":true,"href":"https:\/\/www.avrasyadental.com\/en\/wp-json\/wp\/v2\/product_brand?post=7667"},{"taxonomy":"product_cat","embeddable":true,"href":"https:\/\/www.avrasyadental.com\/en\/wp-json\/wp\/v2\/product_cat?post=7667"},{"taxonomy":"product_tag","embeddable":true,"href":"https:\/\/www.avrasyadental.com\/en\/wp-json\/wp\/v2\/product_tag?post=7667"}],"curies":[{"name":"wp","href":"https:\/\/api.w.org\/{rel}","templated":true}]}}