{"id":7678,"date":"2025-07-14T14:45:49","date_gmt":"2025-07-14T11:45:49","guid":{"rendered":"https:\/\/www.avrasyadental.com\/?post_type=product&#038;p=7678"},"modified":"2025-07-14T16:15:30","modified_gmt":"2025-07-14T13:15:30","slug":"kerr-temp-bond-ojenollu-siman-poset-ambalaj","status":"publish","type":"product","link":"https:\/\/www.avrasyadental.com\/en\/urun\/kerr-temp-bond-ojenollu-siman-poset-ambalaj\/","title":{"rendered":"KERR Temp Bond Ojenoll\u00fc Siman (Po\u015fet Ambalaj)"},"content":{"rendered":"<p>Kendili\u011finden sertle\u015fir<br \/>\n\u00c7inko oksit ve ojenol bazl\u0131d\u0131r.<br \/>\nGe\u00e7ici kuron k\u00f6pr\u00fc ve splint yap\u0131\u015ft\u0131rma siman\u0131 olarak\u00a0kullan\u0131l\u0131r.<\/p>","protected":false},"excerpt":{"rendered":"<p>Kendili\u011finden sertle\u015fir<br \/>\n\u00c7inko oksit ve ojenol bazl\u0131d\u0131r.<br \/>\nGe\u00e7ici kuron k\u00f6pr\u00fc ve splint yap\u0131\u015ft\u0131rma siman\u0131 olarak\u00a0kullan\u0131l\u0131r.<\/p>","protected":false},"featured_media":7679,"comment_status":"open","ping_status":"closed","template":"","meta":[],"product_brand":[],"product_cat":[1347,1368,1366],"product_tag":[1731,1537,1634,1849],"class_list":{"0":"post-7678","1":"product","2":"type-product","3":"status-publish","4":"has-post-thumbnail","6":"product_cat-protetik-tedavi","7":"product_cat-gecici-siman","8":"product_cat-simantasyon","9":"product_tag-gecici","10":"product_tag-kerr","11":"product_tag-siman","12":"product_tag-temp","14":"first","15":"instock","16":"taxable","17":"shipping-taxable","18":"purchasable","19":"product-type-simple"},"_links":{"self":[{"href":"https:\/\/www.avrasyadental.com\/en\/wp-json\/wp\/v2\/product\/7678","targetHints":{"allow":["GET"]}}],"collection":[{"href":"https:\/\/www.avrasyadental.com\/en\/wp-json\/wp\/v2\/product"}],"about":[{"href":"https:\/\/www.avrasyadental.com\/en\/wp-json\/wp\/v2\/types\/product"}],"replies":[{"embeddable":true,"href":"https:\/\/www.avrasyadental.com\/en\/wp-json\/wp\/v2\/comments?post=7678"}],"wp:featuredmedia":[{"embeddable":true,"href":"https:\/\/www.avrasyadental.com\/en\/wp-json\/wp\/v2\/media\/7679"}],"wp:attachment":[{"href":"https:\/\/www.avrasyadental.com\/en\/wp-json\/wp\/v2\/media?parent=7678"}],"wp:term":[{"taxonomy":"product_brand","embeddable":true,"href":"https:\/\/www.avrasyadental.com\/en\/wp-json\/wp\/v2\/product_brand?post=7678"},{"taxonomy":"product_cat","embeddable":true,"href":"https:\/\/www.avrasyadental.com\/en\/wp-json\/wp\/v2\/product_cat?post=7678"},{"taxonomy":"product_tag","embeddable":true,"href":"https:\/\/www.avrasyadental.com\/en\/wp-json\/wp\/v2\/product_tag?post=7678"}],"curies":[{"name":"wp","href":"https:\/\/api.w.org\/{rel}","templated":true}]}}