{"id":7804,"date":"2025-07-18T12:44:13","date_gmt":"2025-07-18T09:44:13","guid":{"rendered":"https:\/\/www.avrasyadental.com\/?post_type=product&#038;p=7804"},"modified":"2025-07-18T14:23:52","modified_gmt":"2025-07-18T11:23:52","slug":"imicryl-nova-compomer-rainbow-com03","status":"publish","type":"product","link":"https:\/\/www.avrasyadental.com\/en\/urun\/imicryl-nova-compomer-rainbow-com03\/","title":{"rendered":"IMICRYL Nova Compomer Rainbow COM03"},"content":{"rendered":"<p>Y\u00fcksek oranda ve uzun s\u00fcreli flor sal\u0131n\u0131m\u0131 yapar.<br \/>\nM\u00fckemmel estetik g\u00f6r\u00fcn\u00fcm sa\u011flar.<br \/>\nRadyopak<br \/>\nKolay parlat\u0131labilirlik, kolay \u015fekillendirme ve g\u00fcvenilir adaptasyon<br \/>\nNova Compomer stronsiyum glass i\u00e7erir, bu sayede a\u011f\u0131z ortam\u0131nda baryum glass i\u00e7erikli \u00fcr\u00fcnlere g\u00f6re daha g\u00fc\u00e7l\u00fc ba\u011f yapar,<br \/>\nA\u011f\u0131z ortam\u0131ndaki stabilitesi y\u00fcksektir.<br \/>\nBakteriostatik etki g\u00f6sterir.<br \/>\nMavi, Asorti, Pembe, Turuncu, Mor renk se\u00e7enekleri mevcuttur.<\/p>\n<p>KULLANIM ALANLARI<\/p>\n<p>S\u00fct di\u015fi restorasyonlar\u0131nda<br \/>\nS\u0131n\u0131f V kavite ve servikal (boyun) a\u015f\u0131nma \/ erozyon restorasyonlar\u0131nda<br \/>\nS\u0131n\u0131f III restorasyonlar\u0131nda<br \/>\nOrta dereceli S\u0131n\u0131f I ve S\u0131n\u0131f II restorasyonlar\u0131nda<\/p>","protected":false},"excerpt":{"rendered":"<p>Nova Compomer y\u00fcksek konsantrasyonda flor a\u00e7\u0131\u011fa \u00e7\u0131karan, \u0131\u015f\u0131kla sertle\u015fen kompomer esasl\u0131 dolgu maddesidir.<\/p>\n<p>Kimyasal \u00f6zelli\u011fi sayesinde cam iyonomerin doldurucu form\u00fcl\u00fcn\u00fc ve kompoziti tek bir \u00fcr\u00fcnde birle\u015ftirir.<\/p>\n<p>Nova Compomer \u00f6zellikle \u00e7\u00fcr\u00fck riskinin y\u00fcksek oldu\u011fu ve genellikle sekonder \u00e7\u00fcr\u00fcklerin olu\u015ftu\u011fu s\u00fct di\u015flerinde ve kole defektlerinde kullan\u0131l\u0131r.<\/p>\n<p>Nova Compomer y\u00fcksek miktarda \u00e7\u00fcr\u00fckten koruyucu florid sal\u0131n\u0131m\u0131 yapar. B\u00f6ylece sekonder \u00e7\u00fcr\u00fck olu\u015fumu\u00a0indirgenir.<\/p>\n<p>Farkl\u0131 Kutu \u0130\u00e7eri\u011fi \u0130\u00e7in WhaatsApp tan Bizimle \u0130leti\u015fime Ge\u00e7iniz.<\/p>","protected":false},"featured_media":7803,"comment_status":"open","ping_status":"closed","template":"","meta":[],"product_brand":[],"product_cat":[1292,1293,1486],"product_tag":[1891,1894,1893],"class_list":{"0":"post-7804","1":"product","2":"type-product","3":"status-publish","4":"has-post-thumbnail","6":"product_cat-restoratif","7":"product_cat-kompozit","8":"product_cat-universal-kompozit","9":"product_tag-imicryl","10":"product_tag-kompomer","11":"product_tag-nova","13":"first","14":"instock","15":"sale","16":"taxable","17":"shipping-taxable","18":"purchasable","19":"product-type-variable"},"_links":{"self":[{"href":"https:\/\/www.avrasyadental.com\/en\/wp-json\/wp\/v2\/product\/7804","targetHints":{"allow":["GET"]}}],"collection":[{"href":"https:\/\/www.avrasyadental.com\/en\/wp-json\/wp\/v2\/product"}],"about":[{"href":"https:\/\/www.avrasyadental.com\/en\/wp-json\/wp\/v2\/types\/product"}],"replies":[{"embeddable":true,"href":"https:\/\/www.avrasyadental.com\/en\/wp-json\/wp\/v2\/comments?post=7804"}],"wp:featuredmedia":[{"embeddable":true,"href":"https:\/\/www.avrasyadental.com\/en\/wp-json\/wp\/v2\/media\/7803"}],"wp:attachment":[{"href":"https:\/\/www.avrasyadental.com\/en\/wp-json\/wp\/v2\/media?parent=7804"}],"wp:term":[{"taxonomy":"product_brand","embeddable":true,"href":"https:\/\/www.avrasyadental.com\/en\/wp-json\/wp\/v2\/product_brand?post=7804"},{"taxonomy":"product_cat","embeddable":true,"href":"https:\/\/www.avrasyadental.com\/en\/wp-json\/wp\/v2\/product_cat?post=7804"},{"taxonomy":"product_tag","embeddable":true,"href":"https:\/\/www.avrasyadental.com\/en\/wp-json\/wp\/v2\/product_tag?post=7804"}],"curies":[{"name":"wp","href":"https:\/\/api.w.org\/{rel}","templated":true}]}}