{"id":7916,"date":"2025-07-21T13:05:47","date_gmt":"2025-07-21T10:05:47","guid":{"rendered":"https:\/\/www.avrasyadental.com\/?post_type=product&#038;p=7916"},"modified":"2025-07-21T13:07:35","modified_gmt":"2025-07-21T10:07:35","slug":"imicryl-nova-resin-cement-nrs03","status":"publish","type":"product","link":"https:\/\/www.avrasyadental.com\/en\/urun\/imicryl-nova-resin-cement-nrs03\/","title":{"rendered":"IMICRYL Nova Resin Cement NRS03"},"content":{"rendered":"<p><strong>AVANTAJLAR<\/strong><\/p>\n<p>Dentin ve mineye yap\u0131\u015ft\u0131rma i\u00e7in bonding veya asit jel uygulamas\u0131na gerek duymaz<\/p>\n<p>Kendinden kar\u0131\u015fabilen dual automix \u015f\u0131r\u0131nga ucu sayesinde kar\u0131\u015ft\u0131rmaya gerek duymadan istenilen noktaya direk uygulanabildi\u011fi i\u00e7in zamandan tasarruf sa\u011flar ayr\u0131ca man\u00fcel kar\u0131\u015ft\u0131rmaya da uygundur<\/p>\n<p>Siman\u0131n fazlas\u0131 kolayca uzakla\u015ft\u0131r\u0131labilir<\/p>\n<p>M\u00fckemmel ba\u011flanma dayan\u0131m\u0131na sahiptir<\/p>\n<p>Y\u00fcksek radyopak \u00f6zellik g\u00f6sterir<\/p>\n<p>Uzun s\u00fcre ve y\u00fcksek d\u00fczeyde flor sal\u0131n\u0131m\u0131 sa\u011flar<\/p>\n<p>\u0130nce film kal\u0131nl\u0131\u011f\u0131 sayesinde restorasyona daha iyi uyum sa\u011flar<\/p>\n<p>Universal, beyaz (opak) ve \u015feffaf renk se\u00e7enekleri mevcuttur<\/p>\n<p>Bakteriostatik etki g\u00f6sterir<\/p>\n<p><strong>KULLANIM ALANLARI<\/strong><\/p>\n<p>Metallerden yap\u0131lan indirekt restorasyonlar\u0131n sabitle\u015ftirilmesi;<\/p>\n<p>Metal ve metal destekli seramik (inlay, onlay, kuron, k\u00f6pr\u00fc ve k\u00f6k \u00e7ivileri)<\/p>\n<p>Y\u00fcksek derecede dayan\u0131kl\u0131 tam seramikler: zirkonyum oksit, lityum disilikat, al\u00fcminyum oksit seramikler(kron ve k\u00f6pr\u00fc i\u00e7in, k\u00f6k \u00e7ivileri)<\/p>\n<p>Elyafla g\u00fc\u00e7lendirilmi\u015f kompozitler (k\u00f6k \u00e7ivileri)<\/p>","protected":false},"excerpt":{"rendered":"<p>Nova Resin Cement, \u00e7ok dayan\u0131kl\u0131 tam seramik, kompozit, metal seramik ve metalden olu\u015fan indirekt restorasyonlar\u0131n simanlanmas\u0131nda kullan\u0131lan kendinden adeziv, kendinden polimerize olan ve \u0131\u015f\u0131kla polimerize olan bir kompozit simand\u0131r.<\/p>\n<p>Nova Resin Cement uygulamalar\u0131nda ayr\u0131ca dentin adeziv kullan\u0131lmas\u0131na gerek yoktur.<\/p>\n<p>Automix enjekt\u00f6r\u00fc sayesinde yap\u0131\u015ft\u0131r\u0131c\u0131 materyal do\u011frudan restorasyona uygulan\u0131r, bu sayede zamandan tasarruf sa\u011flar.<\/p>","protected":false},"featured_media":7912,"comment_status":"open","ping_status":"closed","template":"","meta":[],"product_brand":[],"product_cat":[1347,1369,1366],"product_tag":[1827,1891,1893,1652],"class_list":{"0":"post-7916","1":"product","2":"type-product","3":"status-publish","4":"has-post-thumbnail","6":"product_cat-protetik-tedavi","7":"product_cat-resin-siman","8":"product_cat-simantasyon","9":"product_tag-cement","10":"product_tag-imicryl","11":"product_tag-nova","12":"product_tag-resin","14":"first","15":"instock","16":"sale","17":"taxable","18":"shipping-taxable","19":"purchasable","20":"product-type-simple"},"_links":{"self":[{"href":"https:\/\/www.avrasyadental.com\/en\/wp-json\/wp\/v2\/product\/7916","targetHints":{"allow":["GET"]}}],"collection":[{"href":"https:\/\/www.avrasyadental.com\/en\/wp-json\/wp\/v2\/product"}],"about":[{"href":"https:\/\/www.avrasyadental.com\/en\/wp-json\/wp\/v2\/types\/product"}],"replies":[{"embeddable":true,"href":"https:\/\/www.avrasyadental.com\/en\/wp-json\/wp\/v2\/comments?post=7916"}],"wp:featuredmedia":[{"embeddable":true,"href":"https:\/\/www.avrasyadental.com\/en\/wp-json\/wp\/v2\/media\/7912"}],"wp:attachment":[{"href":"https:\/\/www.avrasyadental.com\/en\/wp-json\/wp\/v2\/media?parent=7916"}],"wp:term":[{"taxonomy":"product_brand","embeddable":true,"href":"https:\/\/www.avrasyadental.com\/en\/wp-json\/wp\/v2\/product_brand?post=7916"},{"taxonomy":"product_cat","embeddable":true,"href":"https:\/\/www.avrasyadental.com\/en\/wp-json\/wp\/v2\/product_cat?post=7916"},{"taxonomy":"product_tag","embeddable":true,"href":"https:\/\/www.avrasyadental.com\/en\/wp-json\/wp\/v2\/product_tag?post=7916"}],"curies":[{"name":"wp","href":"https:\/\/api.w.org\/{rel}","templated":true}]}}