{"id":7927,"date":"2025-07-21T14:43:09","date_gmt":"2025-07-21T11:43:09","guid":{"rendered":"https:\/\/www.avrasyadental.com\/?post_type=product&#038;p=7927"},"modified":"2025-07-21T14:43:10","modified_gmt":"2025-07-21T11:43:10","slug":"imicryl-sc-soguk-self-curl-pembe-soguk-akrilik-4-kg-toz","status":"publish","type":"product","link":"https:\/\/www.avrasyadental.com\/en\/urun\/imicryl-sc-soguk-self-curl-pembe-soguk-akrilik-4-kg-toz\/","title":{"rendered":"IMICRYL SC So\u011fuk Self Curl Pembe So\u011fuk Akrilik 4 kg Toz"},"content":{"rendered":"<p><strong>AVANTAJLAR<\/strong><\/p>\n<p>Polimerizasyon nomral oda \u015fartlar\u0131nda kendi kendine olmaktad\u0131r.<\/p>\n<p>Kadmiyum i\u00e7ermez ve partik\u00fcl b\u00fcy\u00fckl\u00fc\u011f\u00fc homojen ve uygundur.<\/p>\n<p>Likit metilmetakrilat monomer i\u00e7ermektedir.<\/p>\n<p>Hamurla\u015fma s\u00fcresi k\u0131sad\u0131r.<\/p>\n<p>\u00c7al\u0131\u015fma s\u00fcresi yeterlidir.<\/p>\n<p>Polimerizasyon s\u00fcresi k\u0131sad\u0131r.<\/p>\n<p>\u00dcr\u00fcn ISO 13485:2003 T\u0131bbi Cihaz Kalite Y\u00f6netim Sistemi alt\u0131nda \u00fcretilmektedir.<\/p>\n<p>CE belgesine sahiptir.<\/p>\n<p>Biyouyumluluk deneylerine haizdir.<\/p>\n<p>BS 2484\u2019ye uygundur. T\u0131p II, T\u00fcr III<\/p>\n<p>Hamurla\u015fma s\u00fcresi 4-8 dk.<\/p>\n<p>\u00c7al\u0131\u015fma s\u00fcresi 20 dk.<\/p>\n<p>Polimerazisyon s\u00fcresi 10 dk.<\/p>\n<p>Su emilimi 20.1 g \/ mm\u00b3<\/p>\n<p>\u00c7\u00f6z\u00fcnebilirlik\u00a01.8\u00a0g\u00a0\/\u00a0mm\u00b3<\/p>\n<p><strong>KULLANIM ALANLARI<\/strong><\/p>\n<p>Protez tamirinde ve d\u00fczeltmelerde\u00a0kullan\u0131l\u0131r.<\/p>","protected":false},"excerpt":{"rendered":"<p>Protez tamirinde ve d\u00fczeltmelerde kullan\u0131lan polimetilmetakrilat esasl\u0131 so\u011fuk akrilil malzemesidir.<\/p>","protected":false},"featured_media":7928,"comment_status":"open","ping_status":"closed","template":"","meta":[],"product_brand":[],"product_cat":[1781],"product_tag":[1891,1898,1897,1899],"class_list":{"0":"post-7927","1":"product","2":"type-product","3":"status-publish","4":"has-post-thumbnail","6":"product_cat-laboratuvar","7":"product_tag-imicryl","8":"product_tag-sc","9":"product_tag-soguk-akrilik","10":"product_tag-toz","12":"first","13":"instock","14":"taxable","15":"shipping-taxable","16":"purchasable","17":"product-type-simple"},"_links":{"self":[{"href":"https:\/\/www.avrasyadental.com\/en\/wp-json\/wp\/v2\/product\/7927","targetHints":{"allow":["GET"]}}],"collection":[{"href":"https:\/\/www.avrasyadental.com\/en\/wp-json\/wp\/v2\/product"}],"about":[{"href":"https:\/\/www.avrasyadental.com\/en\/wp-json\/wp\/v2\/types\/product"}],"replies":[{"embeddable":true,"href":"https:\/\/www.avrasyadental.com\/en\/wp-json\/wp\/v2\/comments?post=7927"}],"wp:featuredmedia":[{"embeddable":true,"href":"https:\/\/www.avrasyadental.com\/en\/wp-json\/wp\/v2\/media\/7928"}],"wp:attachment":[{"href":"https:\/\/www.avrasyadental.com\/en\/wp-json\/wp\/v2\/media?parent=7927"}],"wp:term":[{"taxonomy":"product_brand","embeddable":true,"href":"https:\/\/www.avrasyadental.com\/en\/wp-json\/wp\/v2\/product_brand?post=7927"},{"taxonomy":"product_cat","embeddable":true,"href":"https:\/\/www.avrasyadental.com\/en\/wp-json\/wp\/v2\/product_cat?post=7927"},{"taxonomy":"product_tag","embeddable":true,"href":"https:\/\/www.avrasyadental.com\/en\/wp-json\/wp\/v2\/product_tag?post=7927"}],"curies":[{"name":"wp","href":"https:\/\/api.w.org\/{rel}","templated":true}]}}