{"id":7972,"date":"2025-07-22T16:01:17","date_gmt":"2025-07-22T13:01:17","guid":{"rendered":"https:\/\/www.avrasyadental.com\/?post_type=product&#038;p=7972"},"modified":"2025-07-22T16:07:00","modified_gmt":"2025-07-22T13:07:00","slug":"vatech-ezray-p-tasinabilir-rontgen-cihazi-tabanca-tip","status":"publish","type":"product","link":"https:\/\/www.avrasyadental.com\/en\/urun\/vatech-ezray-p-tasinabilir-rontgen-cihazi-tabanca-tip\/","title":{"rendered":"VATECH EZRAY P Ta\u015f\u0131nabilir R\u00f6ntgen Cihaz\u0131 (Tabanca Tip)"},"content":{"rendered":"<p>Hafif bir portatif a\u011f\u0131z i\u00e7i r\u00f6ntgen cihaz\u0131, cihaz\u0131n konumland\u0131r\u0131lmas\u0131 i\u00e7in kararl\u0131 bir ortam sa\u011flar. Cihaz konumland\u0131rma kolayl\u0131\u011f\u0131, hareket etse bile net g\u00f6r\u00fcnt\u00fcler \u00fcretir. Hafif bir ara\u00e7 kullanmak \u00e7ok uygun \u00e7\u00fcnk\u00fc t\u00fcm di\u015fler i\u00e7in gereken s\u00fcre ve harcanan g\u00fc\u00e7 azal\u0131r. Ayr\u0131ca personeliniz i\u00e7in daha h\u0131zl\u0131 i\u015f ak\u0131\u015f\u0131 ve daha az strese sebep olur.<\/p>\n<p>Ak\u0131ll\u0131 konumland\u0131rma sistemi ile \u00e7ekim i\u00e7in yap\u0131lan pozisyonland\u0131rma i\u015flemini h\u0131zland\u0131r\u0131r. Her bir di\u015fin a\u00e7\u0131s\u0131 i\u00e7in varsay\u0131lan pozlama ayarlar\u0131 vard\u0131r.<br \/>\nKullan\u0131c\u0131n\u0131n, bir okl\u00fczal d\u00fczlemi veya bir frankfurt \u00e7izgisini izleyerek k\u0131lavuzu ayarlamas\u0131 yeterlidir; a\u00e7\u0131 ve di\u015f otomatik olarak alg\u0131lan\u0131r.<\/p>\n<p><strong>TEKNIK \u00d6ZELLIKLER<\/strong><br \/>\nOdak Noktas\u0131 : 0.4mm (IEC60336)<br \/>\nT\u00fcp Voltaji : 65kV<br \/>\nT\u00fcp Ak\u0131m\u0131 : 2.5mA<br \/>\nPozlama S\u00fcresi : 0.05 -0.5 saniye<br \/>\nToplam Filtrasyon : Dak. 1.5mm Al<br \/>\nCilt Mesafesi Uzakl\u0131\u011f\u0131 : 200mm<br \/>\nX I\u015f\u0131n Alan\u0131 : Varsay\u0131lan 60mm Yuvarlak<br \/>\n30x40mm Dikd\u00f6rtgen<br \/>\n20x30mm Dikd\u00f6rtgen (Ops.)<br \/>\nMaks. G\u00f6rev D\u00f6ng\u00fcs\u00fc: 1:30<br \/>\nA\u011f\u0131rl\u0131k : 1.4 kg [2.2 lbs.] (Koruma kalkan\u0131 hari\u00e7)<\/p>\n","protected":false},"excerpt":{"rendered":"<p>VATECH EZRAY AIR Ta\u015f\u0131nabilir R\u00f6ntgen Cihaz\u0131<\/p>\n<p>En hafif, ta\u015f\u0131nabilir intraoral x-ray sistemi<\/p>","protected":false},"featured_media":7973,"comment_status":"open","ping_status":"closed","template":"","meta":[],"product_brand":[],"product_cat":[1417,1431,1434],"product_tag":[1921,1920,1919,1913],"class_list":{"0":"post-7972","1":"product","2":"type-product","3":"status-publish","4":"has-post-thumbnail","6":"product_cat-cihazlar","7":"product_cat-goruntuleme","8":"product_cat-periopikal","9":"product_tag-mobil","10":"product_tag-periopikal","11":"product_tag-rontgen-cihazi","12":"product_tag-vatech","14":"first","15":"instock","16":"sale","17":"taxable","18":"shipping-taxable","19":"purchasable","20":"product-type-simple"},"_links":{"self":[{"href":"https:\/\/www.avrasyadental.com\/en\/wp-json\/wp\/v2\/product\/7972","targetHints":{"allow":["GET"]}}],"collection":[{"href":"https:\/\/www.avrasyadental.com\/en\/wp-json\/wp\/v2\/product"}],"about":[{"href":"https:\/\/www.avrasyadental.com\/en\/wp-json\/wp\/v2\/types\/product"}],"replies":[{"embeddable":true,"href":"https:\/\/www.avrasyadental.com\/en\/wp-json\/wp\/v2\/comments?post=7972"}],"wp:featuredmedia":[{"embeddable":true,"href":"https:\/\/www.avrasyadental.com\/en\/wp-json\/wp\/v2\/media\/7973"}],"wp:attachment":[{"href":"https:\/\/www.avrasyadental.com\/en\/wp-json\/wp\/v2\/media?parent=7972"}],"wp:term":[{"taxonomy":"product_brand","embeddable":true,"href":"https:\/\/www.avrasyadental.com\/en\/wp-json\/wp\/v2\/product_brand?post=7972"},{"taxonomy":"product_cat","embeddable":true,"href":"https:\/\/www.avrasyadental.com\/en\/wp-json\/wp\/v2\/product_cat?post=7972"},{"taxonomy":"product_tag","embeddable":true,"href":"https:\/\/www.avrasyadental.com\/en\/wp-json\/wp\/v2\/product_tag?post=7972"}],"curies":[{"name":"wp","href":"https:\/\/api.w.org\/{rel}","templated":true}]}}