{"id":8230,"date":"2025-12-04T12:28:47","date_gmt":"2025-12-04T09:28:47","guid":{"rendered":"https:\/\/www.avrasyadental.com\/?post_type=product&#038;p=8230"},"modified":"2025-12-04T12:39:17","modified_gmt":"2025-12-04T09:39:17","slug":"biowhiten-ev-tipi-beyazlatma-4lu","status":"publish","type":"product","link":"https:\/\/www.avrasyadental.com\/en\/urun\/biowhiten-ev-tipi-beyazlatma-4lu\/","title":{"rendered":"BioWhiten Ev Tipi Beyazlatma 4l\u00fc"},"content":{"rendered":"<ul>\n<li>Ev tipi di\u015f beyazlatma kiti, ki\u015finin basit ve h\u0131zl\u0131 bir \u015fekilde di\u015flerini beyazlatmak i\u00e7in kullan\u0131lan bir \u00fcr\u00fcnd\u00fcr. Toplam 14 g\u00fcn\u00a0ve g\u00fcnde ortalama 1 saatlik kullan\u0131mla di\u015flerin do\u011fal beyaz rengine\u00a0kavu\u015fmas\u0131na yard\u0131mc\u0131 olur.<\/li>\n<\/ul>\n<p>\u200b<\/p>\n<ul>\n<li>Di\u015f hekiminiz taraf\u0131ndan size sa\u011flanan Beyazlatma Pla\u011f\u0131\u00a0ile birlikte kullan\u0131l\u0131r. Di\u015f hekimlerinin kullan\u0131m\u0131 i\u00e7indir; sadece di\u015f hekimlerine sat\u0131labilir ve di\u015f hekimleri taraf\u0131ndan uygulanabilir. 18 ya\u015f\u0131ndan k\u00fc\u00e7\u00fck bir ki\u015fi \u00fczerinde kullan\u0131lmaz. Uygulama bir di\u015f hekimi taraf\u0131ndan veya di\u015f hekimi nezaretinde yap\u0131lmal\u0131d\u0131r.<\/li>\n<\/ul>","protected":false},"excerpt":{"rendered":"<ul>\n<li>Ev tipi di\u015f beyazlatma kiti, ki\u015finin basit ve h\u0131zl\u0131 bir \u015fekilde di\u015flerini beyazlatmak i\u00e7in kullan\u0131lan bir \u00fcr\u00fcnd\u00fcr. Toplam 14 g\u00fcn\u00a0ve g\u00fcnde ortalama 1 saatlik kullan\u0131mla di\u015flerin do\u011fal beyaz rengine\u00a0kavu\u015fmas\u0131na yard\u0131mc\u0131 olur.<\/li>\n<\/ul>\n<p>\u200b<\/p>\n<ul>\n<li>Di\u015f hekiminiz taraf\u0131ndan size sa\u011flanan Beyazlatma Pla\u011f\u0131\u00a0ile birlikte kullan\u0131l\u0131r. Di\u015f hekimlerinin kullan\u0131m\u0131 i\u00e7indir; sadece di\u015f hekimlerine sat\u0131labilir ve di\u015f hekimleri taraf\u0131ndan uygulanabilir. 18 ya\u015f\u0131ndan k\u00fc\u00e7\u00fck bir ki\u015fi \u00fczerinde kullan\u0131lmaz. Uygulama bir di\u015f hekimi taraf\u0131ndan veya di\u015f hekimi nezaretinde yap\u0131lmal\u0131d\u0131r.<\/li>\n<\/ul>","protected":false},"featured_media":8231,"comment_status":"open","ping_status":"closed","template":"","meta":[],"product_brand":[1939],"product_cat":[1347,1381,1383],"product_tag":[1736,1932,1941],"class_list":{"0":"post-8230","1":"product","2":"type-product","3":"status-publish","4":"has-post-thumbnail","6":"product_brand-biowhiten","7":"product_cat-protetik-tedavi","8":"product_cat-detertraj-beyazlatma","9":"product_cat-ofis-tipi","10":"product_tag-beyazlatma","11":"product_tag-biowhiten","12":"product_tag-home","14":"first","15":"instock","16":"sale","17":"taxable","18":"shipping-taxable","19":"purchasable","20":"product-type-simple"},"_links":{"self":[{"href":"https:\/\/www.avrasyadental.com\/en\/wp-json\/wp\/v2\/product\/8230","targetHints":{"allow":["GET"]}}],"collection":[{"href":"https:\/\/www.avrasyadental.com\/en\/wp-json\/wp\/v2\/product"}],"about":[{"href":"https:\/\/www.avrasyadental.com\/en\/wp-json\/wp\/v2\/types\/product"}],"replies":[{"embeddable":true,"href":"https:\/\/www.avrasyadental.com\/en\/wp-json\/wp\/v2\/comments?post=8230"}],"wp:featuredmedia":[{"embeddable":true,"href":"https:\/\/www.avrasyadental.com\/en\/wp-json\/wp\/v2\/media\/8231"}],"wp:attachment":[{"href":"https:\/\/www.avrasyadental.com\/en\/wp-json\/wp\/v2\/media?parent=8230"}],"wp:term":[{"taxonomy":"product_brand","embeddable":true,"href":"https:\/\/www.avrasyadental.com\/en\/wp-json\/wp\/v2\/product_brand?post=8230"},{"taxonomy":"product_cat","embeddable":true,"href":"https:\/\/www.avrasyadental.com\/en\/wp-json\/wp\/v2\/product_cat?post=8230"},{"taxonomy":"product_tag","embeddable":true,"href":"https:\/\/www.avrasyadental.com\/en\/wp-json\/wp\/v2\/product_tag?post=8230"}],"curies":[{"name":"wp","href":"https:\/\/api.w.org\/{rel}","templated":true}]}}