{"id":8242,"date":"2025-12-04T13:43:06","date_gmt":"2025-12-04T10:43:06","guid":{"rendered":"https:\/\/www.avrasyadental.com\/?post_type=product&#038;p=8242"},"modified":"2025-12-04T13:48:12","modified_gmt":"2025-12-04T10:48:12","slug":"saremco-els-cem-10gr","status":"publish","type":"product","link":"https:\/\/www.avrasyadental.com\/en\/urun\/saremco-els-cem-10gr\/","title":{"rendered":"Saremco ELS Cem 10gr"},"content":{"rendered":"<p>I\u015f\u0131kla ve kendi kendine sertle\u015fen, TEGDMA, HEMA ve BisGMA i\u00e7ermeyen radyoopak kompozit yap\u0131\u015ft\u0131rma siman\u0131. \u0130nley\/onleylerin, kuronlar\u0131n, k\u00f6pr\u00fclerin ve endodontik postlar\u0131n kesin simantasyonu i\u00e7indir. Optimum kar\u0131\u015ft\u0131rma oran\u0131 ve hassas uygulama i\u00e7in pratik 10 g&#8217;l\u0131k \u00e7ift kar\u0131\u015f\u0131ml\u0131 \u015f\u0131r\u0131ngayla birlikte gelir. Kompozit, metal ve seramik\/zirkonya oksitten yap\u0131lan indirekt restorasyonlarda kullan\u0131labilir.<\/p>\n<p>B\u0130R BAKI\u015eTA<\/p>\n<p>* TEGDMA, HEMA ve BisGMA i\u00e7ermez.<\/p>\n<p>* M\u00fckemmel fiziksel \u00f6zellikler.<\/p>\n<p>* Saremco els duobond yap\u0131\u015ft\u0131r\u0131c\u0131 sistemiyle kullan\u0131ma uygundur.<\/p>\n<p>* M\u00fckemmel i\u015flem s\u00fcresi: &gt; 1:30 dakika.<\/p>\n<p>* Ayr\u0131ca saremco bask\u0131 (3D) ile 3D bask\u0131l\u0131 restorasyonlar i\u00e7in de uygundur.<\/p>","protected":false},"excerpt":{"rendered":"<p>I\u015f\u0131kla ve kendi kendine sertle\u015fen, TEGDMA, HEMA ve BisGMA i\u00e7ermeyen radyoopak kompozit yap\u0131\u015ft\u0131rma siman\u0131. \u0130nley\/onleylerin, kuronlar\u0131n, k\u00f6pr\u00fclerin ve endodontik postlar\u0131n kesin simantasyonu i\u00e7indir. Optimum kar\u0131\u015ft\u0131rma oran\u0131 ve hassas uygulama i\u00e7in pratik 10 g&#8217;l\u0131k \u00e7ift kar\u0131\u015f\u0131ml\u0131 \u015f\u0131r\u0131ngayla birlikte gelir. Kompozit, metal ve seramik\/zirkonya oksitten yap\u0131lan indirekt restorasyonlarda kullan\u0131labilir.<\/p>","protected":false},"featured_media":8243,"comment_status":"open","ping_status":"closed","template":"","meta":[],"product_brand":[1938],"product_cat":[1292,1308,1309,1347,1369,1366],"product_tag":[1670,1942],"class_list":{"0":"post-8242","1":"product","2":"type-product","3":"status-publish","4":"has-post-thumbnail","6":"product_brand-saremco","7":"product_cat-restoratif","8":"product_cat-bond-asit","9":"product_cat-bondlar","10":"product_cat-protetik-tedavi","11":"product_cat-resin-siman","12":"product_cat-simantasyon","13":"product_tag-resin-siman","14":"product_tag-saremco","16":"first","17":"instock","18":"taxable","19":"shipping-taxable","20":"purchasable","21":"product-type-simple"},"_links":{"self":[{"href":"https:\/\/www.avrasyadental.com\/en\/wp-json\/wp\/v2\/product\/8242","targetHints":{"allow":["GET"]}}],"collection":[{"href":"https:\/\/www.avrasyadental.com\/en\/wp-json\/wp\/v2\/product"}],"about":[{"href":"https:\/\/www.avrasyadental.com\/en\/wp-json\/wp\/v2\/types\/product"}],"replies":[{"embeddable":true,"href":"https:\/\/www.avrasyadental.com\/en\/wp-json\/wp\/v2\/comments?post=8242"}],"wp:featuredmedia":[{"embeddable":true,"href":"https:\/\/www.avrasyadental.com\/en\/wp-json\/wp\/v2\/media\/8243"}],"wp:attachment":[{"href":"https:\/\/www.avrasyadental.com\/en\/wp-json\/wp\/v2\/media?parent=8242"}],"wp:term":[{"taxonomy":"product_brand","embeddable":true,"href":"https:\/\/www.avrasyadental.com\/en\/wp-json\/wp\/v2\/product_brand?post=8242"},{"taxonomy":"product_cat","embeddable":true,"href":"https:\/\/www.avrasyadental.com\/en\/wp-json\/wp\/v2\/product_cat?post=8242"},{"taxonomy":"product_tag","embeddable":true,"href":"https:\/\/www.avrasyadental.com\/en\/wp-json\/wp\/v2\/product_tag?post=8242"}],"curies":[{"name":"wp","href":"https:\/\/api.w.org\/{rel}","templated":true}]}}