{"id":4121,"date":"2024-01-17T11:51:23","date_gmt":"2024-01-17T08:51:23","guid":{"rendered":"https:\/\/www.avrasyadental.com\/?post_type=product&#038;p=4121"},"modified":"2025-04-10T13:43:29","modified_gmt":"2025-04-10T10:43:29","slug":"dentsply-ah-plus-kanal-dolgu-pati","status":"publish","type":"product","link":"https:\/\/www.avrasyadental.com\/ru\/urun\/dentsply-ah-plus-kanal-dolgu-pati\/","title":{"rendered":"\u041f\u0430\u0441\u0442\u0430 \u0434\u043b\u044f \u043f\u043b\u043e\u043c\u0431\u0438\u0440\u043e\u0432\u0430\u043d\u0438\u044f \u043a\u043e\u0440\u043d\u0435\u0432\u044b\u0445 \u043a\u0430\u043d\u0430\u043b\u043e\u0432 Dentsply AH Plus"},"content":{"rendered":"<div class=\"flex-1 overflow-hidden\">\n<div class=\"react-scroll-to-bottom--css-kaweh-79elbk h-full\">\n<div class=\"react-scroll-to-bottom--css-kaweh-1n7m0yu\">\n<div class=\"flex flex-col pb-9 text-sm\">\n<div class=\"w-full text-token-text-primary\" data-testid=\"conversation-turn-17\">\n<div class=\"px-4 py-2 justify-center text-base md:gap-6 m-auto\">\n<div class=\"flex flex-1 text-base mx-auto gap-3 md:px-5 lg:px-1 xl:px-5 md:max-w-3xl lg:max-w-[40rem] xl:max-w-[48rem] group final-completion\">\n<div class=\"relative flex w-full flex-col lg:w-[calc(100%-115px)] agent-turn\">\n<div class=\"flex-col gap-1 md:gap-3\">\n<div class=\"flex flex-grow flex-col max-w-full\">\n<div class=\"min-h-[20px] text-message flex flex-col items-start gap-3 whitespace-pre-wrap break-words [.text-message+&amp;]:mt-5 overflow-x-auto\" data-message-author-role=\"assistant\" data-message-id=\"b3f7dc52-0adf-4f17-9ad0-60b5efdce9fa\">\n<div class=\"markdown prose w-full break-words dark:prose-invert light\">\n<p>Dentsply-Sirona AH Plus, epoksi amin polimer temelli ve kal\u0131c\u0131 sealant olarak kullan\u0131lan bir kanal dolgu materyalidir. Bu \u00fcr\u00fcn, Dentsply DeTrey&#8217;in endodontide klasikle\u015fmi\u015f \u00fcr\u00fcn\u00fc AH 26&#8217;n\u0131n geli\u015ftirilmi\u015f bir versiyonudur.<\/p>\n<p>AH Plus, dokuya daha iyi uyum, art\u0131r\u0131lm\u0131\u015f radyoopakl\u0131k ve renk stabilitesi \u00f6zelliklerine sahiptir ve kolayca \u00e7\u0131kar\u0131labilir. Kullan\u0131m kolayl\u0131\u011f\u0131 sayesinde, daha h\u0131zl\u0131 ve sorunsuz bir uygulama s\u00fcreci sunar.<\/p>\n<\/div>\n<\/div>\n<\/div>\n<\/div>\n<\/div>\n<\/div>\n<\/div>\n<\/div>\n<\/div>\n<\/div>\n<\/div>\n<\/div>\n","protected":false},"excerpt":{"rendered":"<p class=\"mds-font_body sps2-pdp_description--benefit\">Dentsply-Sirona AH Plus, epoksi amin polimer temelli ve kal\u0131c\u0131 sealant olarak kullan\u0131lan bir kanal dolgu materyalidir. Bu \u00fcr\u00fcn, Dentsply DeTrey&#8217;in endodontide klasikle\u015fmi\u015f \u00fcr\u00fcn\u00fc AH 26&#8217;n\u0131n geli\u015ftirilmi\u015f bir versiyonudur.<\/p>","protected":false},"featured_media":6183,"comment_status":"open","ping_status":"closed","template":"","meta":[],"product_brand":[],"product_cat":[1319,1321,1320],"product_tag":[1673,1282,1674],"class_list":{"0":"post-4121","1":"product","2":"type-product","3":"status-publish","4":"has-post-thumbnail","6":"product_cat-endodonti","7":"product_cat-kanal-pati","8":"product_cat-tedavi","9":"product_tag-ah-plus","10":"product_tag-dentsply-sirona","11":"product_tag-kanal-pati","13":"first","14":"instock","15":"sale","16":"featured","17":"taxable","18":"shipping-taxable","19":"purchasable","20":"product-type-simple"},"_links":{"self":[{"href":"https:\/\/www.avrasyadental.com\/ru\/wp-json\/wp\/v2\/product\/4121","targetHints":{"allow":["GET"]}}],"collection":[{"href":"https:\/\/www.avrasyadental.com\/ru\/wp-json\/wp\/v2\/product"}],"about":[{"href":"https:\/\/www.avrasyadental.com\/ru\/wp-json\/wp\/v2\/types\/product"}],"replies":[{"embeddable":true,"href":"https:\/\/www.avrasyadental.com\/ru\/wp-json\/wp\/v2\/comments?post=4121"}],"wp:featuredmedia":[{"embeddable":true,"href":"https:\/\/www.avrasyadental.com\/ru\/wp-json\/wp\/v2\/media\/6183"}],"wp:attachment":[{"href":"https:\/\/www.avrasyadental.com\/ru\/wp-json\/wp\/v2\/media?parent=4121"}],"wp:term":[{"taxonomy":"product_brand","embeddable":true,"href":"https:\/\/www.avrasyadental.com\/ru\/wp-json\/wp\/v2\/product_brand?post=4121"},{"taxonomy":"product_cat","embeddable":true,"href":"https:\/\/www.avrasyadental.com\/ru\/wp-json\/wp\/v2\/product_cat?post=4121"},{"taxonomy":"product_tag","embeddable":true,"href":"https:\/\/www.avrasyadental.com\/ru\/wp-json\/wp\/v2\/product_tag?post=4121"}],"curies":[{"name":"wp","href":"https:\/\/api.w.org\/{rel}","templated":true}]}}