{"id":4147,"date":"2024-01-17T14:59:18","date_gmt":"2024-01-17T11:59:18","guid":{"rendered":"https:\/\/www.avrasyadental.com\/?post_type=product&#038;p=4147"},"modified":"2025-04-10T13:33:39","modified_gmt":"2025-04-10T10:33:39","slug":"septodont-endomethasone-n-kanal-dolgu-pati-likit","status":"publish","type":"product","link":"https:\/\/www.avrasyadental.com\/ru\/urun\/septodont-endomethasone-n-kanal-dolgu-pati-likit\/","title":{"rendered":"Septodont Endomethasone N Kanal Dolgu Pat\u0131 Likit"},"content":{"rendered":"<div>Endomethasone N Likit<\/div>\n<div><strong>Bile\u015fimi:\u00a0<\/strong>\u00d6jenol 91.0 ml.<\/div>\n<div><strong>Yard\u0131mc\u0131 Bile\u015fenler:<\/strong>\u00a0100 ml.<\/div>","protected":false},"excerpt":{"rendered":"<div>Endomethasone N Likit<\/div>\n<div><strong>Bile\u015fimi:\u00a0<\/strong>\u00d6jenol 91.0 ml.<\/div>\n<div><strong>Yard\u0131mc\u0131 Bile\u015fenler:<\/strong>\u00a0100 ml.<\/div>","protected":false},"featured_media":6191,"comment_status":"open","ping_status":"closed","template":"","meta":[],"product_brand":[],"product_cat":[1319,1321,1320],"product_tag":[1681,1624,1542],"class_list":{"0":"post-4147","1":"product","2":"type-product","3":"status-publish","4":"has-post-thumbnail","6":"product_cat-endodonti","7":"product_cat-kanal-pati","8":"product_cat-tedavi","9":"product_tag-endomethasone","10":"product_tag-likit","11":"product_tag-septodont","13":"first","14":"instock","15":"sale","16":"featured","17":"taxable","18":"shipping-taxable","19":"purchasable","20":"product-type-simple"},"_links":{"self":[{"href":"https:\/\/www.avrasyadental.com\/ru\/wp-json\/wp\/v2\/product\/4147","targetHints":{"allow":["GET"]}}],"collection":[{"href":"https:\/\/www.avrasyadental.com\/ru\/wp-json\/wp\/v2\/product"}],"about":[{"href":"https:\/\/www.avrasyadental.com\/ru\/wp-json\/wp\/v2\/types\/product"}],"replies":[{"embeddable":true,"href":"https:\/\/www.avrasyadental.com\/ru\/wp-json\/wp\/v2\/comments?post=4147"}],"wp:featuredmedia":[{"embeddable":true,"href":"https:\/\/www.avrasyadental.com\/ru\/wp-json\/wp\/v2\/media\/6191"}],"wp:attachment":[{"href":"https:\/\/www.avrasyadental.com\/ru\/wp-json\/wp\/v2\/media?parent=4147"}],"wp:term":[{"taxonomy":"product_brand","embeddable":true,"href":"https:\/\/www.avrasyadental.com\/ru\/wp-json\/wp\/v2\/product_brand?post=4147"},{"taxonomy":"product_cat","embeddable":true,"href":"https:\/\/www.avrasyadental.com\/ru\/wp-json\/wp\/v2\/product_cat?post=4147"},{"taxonomy":"product_tag","embeddable":true,"href":"https:\/\/www.avrasyadental.com\/ru\/wp-json\/wp\/v2\/product_tag?post=4147"}],"curies":[{"name":"wp","href":"https:\/\/api.w.org\/{rel}","templated":true}]}}