{"id":4192,"date":"2024-01-18T10:33:53","date_gmt":"2024-01-18T07:33:53","guid":{"rendered":"https:\/\/www.avrasyadental.com\/?post_type=product&#038;p=4192"},"modified":"2025-04-04T17:14:03","modified_gmt":"2025-04-04T14:14:03","slug":"zhermack-zetaplus-c-silikon-olcu-takim","status":"publish","type":"product","link":"https:\/\/www.avrasyadental.com\/ru\/urun\/zhermack-zetaplus-c-silikon-olcu-takim\/","title":{"rendered":"Zhermack Zetaplus C Silikon \u00d6l\u00e7\u00fc Tak\u0131m"},"content":{"rendered":"<div class=\"flex-1 overflow-hidden\">\n<div class=\"react-scroll-to-bottom--css-kaweh-79elbk h-full\">\n<div class=\"react-scroll-to-bottom--css-kaweh-1n7m0yu\">\n<div class=\"flex flex-col pb-9 text-sm\">\n<div class=\"w-full text-token-text-primary\" data-testid=\"conversation-turn-41\">\n<div class=\"px-4 py-2 justify-center text-base md:gap-6 m-auto\">\n<div class=\"flex flex-1 text-base mx-auto gap-3 md:px-5 lg:px-1 xl:px-5 md:max-w-3xl lg:max-w-[40rem] xl:max-w-[48rem] group final-completion\">\n<div class=\"relative flex w-full flex-col lg:w-[calc(100%-115px)] agent-turn\">\n<div class=\"flex-col gap-1 md:gap-3\">\n<div class=\"flex flex-grow flex-col max-w-full\">\n<div class=\"min-h-[20px] text-message flex flex-col items-start gap-3 whitespace-pre-wrap break-words [.text-message+&amp;]:mt-5 overflow-x-auto\" data-message-author-role=\"assistant\" data-message-id=\"93fdbd60-cdbf-4a34-b150-9d7170b76230\">\n<div class=\"markdown prose w-full break-words dark:prose-invert light\">\n<div class=\"flex-1 overflow-hidden\">\n<div class=\"react-scroll-to-bottom--css-kaweh-79elbk h-full\">\n<div class=\"react-scroll-to-bottom--css-kaweh-1n7m0yu\">\n<div class=\"flex flex-col pb-9 text-sm\">\n<div class=\"w-full text-token-text-primary\" data-testid=\"conversation-turn-47\">\n<div class=\"px-4 py-2 justify-center text-base md:gap-6 m-auto\">\n<div class=\"flex flex-1 text-base mx-auto gap-3 md:px-5 lg:px-1 xl:px-5 md:max-w-3xl lg:max-w-[40rem] xl:max-w-[48rem] group final-completion\">\n<div class=\"relative flex w-full flex-col lg:w-[calc(100%-115px)] agent-turn\">\n<div class=\"flex-col gap-1 md:gap-3\">\n<div class=\"flex flex-grow flex-col max-w-full\">\n<div class=\"min-h-[20px] text-message flex flex-col items-start gap-3 whitespace-pre-wrap break-words [.text-message+&amp;]:mt-5 overflow-x-auto\" data-message-author-role=\"assistant\" data-message-id=\"2bf9a33a-3636-4c72-b98a-9ffcf9ba7a96\">\n<div class=\"markdown prose w-full break-words dark:prose-invert light\">\n<div class=\"flex-1 overflow-hidden\">\n<div class=\"react-scroll-to-bottom--css-kaweh-79elbk h-full\">\n<div class=\"react-scroll-to-bottom--css-kaweh-1n7m0yu\">\n<div class=\"flex flex-col pb-9 text-sm\">\n<div class=\"w-full text-token-text-primary\" data-testid=\"conversation-turn-57\">\n<div class=\"px-4 py-2 justify-center text-base md:gap-6 m-auto\">\n<div class=\"flex flex-1 text-base mx-auto gap-3 md:px-5 lg:px-1 xl:px-5 md:max-w-3xl lg:max-w-[40rem] xl:max-w-[48rem] group final-completion\">\n<div class=\"relative flex w-full flex-col lg:w-[calc(100%-115px)] agent-turn\">\n<div class=\"flex-col gap-1 md:gap-3\">\n<div class=\"flex flex-grow flex-col max-w-full\">\n<div class=\"min-h-[20px] text-message flex flex-col items-start gap-3 whitespace-pre-wrap break-words [.text-message+&amp;]:mt-5 overflow-x-auto\" data-message-author-role=\"assistant\" data-message-id=\"310308f0-1686-4b2f-ab2a-992db09acb2e\">\n<div class=\"markdown prose w-full break-words dark:prose-invert light\">\n<div class=\"flex-1 overflow-hidden\">\n<div class=\"react-scroll-to-bottom--css-kaweh-79elbk h-full\">\n<div class=\"react-scroll-to-bottom--css-kaweh-1n7m0yu\">\n<div class=\"flex flex-col pb-9 text-sm\">\n<div class=\"w-full text-token-text-primary\" data-testid=\"conversation-turn-59\">\n<div class=\"px-4 py-2 justify-center text-base md:gap-6 m-auto\">\n<div class=\"flex flex-1 text-base mx-auto gap-3 md:px-5 lg:px-1 xl:px-5 md:max-w-3xl lg:max-w-[40rem] xl:max-w-[48rem] group final-completion\">\n<div class=\"relative flex w-full flex-col lg:w-[calc(100%-115px)] agent-turn\">\n<div class=\"flex-col gap-1 md:gap-3\">\n<div class=\"flex flex-grow flex-col max-w-full\">\n<div class=\"min-h-[20px] text-message flex flex-col items-start gap-3 whitespace-pre-wrap break-words [.text-message+&amp;]:mt-5 overflow-x-auto\" data-message-author-role=\"assistant\" data-message-id=\"13b394e3-3e83-4198-b5b8-b39479cd620d\">\n<div class=\"markdown prose w-full break-words dark:prose-invert light\">\n<div class=\"flex-1 overflow-hidden\">\n<div class=\"react-scroll-to-bottom--css-kaweh-79elbk h-full\">\n<div class=\"react-scroll-to-bottom--css-kaweh-1n7m0yu\">\n<div class=\"flex flex-col pb-9 text-sm\">\n<div class=\"w-full text-token-text-primary\" data-testid=\"conversation-turn-61\">\n<div class=\"px-4 py-2 justify-center text-base md:gap-6 m-auto\">\n<div class=\"flex flex-1 text-base mx-auto gap-3 md:px-5 lg:px-1 xl:px-5 md:max-w-3xl lg:max-w-[40rem] xl:max-w-[48rem] group final-completion\">\n<div class=\"relative flex w-full flex-col lg:w-[calc(100%-115px)] agent-turn\">\n<div class=\"flex-col gap-1 md:gap-3\">\n<div class=\"flex flex-grow flex-col max-w-full\">\n<div class=\"min-h-[20px] text-message flex flex-col items-start gap-3 whitespace-pre-wrap break-words [.text-message+&amp;]:mt-5 overflow-x-auto\" data-message-author-role=\"assistant\" data-message-id=\"b6df4ef8-f929-4415-935f-d16a74ab6c07\">\n<div class=\"markdown prose w-full break-words dark:prose-invert light\">\n<div class=\"flex-1 overflow-hidden\">\n<div class=\"react-scroll-to-bottom--css-kaweh-79elbk h-full\">\n<div class=\"react-scroll-to-bottom--css-kaweh-1n7m0yu\">\n<div class=\"flex flex-col pb-9 text-sm\">\n<div class=\"w-full text-token-text-primary\" data-testid=\"conversation-turn-63\">\n<div class=\"px-4 py-2 justify-center text-base md:gap-6 m-auto\">\n<div class=\"flex flex-1 text-base mx-auto gap-3 md:px-5 lg:px-1 xl:px-5 md:max-w-3xl lg:max-w-[40rem] xl:max-w-[48rem] group final-completion\">\n<div class=\"relative flex w-full flex-col lg:w-[calc(100%-115px)] agent-turn\">\n<div class=\"flex-col gap-1 md:gap-3\">\n<div class=\"flex flex-grow flex-col max-w-full\">\n<div class=\"min-h-[20px] text-message flex flex-col items-start gap-3 whitespace-pre-wrap break-words [.text-message+&amp;]:mt-5 overflow-x-auto\" data-message-author-role=\"assistant\" data-message-id=\"1deb137c-e7e5-4b84-aa60-954705987cc9\">\n<div class=\"markdown prose w-full break-words dark:prose-invert light\">\n<div class=\"flex-1 overflow-hidden\">\n<div class=\"react-scroll-to-bottom--css-kaweh-79elbk h-full\">\n<div class=\"react-scroll-to-bottom--css-kaweh-1n7m0yu\">\n<div class=\"flex flex-col pb-9 text-sm\">\n<div class=\"w-full text-token-text-primary\" data-testid=\"conversation-turn-9\">\n<div class=\"px-4 py-2 justify-center text-base md:gap-6 m-auto\">\n<div class=\"flex flex-1 text-base mx-auto gap-3 md:px-5 lg:px-1 xl:px-5 md:max-w-3xl lg:max-w-[40rem] xl:max-w-[48rem] group final-completion\">\n<div class=\"relative flex w-full flex-col lg:w-[calc(100%-115px)] agent-turn\">\n<div class=\"flex-col gap-1 md:gap-3\">\n<div class=\"flex flex-grow flex-col max-w-full\">\n<div class=\"min-h-[20px] text-message flex flex-col items-start gap-3 whitespace-pre-wrap break-words [.text-message+&amp;]:mt-5 overflow-x-auto\" data-message-author-role=\"assistant\" data-message-id=\"1694c868-b734-4b74-8f79-1598d57fda72\">\n<div class=\"markdown prose w-full break-words dark:prose-invert light\">\n<div class=\"flex-1 overflow-hidden\">\n<div class=\"react-scroll-to-bottom--css-kaweh-79elbk h-full\">\n<div class=\"react-scroll-to-bottom--css-kaweh-1n7m0yu\">\n<div class=\"flex flex-col pb-9 text-sm\">\n<div class=\"w-full text-token-text-primary\" data-testid=\"conversation-turn-11\">\n<div class=\"px-4 py-2 justify-center text-base md:gap-6 m-auto\">\n<div class=\"flex flex-1 text-base mx-auto gap-3 md:px-5 lg:px-1 xl:px-5 md:max-w-3xl lg:max-w-[40rem] xl:max-w-[48rem] group final-completion\">\n<div class=\"relative flex w-full flex-col lg:w-[calc(100%-115px)] agent-turn\">\n<div class=\"flex-col gap-1 md:gap-3\">\n<div class=\"flex flex-grow flex-col max-w-full\">\n<div class=\"min-h-[20px] text-message flex flex-col items-start gap-3 whitespace-pre-wrap break-words [.text-message+&amp;]:mt-5 overflow-x-auto\" data-message-author-role=\"assistant\" data-message-id=\"4eff8fc5-d8f2-4b1b-8e92-398b43268555\">\n<div class=\"markdown prose w-full break-words dark:prose-invert light\">\n<div class=\"flex-1 overflow-hidden\">\n<div class=\"react-scroll-to-bottom--css-kaweh-79elbk h-full\">\n<div class=\"react-scroll-to-bottom--css-kaweh-1n7m0yu\">\n<div class=\"flex flex-col pb-9 text-sm\">\n<div class=\"w-full text-token-text-primary\" data-testid=\"conversation-turn-25\">\n<div class=\"px-4 py-2 justify-center text-base md:gap-6 m-auto\">\n<div class=\"flex flex-1 text-base mx-auto gap-3 md:px-5 lg:px-1 xl:px-5 md:max-w-3xl lg:max-w-[40rem] xl:max-w-[48rem] group final-completion\">\n<div class=\"relative flex w-full flex-col lg:w-[calc(100%-115px)] agent-turn\">\n<div class=\"flex-col gap-1 md:gap-3\">\n<div class=\"flex flex-grow flex-col max-w-full\">\n<div class=\"min-h-[20px] text-message flex flex-col items-start gap-3 whitespace-pre-wrap break-words [.text-message+&amp;]:mt-5 overflow-x-auto\" data-message-author-role=\"assistant\" data-message-id=\"7d6a122b-f6c0-4f1c-a0a0-a1fb9ad56718\">\n<div class=\"markdown prose w-full break-words dark:prose-invert light\">\n<p>Zetaplus, kondensasyon silikonu temelli, macun k\u0131vam\u0131nda bir dental \u00f6l\u00e7\u00fc alma malzemesidir. Bu \u00fcr\u00fcn, ba\u015flang\u0131\u00e7taki y\u00fcksek ak\u0131\u015fkanl\u0131k \u00f6zelli\u011fi ve donma sonras\u0131 ula\u015ft\u0131\u011f\u0131 optimal sertlik seviyesi sayesinde, di\u015f hekimli\u011finde farkl\u0131 \u00f6l\u00e7\u00fc alma tekniklerine uygun bir se\u00e7enektir. Zetaplus, \u00f6zellikle \u00e7ift \u00f6l\u00e7\u00fc alma y\u00f6nteminde kullan\u0131lan Oranwash ile birlikte kullan\u0131ld\u0131\u011f\u0131nda, m\u00fckemmel sonu\u00e7lar verir.<\/p>\n<p>\u00dcr\u00fcn, donma sonras\u0131 kazand\u0131\u011f\u0131 sertlik sayesinde, \u00f6l\u00e7\u00fc ka\u015f\u0131\u011f\u0131 gibi bir rol \u00fcstlenir, b\u00f6ylece yumu\u015fak dokular \u00fczerindeki bas\u0131nc\u0131 azaltarak hastan\u0131n konforunu art\u0131r\u0131r. Ayr\u0131ca, bu \u00f6zellik detayl\u0131 ve hassas \u00f6l\u00e7\u00fclerin al\u0131nmas\u0131na olanak tan\u0131r, bu da protez ve di\u011fer dental uygulamalar\u0131n do\u011frulu\u011funu art\u0131r\u0131r.<\/p>\n<\/div>\n<\/div>\n<\/div>\n<\/div>\n<\/div>\n<\/div>\n<\/div>\n<\/div>\n<\/div>\n<\/div>\n<\/div>\n<\/div>\n<\/div>\n<\/div>\n<\/div>\n<\/div>\n<\/div>\n<\/div>\n<\/div>\n<\/div>\n<\/div>\n<\/div>\n<\/div>\n<\/div>\n<\/div>\n<\/div>\n<\/div>\n<\/div>\n<\/div>\n<\/div>\n<\/div>\n<\/div>\n<\/div>\n<\/div>\n<\/div>\n<\/div>\n<\/div>\n<\/div>\n<\/div>\n<\/div>\n<\/div>\n<\/div>\n<\/div>\n<\/div>\n<\/div>\n<\/div>\n<\/div>\n<\/div>\n<\/div>\n<\/div>\n<\/div>\n<\/div>\n<\/div>\n<\/div>\n<\/div>\n<\/div>\n<\/div>\n<\/div>\n<\/div>\n<\/div>\n<\/div>\n<\/div>\n<\/div>\n<\/div>\n<\/div>\n<\/div>\n<\/div>\n<\/div>\n<\/div>\n<\/div>\n<\/div>\n<\/div>\n<\/div>\n<\/div>\n<\/div>\n<\/div>\n<\/div>\n<\/div>\n<\/div>\n<\/div>\n<\/div>\n<\/div>\n<\/div>\n<\/div>\n<\/div>\n<\/div>\n<\/div>\n<\/div>\n<\/div>\n<\/div>\n<\/div>\n<\/div>\n<\/div>\n<\/div>\n<\/div>\n<\/div>\n<\/div>\n<\/div>\n<\/div>\n<\/div>\n<\/div>\n<\/div>\n<\/div>\n<\/div>\n<\/div>\n<\/div>\n<\/div>\n<\/div>\n","protected":false},"excerpt":{"rendered":"<p>Zetaplus \u2013 \u043f\u0430\u0441\u0442\u043e\u043e\u0431\u0440\u0430\u0437\u043d\u044b\u0439 \u043c\u0430\u0442\u0435\u0440\u0438\u0430\u043b \u0434\u043b\u044f \u0441\u043d\u044f\u0442\u0438\u044f \u0437\u0443\u0431\u043d\u044b\u0445 \u043e\u0442\u0442\u0438\u0441\u043a\u043e\u0432 \u043d\u0430 \u043e\u0441\u043d\u043e\u0432\u0435 \u043a\u043e\u043d\u0434\u0435\u043d\u0441\u0430\u0446\u0438\u043e\u043d\u043d\u043e\u0433\u043e \u0441\u0438\u043b\u0438\u043a\u043e\u043d\u0430. \u042d\u0442\u043e\u0442 \u043f\u0440\u043e\u0434\u0443\u043a\u0442 \u043f\u043e\u0434\u0445\u043e\u0434\u0438\u0442 \u0434\u043b\u044f \u0440\u0430\u0437\u043b\u0438\u0447\u043d\u044b\u0445 \u043c\u0435\u0442\u043e\u0434\u043e\u0432 \u0441\u043d\u044f\u0442\u0438\u044f \u043e\u0442\u0442\u0438\u0441\u043a\u043e\u0432 \u0432 \u0441\u0442\u043e\u043c\u0430\u0442\u043e\u043b\u043e\u0433\u0438\u0438 \u0431\u043b\u0430\u0433\u043e\u0434\u0430\u0440\u044f \u0441\u0432\u043e\u0435\u0439 \u0432\u044b\u0441\u043e\u043a\u043e\u0439 \u043d\u0430\u0447\u0430\u043b\u044c\u043d\u043e\u0439 \u0442\u0435\u043a\u0443\u0447\u0435\u0441\u0442\u0438 \u0438 \u043e\u043f\u0442\u0438\u043c\u0430\u043b\u044c\u043d\u043e\u043c\u0443 \u0443\u0440\u043e\u0432\u043d\u044e \u0442\u0432\u0435\u0440\u0434\u043e\u0441\u0442\u0438, \u043a\u043e\u0442\u043e\u0440\u043e\u0433\u043e \u043e\u043d \u0434\u043e\u0441\u0442\u0438\u0433\u0430\u0435\u0442 \u043f\u043e\u0441\u043b\u0435 \u0437\u0430\u043c\u043e\u0440\u0430\u0436\u0438\u0432\u0430\u043d\u0438\u044f. Zetaplus \u0434\u0430\u0435\u0442 \u043f\u0440\u0435\u0432\u043e\u0441\u0445\u043e\u0434\u043d\u044b\u0435 \u0440\u0435\u0437\u0443\u043b\u044c\u0442\u0430\u0442\u044b, \u043e\u0441\u043e\u0431\u0435\u043d\u043d\u043e \u043f\u0440\u0438 \u0438\u0441\u043f\u043e\u043b\u044c\u0437\u043e\u0432\u0430\u043d\u0438\u0438 \u0441 Oranwash, \u043a\u043e\u0442\u043e\u0440\u044b\u0439 \u0438\u0441\u043f\u043e\u043b\u044c\u0437\u0443\u0435\u0442\u0441\u044f \u0432 \u043c\u0435\u0442\u043e\u0434\u0435 \u0434\u0432\u043e\u0439\u043d\u043e\u0433\u043e \u043e\u0442\u0442\u0438\u0441\u043a\u0430.<\/p>","protected":false},"featured_media":5751,"comment_status":"open","ping_status":"closed","template":"","meta":[],"product_brand":[],"product_cat":[1347,1375,1373],"product_tag":[1692,1702,1701,1559],"class_list":{"0":"post-4192","1":"product","2":"type-product","3":"status-publish","4":"has-post-thumbnail","6":"product_cat-protetik-tedavi","7":"product_cat-c-tipi","8":"product_cat-olcu-aletleri","9":"product_tag-c-tipi","10":"product_tag-olcu","11":"product_tag-zetaplus","12":"product_tag-zhermack","14":"first","15":"instock","16":"sale","17":"featured","18":"taxable","19":"shipping-taxable","20":"purchasable","21":"product-type-simple"},"_links":{"self":[{"href":"https:\/\/www.avrasyadental.com\/ru\/wp-json\/wp\/v2\/product\/4192","targetHints":{"allow":["GET"]}}],"collection":[{"href":"https:\/\/www.avrasyadental.com\/ru\/wp-json\/wp\/v2\/product"}],"about":[{"href":"https:\/\/www.avrasyadental.com\/ru\/wp-json\/wp\/v2\/types\/product"}],"replies":[{"embeddable":true,"href":"https:\/\/www.avrasyadental.com\/ru\/wp-json\/wp\/v2\/comments?post=4192"}],"wp:featuredmedia":[{"embeddable":true,"href":"https:\/\/www.avrasyadental.com\/ru\/wp-json\/wp\/v2\/media\/5751"}],"wp:attachment":[{"href":"https:\/\/www.avrasyadental.com\/ru\/wp-json\/wp\/v2\/media?parent=4192"}],"wp:term":[{"taxonomy":"product_brand","embeddable":true,"href":"https:\/\/www.avrasyadental.com\/ru\/wp-json\/wp\/v2\/product_brand?post=4192"},{"taxonomy":"product_cat","embeddable":true,"href":"https:\/\/www.avrasyadental.com\/ru\/wp-json\/wp\/v2\/product_cat?post=4192"},{"taxonomy":"product_tag","embeddable":true,"href":"https:\/\/www.avrasyadental.com\/ru\/wp-json\/wp\/v2\/product_tag?post=4192"}],"curies":[{"name":"wp","href":"https:\/\/api.w.org\/{rel}","templated":true}]}}