{"id":4206,"date":"2024-01-18T11:26:43","date_gmt":"2024-01-18T08:26:43","guid":{"rendered":"https:\/\/www.avrasyadental.com\/?post_type=product&#038;p=4206"},"modified":"2025-04-04T17:00:37","modified_gmt":"2025-04-04T14:00:37","slug":"zhermack-gingifast-rigid-sert-gingiva-maskesi","status":"publish","type":"product","link":"https:\/\/www.avrasyadental.com\/ru\/urun\/zhermack-gingifast-rigid-sert-gingiva-maskesi\/","title":{"rendered":"Zhermack Gingifast Rigid &#8211; Sert Gingiva Maskesi"},"content":{"rendered":"<p>Gingifast, di\u015feti maskesi uygulamalar\u0131 i\u00e7in tasarlanm\u0131\u015f y\u00fcksek hassasiyetli bir sert polivinilsiloksan (PVS) malzemedir. \u0130mplant ve sabit protez planlamas\u0131nda ideal olan bu malzeme, pratik kartu\u015f sistemi ve \u00f6zel u\u00e7lar\u0131 sayesinde kolay ve hassas uygulama imkan\u0131 sunar. Bu \u00f6zellikler, di\u015f hekimlerinin i\u015f ak\u0131\u015f\u0131n\u0131 h\u0131zland\u0131r\u0131r ve uygulamalar\u0131 daha verimli hale getirir.<\/p>\n<p>\u0418\u0437\u0434\u0435\u043b\u0438\u0435 \u043b\u0435\u0433\u043a\u043e \u0444\u0440\u0435\u0437\u0435\u0440\u0443\u0435\u0442\u0441\u044f (\u043f\u0440\u0438\u0434\u0430\u0435\u0442\u0441\u044f \u0444\u043e\u0440\u043c\u0430), \u0447\u0442\u043e \u044d\u043a\u043e\u043d\u043e\u043c\u0438\u0442 \u0432\u0440\u0435\u043c\u044f \u0432\u043e\u0441\u0441\u0442\u0430\u043d\u043e\u0432\u0438\u0442\u0435\u043b\u044c\u043d\u044b\u0445 \u043e\u043f\u0435\u0440\u0430\u0446\u0438\u0439 \u0438 \u043f\u043e\u0432\u044b\u0448\u0430\u0435\u0442 \u0442\u043e\u0447\u043d\u043e\u0441\u0442\u044c \u043f\u0440\u043e\u0446\u0435\u0441\u0441\u0430. \u0422\u043e\u0442 \u0444\u0430\u043a\u0442, \u0447\u0442\u043e \u0435\u0433\u043e \u043c\u043e\u0436\u043d\u043e \u0438\u0441\u043f\u043e\u043b\u044c\u0437\u043e\u0432\u0430\u0442\u044c \u043a\u0430\u043a \u043f\u0440\u044f\u043c\u044b\u043c (\u0432\u043e \u0440\u0442\u0443 \u043f\u0430\u0446\u0438\u0435\u043d\u0442\u0430), \u0442\u0430\u043a \u0438 \u043d\u0435\u043f\u0440\u044f\u043c\u044b\u043c (\u0432 \u043b\u0430\u0431\u043e\u0440\u0430\u0442\u043e\u0440\u043d\u044b\u0445 \u0443\u0441\u043b\u043e\u0432\u0438\u044f\u0445) \u043c\u0435\u0442\u043e\u0434\u0430\u043c, \u043f\u043e\u043a\u0430\u0437\u044b\u0432\u0430\u0435\u0442 \u0443\u043d\u0438\u0432\u0435\u0440\u0441\u0430\u043b\u044c\u043d\u043e\u0441\u0442\u044c \u044d\u0442\u043e\u0433\u043e \u043c\u0430\u0442\u0435\u0440\u0438\u0430\u043b\u0430.<\/p>","protected":false},"excerpt":{"rendered":"<p>Gingifast, di\u015feti maskesi uygulamalar\u0131 i\u00e7in tasarlanm\u0131\u015f y\u00fcksek hassasiyetli bir sert polivinilsiloksan (PVS) malzemedir. \u0130mplant ve sabit protez planlamas\u0131nda ideal olan bu malzeme, pratik kartu\u015f sistemi ve \u00f6zel u\u00e7lar\u0131 sayesinde kolay ve hassas uygulama imkan\u0131 sunar. Bu \u00f6zellikler, di\u015f hekimlerinin i\u015f ak\u0131\u015f\u0131n\u0131 h\u0131zland\u0131r\u0131r ve uygulamalar\u0131 daha verimli hale getirir.<\/p>","protected":false},"featured_media":5766,"comment_status":"open","ping_status":"closed","template":"","meta":[],"product_brand":[],"product_cat":[1362,1365,1347],"product_tag":[1709,1559],"class_list":{"0":"post-4206","1":"product","2":"type-product","3":"status-publish","4":"has-post-thumbnail","6":"product_cat-besleme-tamir","7":"product_cat-diger-besleme-tamir-urunleri","8":"product_cat-protetik-tedavi","9":"product_tag-gingifast","10":"product_tag-zhermack","12":"first","13":"instock","14":"sale","15":"featured","16":"taxable","17":"shipping-taxable","18":"purchasable","19":"product-type-simple"},"_links":{"self":[{"href":"https:\/\/www.avrasyadental.com\/ru\/wp-json\/wp\/v2\/product\/4206","targetHints":{"allow":["GET"]}}],"collection":[{"href":"https:\/\/www.avrasyadental.com\/ru\/wp-json\/wp\/v2\/product"}],"about":[{"href":"https:\/\/www.avrasyadental.com\/ru\/wp-json\/wp\/v2\/types\/product"}],"replies":[{"embeddable":true,"href":"https:\/\/www.avrasyadental.com\/ru\/wp-json\/wp\/v2\/comments?post=4206"}],"wp:featuredmedia":[{"embeddable":true,"href":"https:\/\/www.avrasyadental.com\/ru\/wp-json\/wp\/v2\/media\/5766"}],"wp:attachment":[{"href":"https:\/\/www.avrasyadental.com\/ru\/wp-json\/wp\/v2\/media?parent=4206"}],"wp:term":[{"taxonomy":"product_brand","embeddable":true,"href":"https:\/\/www.avrasyadental.com\/ru\/wp-json\/wp\/v2\/product_brand?post=4206"},{"taxonomy":"product_cat","embeddable":true,"href":"https:\/\/www.avrasyadental.com\/ru\/wp-json\/wp\/v2\/product_cat?post=4206"},{"taxonomy":"product_tag","embeddable":true,"href":"https:\/\/www.avrasyadental.com\/ru\/wp-json\/wp\/v2\/product_tag?post=4206"}],"curies":[{"name":"wp","href":"https:\/\/api.w.org\/{rel}","templated":true}]}}