{"id":4530,"date":"2024-01-22T17:27:01","date_gmt":"2024-01-22T14:27:01","guid":{"rendered":"https:\/\/www.avrasyadental.com\/?post_type=product&#038;p=4530"},"modified":"2025-04-10T16:02:15","modified_gmt":"2025-04-10T13:02:15","slug":"3m-scotchbond-universal-asit","status":"publish","type":"product","link":"https:\/\/www.avrasyadental.com\/ru\/urun\/3m-scotchbond-universal-asit\/","title":{"rendered":"3m Scotchbond Universal Asit"},"content":{"rendered":"<div class=\"flex-1 overflow-hidden\">\n<div class=\"react-scroll-to-bottom--css-lrffj-79elbk h-full\">\n<div class=\"react-scroll-to-bottom--css-lrffj-1n7m0yu\">\n<div class=\"flex flex-col pb-9 text-sm\">\n<div class=\"w-full text-token-text-primary\" data-testid=\"conversation-turn-39\">\n<div class=\"px-4 py-2 justify-center text-base md:gap-6 m-auto\">\n<div class=\"flex flex-1 text-base mx-auto gap-3 md:px-5 lg:px-1 xl:px-5 md:max-w-3xl lg:max-w-[40rem] xl:max-w-[48rem] group final-completion\">\n<div class=\"relative flex w-full flex-col lg:w-[calc(100%-115px)] agent-turn\">\n<div class=\"flex-col gap-1 md:gap-3\">\n<div class=\"flex flex-grow flex-col max-w-full\">\n<div class=\"min-h-[20px] text-message flex flex-col items-start gap-3 whitespace-pre-wrap break-words [.text-message+&amp;]:mt-5 overflow-x-auto\" data-message-author-role=\"assistant\" data-message-id=\"185902f3-710b-494d-9598-4155512f162b\">\n<div class=\"markdown prose w-full break-words dark:prose-invert light\">\n<div class=\"flex-1 overflow-hidden\">\n<div class=\"react-scroll-to-bottom--css-lrffj-79elbk h-full\">\n<div class=\"react-scroll-to-bottom--css-lrffj-1n7m0yu\">\n<div class=\"flex flex-col pb-9 text-sm\">\n<div class=\"w-full text-token-text-primary\" data-testid=\"conversation-turn-41\">\n<div class=\"px-4 py-2 justify-center text-base md:gap-6 m-auto\">\n<div class=\"flex flex-1 text-base mx-auto gap-3 md:px-5 lg:px-1 xl:px-5 md:max-w-3xl lg:max-w-[40rem] xl:max-w-[48rem] group final-completion\">\n<div class=\"relative flex w-full flex-col lg:w-[calc(100%-115px)] agent-turn\">\n<div class=\"flex-col gap-1 md:gap-3\">\n<div class=\"flex flex-grow flex-col max-w-full\">\n<div class=\"min-h-[20px] text-message flex flex-col items-start gap-3 whitespace-pre-wrap break-words [.text-message+&amp;]:mt-5 overflow-x-auto\" data-message-author-role=\"assistant\" data-message-id=\"1c247317-a1f8-4aa2-a608-206de6bd2dda\">\n<div class=\"markdown prose w-full break-words dark:prose-invert light\">\n<p>Kompozit esasl\u0131 materyallerin di\u015fe etkin bir \u015fekilde ba\u011flanmas\u0131 i\u00e7in, adeziv sistemler uygulanmadan \u00f6nce mine ve dentin y\u00fczeylerinin p\u00fcr\u00fczlendirilmesi gereklidir. Bu i\u015flem i\u00e7in kullan\u0131lan %35 ortofosforik asit i\u00e7erikli \u00fcr\u00fcn, mine ve dentinin y\u00fczeyini etkili bir \u015fekilde p\u00fcr\u00fczlendirir. Bu p\u00fcr\u00fczlendirme i\u015flemi, adezivin ve dolgunun di\u015fe daha s\u0131k\u0131 ve g\u00fc\u00e7l\u00fc bir \u015fekilde ba\u011flanmas\u0131n\u0131 sa\u011flar. Bu \u00f6n i\u015flem, kompozit restorasyonlar\u0131n ba\u015far\u0131s\u0131n\u0131 art\u0131r\u0131r ve restorasyonlar\u0131n di\u015f y\u00fczeyine daha iyi yap\u0131\u015fmas\u0131n\u0131 sa\u011flayarak uzun \u00f6m\u00fcrl\u00fc sonu\u00e7lar elde edilmesine katk\u0131da bulunur.<\/p>\n<\/div>\n<\/div>\n<\/div>\n<\/div>\n<\/div>\n<\/div>\n<\/div>\n<\/div>\n<\/div>\n<\/div>\n<\/div>\n<\/div>\n<\/div>\n<\/div>\n<\/div>\n<\/div>\n<\/div>\n<\/div>\n<\/div>\n<\/div>\n<\/div>\n<\/div>\n<\/div>\n<\/div>\n","protected":false},"excerpt":{"rendered":"<p>Kompozit esasl\u0131 materyallerin di\u015fe etkin bir \u015fekilde ba\u011flanmas\u0131 i\u00e7in, adeziv sistemler uygulanmadan \u00f6nce mine ve dentin y\u00fczeylerinin p\u00fcr\u00fczlendirilmesi gereklidir. Bu i\u015flem i\u00e7in kullan\u0131lan %35 ortofosforik asit i\u00e7erikli \u00fcr\u00fcn, mine ve dentinin y\u00fczeyini etkili bir \u015fekilde p\u00fcr\u00fczlendirir.<\/p>","protected":false},"featured_media":6155,"comment_status":"open","ping_status":"closed","template":"","meta":[],"product_brand":[],"product_cat":[1308,1310,1292],"product_tag":[1582],"class_list":{"0":"post-4530","1":"product","2":"type-product","3":"status-publish","4":"has-post-thumbnail","6":"product_cat-bond-asit","7":"product_cat-mavi-asit","8":"product_cat-restoratif","9":"product_tag-scothbond","11":"first","12":"instock","13":"sale","14":"featured","15":"taxable","16":"shipping-taxable","17":"purchasable","18":"product-type-simple"},"_links":{"self":[{"href":"https:\/\/www.avrasyadental.com\/ru\/wp-json\/wp\/v2\/product\/4530","targetHints":{"allow":["GET"]}}],"collection":[{"href":"https:\/\/www.avrasyadental.com\/ru\/wp-json\/wp\/v2\/product"}],"about":[{"href":"https:\/\/www.avrasyadental.com\/ru\/wp-json\/wp\/v2\/types\/product"}],"replies":[{"embeddable":true,"href":"https:\/\/www.avrasyadental.com\/ru\/wp-json\/wp\/v2\/comments?post=4530"}],"wp:featuredmedia":[{"embeddable":true,"href":"https:\/\/www.avrasyadental.com\/ru\/wp-json\/wp\/v2\/media\/6155"}],"wp:attachment":[{"href":"https:\/\/www.avrasyadental.com\/ru\/wp-json\/wp\/v2\/media?parent=4530"}],"wp:term":[{"taxonomy":"product_brand","embeddable":true,"href":"https:\/\/www.avrasyadental.com\/ru\/wp-json\/wp\/v2\/product_brand?post=4530"},{"taxonomy":"product_cat","embeddable":true,"href":"https:\/\/www.avrasyadental.com\/ru\/wp-json\/wp\/v2\/product_cat?post=4530"},{"taxonomy":"product_tag","embeddable":true,"href":"https:\/\/www.avrasyadental.com\/ru\/wp-json\/wp\/v2\/product_tag?post=4530"}],"curies":[{"name":"wp","href":"https:\/\/api.w.org\/{rel}","templated":true}]}}