{"id":4562,"date":"2024-01-24T11:23:56","date_gmt":"2024-01-24T08:23:56","guid":{"rendered":"https:\/\/www.avrasyadental.com\/?post_type=product&#038;p=4562"},"modified":"2025-06-03T15:41:41","modified_gmt":"2025-06-03T12:41:41","slug":"3m-polyether-adeziv-kirmizi","status":"publish","type":"product","link":"https:\/\/www.avrasyadental.com\/ru\/urun\/3m-polyether-adeziv-kirmizi\/","title":{"rendered":"3M Polyether Adeziv"},"content":{"rendered":"<p>Polyether Adhesive, polieter esasl\u0131 \u00f6l\u00e7\u00fc malzemeleri ile \u00f6l\u00e7\u00fc ka\u015f\u0131klar\u0131 (izlenim tablalar\u0131) aras\u0131nda g\u00fc\u00e7l\u00fc bir yap\u0131\u015fma y\u00fczeyi olu\u015fturarak \u00f6l\u00e7\u00fc i\u015fleminin g\u00fcvenilirli\u011fini art\u0131ran \u00f6zel bir adezivdir. Uygulama sonras\u0131nda yakla\u015f\u0131k 1 dakikal\u0131k kuruma s\u00fcresi, optimal sonu\u00e7lar elde edilmesi i\u00e7in idealdir. Bu s\u00fcrenin sonunda \u00f6l\u00e7\u00fc materyali tabloya s\u0131k\u0131ca tutunur ve \u00f6l\u00e7\u00fc s\u0131ras\u0131nda herhangi bir kayma ya da ayr\u0131lma riski en aza indirilmi\u015f olur.<\/p>","protected":false},"excerpt":{"rendered":"<p>Polyether Adhesive, polieter esasl\u0131 \u00f6l\u00e7\u00fc malzemeleri ile \u00f6l\u00e7\u00fc ka\u015f\u0131klar\u0131 (izlenim tablalar\u0131) aras\u0131nda g\u00fc\u00e7l\u00fc bir yap\u0131\u015fma y\u00fczeyi olu\u015fturarak \u00f6l\u00e7\u00fc i\u015fleminin g\u00fcvenilirli\u011fini art\u0131ran \u00f6zel bir adezivdir. Uygulama sonras\u0131nda yakla\u015f\u0131k 1 dakikal\u0131k kuruma s\u00fcresi, optimal sonu\u00e7lar elde edilmesi i\u00e7in idealdir. Bu s\u00fcrenin sonunda \u00f6l\u00e7\u00fc materyali tabloya s\u0131k\u0131ca tutunur ve \u00f6l\u00e7\u00fc s\u0131ras\u0131nda herhangi bir kayma ya da ayr\u0131lma riski en aza indirilmi\u015f olur.<\/p>","protected":false},"featured_media":7212,"comment_status":"open","ping_status":"closed","template":"","meta":[],"product_brand":[],"product_cat":[1380,1373,1347],"product_tag":[1587],"class_list":{"0":"post-4562","1":"product","2":"type-product","3":"status-publish","4":"has-post-thumbnail","6":"product_cat-diger-olcu-aletleri-urunleri","7":"product_cat-olcu-aletleri","8":"product_cat-protetik-tedavi","9":"product_tag-polyether","11":"first","12":"instock","13":"featured","14":"taxable","15":"shipping-taxable","16":"purchasable","17":"product-type-simple"},"_links":{"self":[{"href":"https:\/\/www.avrasyadental.com\/ru\/wp-json\/wp\/v2\/product\/4562","targetHints":{"allow":["GET"]}}],"collection":[{"href":"https:\/\/www.avrasyadental.com\/ru\/wp-json\/wp\/v2\/product"}],"about":[{"href":"https:\/\/www.avrasyadental.com\/ru\/wp-json\/wp\/v2\/types\/product"}],"replies":[{"embeddable":true,"href":"https:\/\/www.avrasyadental.com\/ru\/wp-json\/wp\/v2\/comments?post=4562"}],"wp:featuredmedia":[{"embeddable":true,"href":"https:\/\/www.avrasyadental.com\/ru\/wp-json\/wp\/v2\/media\/7212"}],"wp:attachment":[{"href":"https:\/\/www.avrasyadental.com\/ru\/wp-json\/wp\/v2\/media?parent=4562"}],"wp:term":[{"taxonomy":"product_brand","embeddable":true,"href":"https:\/\/www.avrasyadental.com\/ru\/wp-json\/wp\/v2\/product_brand?post=4562"},{"taxonomy":"product_cat","embeddable":true,"href":"https:\/\/www.avrasyadental.com\/ru\/wp-json\/wp\/v2\/product_cat?post=4562"},{"taxonomy":"product_tag","embeddable":true,"href":"https:\/\/www.avrasyadental.com\/ru\/wp-json\/wp\/v2\/product_tag?post=4562"}],"curies":[{"name":"wp","href":"https:\/\/api.w.org\/{rel}","templated":true}]}}