{"id":6247,"date":"2025-03-14T12:01:43","date_gmt":"2025-03-14T09:01:43","guid":{"rendered":"https:\/\/www.avrasyadental.com\/?post_type=product&#038;p=6247"},"modified":"2025-03-14T12:28:32","modified_gmt":"2025-03-14T09:28:32","slug":"septodont-racestyptine-solusyon","status":"publish","type":"product","link":"https:\/\/www.avrasyadental.com\/ru\/urun\/septodont-racestyptine-solusyon\/","title":{"rendered":"Septodont Racestyptine Solusyon"},"content":{"rendered":"<p>\u00d6zellikler:<br \/>\nAl\u00fcminyum klor\u00fcr, damarlar\u0131 b\u00fczerek kanama durdurucu etki g\u00f6sterir. Doku ve serum proteinleri ile etkile\u015ferek di\u015f etinin \u00fcst tabakas\u0131n\u0131n kas\u0131lmas\u0131n\u0131 sa\u011flar ve lokal hemostaz olu\u015fturur.<\/p>\n<p>Kullan\u0131m Alanlar\u0131:<\/p>\n<p>Gingival eksitasyon ve di\u015f eti kanamalar\u0131nda<br \/>\nRetraksiyon ipli\u011fi ile yap\u0131lan gingival retraksiyon i\u015flemlerinde<br \/>\nKullan\u0131m Talimatlar\u0131:<\/p>\n<p>Di\u015f eti kanamalar\u0131 ve eksitasyonunda: Pipet yard\u0131m\u0131yla 1-2 damla sol\u00fcsyon uygulay\u0131n veya bir par\u00e7a pamu\u011fu sol\u00fcsyona emdirerek di\u015f eti \u00fczerine yerle\u015ftirin. 1-2 dakika bekledikten sonra uygulama alan\u0131n\u0131 durulay\u0131n.<br \/>\nDi\u015f eti retraksiyonunda: Sulkusa retraksiyon ipini yerle\u015ftirin, ipli\u011fi sol\u00fcsyona emdirin ve 3-5 dakika bekletin. Ard\u0131ndan ipli\u011fi \u00e7\u0131kararak b\u00f6lgeyi iyice y\u0131kay\u0131n.<br \/>\nKontrendikasyonlar:<\/p>\n<p>Al\u00fcminyuma kar\u015f\u0131 alerjisi olan ki\u015filerde kullan\u0131lmamal\u0131d\u0131r.<br \/>\nKuinol i\u00e7eren maddelere a\u015f\u0131r\u0131 duyarl\u0131l\u0131k veya fotosensitivite \u00f6yk\u00fcs\u00fc olan bireylerde kullan\u0131lmamal\u0131d\u0131r.<\/p>","protected":false},"excerpt":{"rendered":"<p>Septodont Racestyptine Sol\u00fcsyon, %25 dehidrate al\u00fcminyum klor\u00fcr, oksikuinol ve hidroalkolik bile\u015fenler i\u00e7eren, di\u015f eti kanamalar\u0131n\u0131 durdurmaya ve gingival retraksiyon i\u015flemlerine yard\u0131mc\u0131 olan profesyonel bir sol\u00fcsyondur. Al\u00fcminyum klor\u00fcr, damarlar\u0131 b\u00fczerek lokal hemostaz sa\u011flar ve di\u015f eti y\u00fczeyinde kas\u0131lmaya neden olur. Gingival eksitasyon ve kanamalarda, pipetle 1-2 damla uygulanarak veya pamukla di\u015f etine temas ettirilerek kullan\u0131l\u0131r. Retraksiyon i\u015flemlerinde, retraksiyon ipine emdirilerek 3-5 dakika bekletilir. Al\u00fcminyum ve kuinol bile\u015fenlerine kar\u015f\u0131 alerjisi olan bireylerde kullan\u0131lmamal\u0131d\u0131r. Profesyonel kullan\u0131m i\u00e7in uygundur.<\/p>","protected":false},"featured_media":6248,"comment_status":"open","ping_status":"closed","template":"","meta":[],"product_brand":[],"product_cat":[1352],"product_tag":[],"class_list":{"0":"post-6247","1":"product","2":"type-product","3":"status-publish","4":"has-post-thumbnail","6":"product_cat-retraksiyon-ipi","8":"first","9":"instock","10":"sale","11":"taxable","12":"shipping-taxable","13":"purchasable","14":"product-type-simple"},"_links":{"self":[{"href":"https:\/\/www.avrasyadental.com\/ru\/wp-json\/wp\/v2\/product\/6247","targetHints":{"allow":["GET"]}}],"collection":[{"href":"https:\/\/www.avrasyadental.com\/ru\/wp-json\/wp\/v2\/product"}],"about":[{"href":"https:\/\/www.avrasyadental.com\/ru\/wp-json\/wp\/v2\/types\/product"}],"replies":[{"embeddable":true,"href":"https:\/\/www.avrasyadental.com\/ru\/wp-json\/wp\/v2\/comments?post=6247"}],"wp:featuredmedia":[{"embeddable":true,"href":"https:\/\/www.avrasyadental.com\/ru\/wp-json\/wp\/v2\/media\/6248"}],"wp:attachment":[{"href":"https:\/\/www.avrasyadental.com\/ru\/wp-json\/wp\/v2\/media?parent=6247"}],"wp:term":[{"taxonomy":"product_brand","embeddable":true,"href":"https:\/\/www.avrasyadental.com\/ru\/wp-json\/wp\/v2\/product_brand?post=6247"},{"taxonomy":"product_cat","embeddable":true,"href":"https:\/\/www.avrasyadental.com\/ru\/wp-json\/wp\/v2\/product_cat?post=6247"},{"taxonomy":"product_tag","embeddable":true,"href":"https:\/\/www.avrasyadental.com\/ru\/wp-json\/wp\/v2\/product_tag?post=6247"}],"curies":[{"name":"wp","href":"https:\/\/api.w.org\/{rel}","templated":true}]}}