{"id":6394,"date":"2025-04-11T17:24:25","date_gmt":"2025-04-11T14:24:25","guid":{"rendered":"https:\/\/www.avrasyadental.com\/?post_type=product&#038;p=6394"},"modified":"2025-05-27T15:13:28","modified_gmt":"2025-05-27T12:13:28","slug":"solventum-3m-filtek-one-bulk-fill-restorative-62-kampanyasi","status":"publish","type":"product","link":"https:\/\/www.avrasyadental.com\/ru\/urun\/solventum-3m-filtek-one-bulk-fill-restorative-62-kampanyasi\/","title":{"rendered":"Solventum 3M Filtek One Bulk Fill Restorative 6+2 Kampanyas\u0131"},"content":{"rendered":"<p class=\"\" data-start=\"78\" data-end=\"380\">3M Filtek One Bulk Fill, y\u00fcksek opasitesiyle geli\u015fmi\u015f estetik sunar ve pahal\u0131 cihazlara gerek kalmadan kolay \u015fekillendirme ve uygulama imk\u00e2n\u0131 sa\u011flar. Tek ad\u0131mda 5 mm\u2019ye kadar yerle\u015ftirilebilen yap\u0131s\u0131yla zaman kazand\u0131r\u0131r. 3M\u2019in nano teknolojisi sayesinde \u00fcst\u00fcn a\u015f\u0131nma direnci ve cila tutuculu\u011fu sunar.<\/p>\n<p class=\"\" data-start=\"382\" data-end=\"409\"><strong data-start=\"382\" data-end=\"407\">\u00d6ne \u00c7\u0131kan \u00d6zellikler:<\/strong><\/p>\n<ul data-start=\"410\" data-end=\"571\">\n<li class=\"\" data-start=\"410\" data-end=\"456\">\n<p class=\"\" data-start=\"412\" data-end=\"456\">5 farkl\u0131 renk se\u00e7ene\u011fi: A1, A2, A3, B1, C2<\/p>\n<\/li>\n<li class=\"\" data-start=\"457\" data-end=\"480\">\n<p class=\"\" data-start=\"459\" data-end=\"480\">Y\u00fcksek radyoopasite<\/p>\n<\/li>\n<li class=\"\" data-start=\"481\" data-end=\"520\">\n<p class=\"\" data-start=\"483\" data-end=\"520\">M\u00fckemmel adaptasyon ve manip\u00fclasyon<\/p>\n<\/li>\n<li class=\"\" data-start=\"521\" data-end=\"571\">\n<p class=\"\" data-start=\"523\" data-end=\"571\">Gerilim giderici yap\u0131 ile derin polimerizasyon<\/p>\n<\/li>\n<\/ul>\n<p class=\"\" data-start=\"573\" data-end=\"597\"><strong data-start=\"573\" data-end=\"595\">Kullan\u0131m Alanlar\u0131:<\/strong><\/p>\n<ul data-start=\"598\" data-end=\"735\" data-is-last-node=\"\" data-is-only-node=\"\">\n<li class=\"\" data-start=\"598\" data-end=\"633\">\n<p class=\"\" data-start=\"600\" data-end=\"633\">Direkt posterior restorasyonlar<\/p>\n<\/li>\n<li class=\"\" data-start=\"634\" data-end=\"662\">\n<p class=\"\" data-start=\"636\" data-end=\"662\">Kor yap\u0131m\u0131 ve splintleme<\/p>\n<\/li>\n<li class=\"\" data-start=\"663\" data-end=\"691\">\n<p class=\"\" data-start=\"665\" data-end=\"691\">S\u00fct di\u015fi restorasyonlar\u0131<\/p>\n<\/li>\n<li class=\"\" data-start=\"692\" data-end=\"735\">\n<p class=\"\" data-start=\"694\" data-end=\"735\">Molar ve premolarda derin fiss\u00fcr \u00f6rt\u00fcleme<\/p>\n<\/li>\n<\/ul>\n<p>Bu kampanya di\u011fer kampanya ve hediyelerle birle\u015ftirilemez.<\/p>","protected":false},"excerpt":{"rendered":"<p>3M Filtek One Bulk Fill, y\u00fcksek opasitesiyle geli\u015fmi\u015f estetik sunar ve pahal\u0131 cihazlara gerek kalmadan kolay \u015fekillendirme ve uygulama imk\u00e2n\u0131 sa\u011flar. Tek ad\u0131mda 5 mm\u2019ye kadar yerle\u015ftirilebilen yap\u0131s\u0131yla zaman kazand\u0131r\u0131r.<\/p>\n<p>Bu kampanya di\u011fer kampanya ve hediyelerle birle\u015ftirilemez.<\/p>","protected":false},"featured_media":7137,"comment_status":"open","ping_status":"closed","template":"","meta":[],"product_brand":[],"product_cat":[1817,1293,1296,1292,1486],"product_tag":[1607,1729,1613,1614,1726],"class_list":{"0":"post-6394","1":"product","2":"type-product","3":"status-publish","4":"has-post-thumbnail","6":"product_cat-kampanyalar","7":"product_cat-kompozit","8":"product_cat-posterior-kompozit","9":"product_cat-restoratif","10":"product_cat-universal-kompozit","11":"product_tag-3m","12":"product_tag-bulk","13":"product_tag-kompozit","14":"product_tag-posterior","15":"product_tag-solventum","17":"first","18":"instock","19":"taxable","20":"shipping-taxable","21":"purchasable","22":"product-type-variable"},"_links":{"self":[{"href":"https:\/\/www.avrasyadental.com\/ru\/wp-json\/wp\/v2\/product\/6394","targetHints":{"allow":["GET"]}}],"collection":[{"href":"https:\/\/www.avrasyadental.com\/ru\/wp-json\/wp\/v2\/product"}],"about":[{"href":"https:\/\/www.avrasyadental.com\/ru\/wp-json\/wp\/v2\/types\/product"}],"replies":[{"embeddable":true,"href":"https:\/\/www.avrasyadental.com\/ru\/wp-json\/wp\/v2\/comments?post=6394"}],"wp:featuredmedia":[{"embeddable":true,"href":"https:\/\/www.avrasyadental.com\/ru\/wp-json\/wp\/v2\/media\/7137"}],"wp:attachment":[{"href":"https:\/\/www.avrasyadental.com\/ru\/wp-json\/wp\/v2\/media?parent=6394"}],"wp:term":[{"taxonomy":"product_brand","embeddable":true,"href":"https:\/\/www.avrasyadental.com\/ru\/wp-json\/wp\/v2\/product_brand?post=6394"},{"taxonomy":"product_cat","embeddable":true,"href":"https:\/\/www.avrasyadental.com\/ru\/wp-json\/wp\/v2\/product_cat?post=6394"},{"taxonomy":"product_tag","embeddable":true,"href":"https:\/\/www.avrasyadental.com\/ru\/wp-json\/wp\/v2\/product_tag?post=6394"}],"curies":[{"name":"wp","href":"https:\/\/api.w.org\/{rel}","templated":true}]}}